{"id":692,"date":"2020-08-21T06:04:33","date_gmt":"2020-08-21T06:04:33","guid":{"rendered":"https:\/\/network2innovate.com\/veiligwerk3\/testimonials\/"},"modified":"2025-05-19T13:43:38","modified_gmt":"2025-05-19T13:43:38","slug":"entreprise","status":"publish","type":"page","link":"https:\/\/safetyfirst.app\/fr\/entreprise\/","title":{"rendered":"A propos de SafetyFirst"},"content":{"rendered":"\n<div class=\"wp-block-cover alignfull is-light coverVW\" style=\"padding-top:0;padding-right:0;padding-bottom:0;padding-left:0\"><img loading=\"lazy\" decoding=\"async\" width=\"1200\" height=\"630\" class=\"wp-block-cover__image-background wp-image-2626\" alt=\"\" src=\"https:\/\/safetyfirst.app\/fr\/wp-content\/uploads\/sites\/6\/2022\/11\/Leeuwenveldseweg-e1669299733634.png\" style=\"object-position:51% 1%\" data-object-fit=\"cover\" data-object-position=\"51% 1%\" srcset=\"https:\/\/safetyfirst.app\/fr\/wp-content\/uploads\/sites\/6\/2022\/11\/Leeuwenveldseweg-e1669299733634.png 1200w, https:\/\/safetyfirst.app\/fr\/wp-content\/uploads\/sites\/6\/2022\/11\/Leeuwenveldseweg-e1669299733634-300x158.png 300w, https:\/\/safetyfirst.app\/fr\/wp-content\/uploads\/sites\/6\/2022\/11\/Leeuwenveldseweg-e1669299733634-1024x538.png 1024w, https:\/\/safetyfirst.app\/fr\/wp-content\/uploads\/sites\/6\/2022\/11\/Leeuwenveldseweg-e1669299733634-768x403.png 768w\" sizes=\"auto, (max-width: 1200px) 100vw, 1200px\" \/><span aria-hidden=\"true\" class=\"wp-block-cover__background has-background-dim\"><\/span><div class=\"wp-block-cover__inner-container is-layout-flow wp-block-cover-is-layout-flow\">\n<div class=\"wp-block-group is-layout-flow wp-block-group-is-layout-flow\">\n<div class=\"wp-block-columns is-layout-flex wp-container-core-columns-is-layout-28f84493 wp-block-columns-is-layout-flex\">\n<div class=\"wp-block-column is-layout-flow wp-block-column-is-layout-flow\">\n<h2 class=\"wp-block-heading has-text-align-center\"><mark class=\"has-inline-color has-vw-yellow-text-color\">Safety<\/mark> <mark class=\"has-inline-color has-background-color\">First d\u00e9veloppe des applications pour la s\u00e9curit\u00e9 <\/mark><mark class=\"has-inline-color has-vw-yellow-text-color\">dans de nombreux secteurs<\/mark><\/h2>\n<\/div>\n<\/div>\n<\/div>\n<\/div><\/div>\n\n\n\n<div class=\"wp-block-group alignfull has-primary-background-color has-background is-vertical is-layout-flex wp-container-core-group-is-layout-3133e06d wp-block-group-is-layout-flex\" style=\"margin-top:0px\">\n<div class=\"wp-block-columns is-layout-flex wp-container-core-columns-is-layout-28f84493 wp-block-columns-is-layout-flex\">\n<div class=\"wp-block-column is-vertically-aligned-center breadcrumb is-layout-flow wp-block-column-is-layout-flow\">\n<p class=\"has-medium-font-size\"><a href=\"https:\/\/safetyfirst.app\/fr\/entreprise\/\">Entreprise<\/a><\/p>\n\n\n<h1 style=\"font-style:normal;font-weight:600;\" class=\"wp-block-post-title has-text-color has-background-color has-big-font-size\">A propos de SafetyFirst<\/h1><\/div>\n<\/div>\n<\/div>\n\n\n\n<div class=\"wp-block-columns is-layout-flex wp-container-core-columns-is-layout-28f84493 wp-block-columns-is-layout-flex\">\n<div class=\"wp-block-column is-layout-flow wp-block-column-is-layout-flow\">\n<h2 class=\"wp-block-heading\">Notre <br>vision<\/h2>\n\n\n\n<p>La vision \u00e0 long terme de SafetyFirst est de permettre aux personnes et aux entreprises de nombreux secteurs d&rsquo;am\u00e9liorer la s\u00e9curit\u00e9 dans leur environnement de travail, afin que chacun puisse rentrer chez lui en bonne sant\u00e9 apr\u00e8s le travail, alors que les entreprises deviennent plus productives et se conforment mieux aux r\u00e9glementations l\u00e9gales.<\/p>\n<\/div>\n\n\n\n<div class=\"wp-block-column is-layout-flow wp-block-column-is-layout-flow\">\n<h2 class=\"wp-block-heading\">Notre <br>\u00e9quipe<\/h2>\n\n\n\n<p>SafetyFirst est un groupe diversifi\u00e9 de personnes poss\u00e9dant des connaissances et de l&rsquo;exp\u00e9rience travaillent pour appliquer de mani\u00e8re cr\u00e9ative des technologies innovantes aux menaces souvent complexes et diverses des situations de travail modernes.<\/p>\n<\/div>\n\n\n\n<div class=\"wp-block-column is-layout-flow wp-block-column-is-layout-flow\">\n<h2 class=\"wp-block-heading\">Notre histoire<\/h2>\n\n\n\n<p>En 2015, l&rsquo;entreprise de construction Heijmans a demand\u00e9 \u00e0 VeiligWerk de d\u00e9velopper une application mobile dans le cadre de son programme de s\u00e9curit\u00e9 GO! Aucun accident. Le besoin d&rsquo;une solution de s\u00e9curit\u00e9 comprenant une application conviviale s&rsquo;est av\u00e9r\u00e9 croissant.<\/p>\n<\/div>\n\n\n\n<div class=\"wp-block-column is-layout-flow wp-block-column-is-layout-flow\">\n<h2 class=\"wp-block-heading\">Une partie de Pro4all<\/h2>\n\n\n\n<p>SafetyFirst fait partie de l&rsquo;\u00e9cosyst\u00e8me Pro4all : un ensemble d&rsquo;outils num\u00e9riques con\u00e7us pour aider les \u00e9quipes de construction \u00e0 travailler de mani\u00e8re plus intelligente, plus s\u00fbre et plus collaborative \u00e0 chaque \u00e9tape d&rsquo;un projet. Pour en savoir plus, consultez le site <a href=\"https:\/\/www.pro4all.com\/about-us\/\">pro4all.com<\/a>.<\/p>\n<\/div>\n<\/div>\n\n\n\n<div class=\"wp-block-columns is-layout-flex wp-container-core-columns-is-layout-28f84493 wp-block-columns-is-layout-flex\">\n<div class=\"wp-block-column is-layout-flow wp-block-column-is-layout-flow\" style=\"flex-basis:25%\"><\/div>\n\n\n\n<div class=\"wp-block-column is-layout-flow wp-block-column-is-layout-flow\" style=\"flex-basis:50%\">\n<figure class=\"wp-block-video\"><video controls src=\"https:\/\/files.veiligwerk.net\/b0215cb0-b7ff-11ea-8cb5-d106a93d3657\/639082d18050c10596f1dc5e\/SafetyFirst50sec.mp4\"><\/video><\/figure>\n<\/div>\n\n\n\n<div class=\"wp-block-column is-layout-flow wp-block-column-is-layout-flow\" style=\"flex-basis:25%\"><\/div>\n<\/div>\n\n\n\n<p><\/p>\n","protected":false},"excerpt":{"rendered":"<p>Entreprise Notre vision La vision \u00e0 long terme de SafetyFirst est de permettre aux personnes et aux entreprises de nombreux secteurs d&rsquo;am\u00e9liorer la s\u00e9curit\u00e9 dans leur environnement de travail, afin que chacun puisse rentrer chez lui en bonne sant\u00e9 apr\u00e8s le travail, alors que les entreprises deviennent plus productives et se conforment mieux aux r\u00e9glementations [&hellip;]<\/p>\n","protected":false},"author":1,"featured_media":0,"parent":0,"menu_order":0,"comment_status":"closed","ping_status":"closed","template":"","meta":{"footnotes":""},"class_list":["post-692","page","type-page","status-publish","hentry"],"_links":{"self":[{"href":"https:\/\/safetyfirst.app\/fr\/wp-json\/wp\/v2\/pages\/692","targetHints":{"allow":["GET"]}}],"collection":[{"href":"https:\/\/safetyfirst.app\/fr\/wp-json\/wp\/v2\/pages"}],"about":[{"href":"https:\/\/safetyfirst.app\/fr\/wp-json\/wp\/v2\/types\/page"}],"author":[{"embeddable":true,"href":"https:\/\/safetyfirst.app\/fr\/wp-json\/wp\/v2\/users\/1"}],"replies":[{"embeddable":true,"href":"https:\/\/safetyfirst.app\/fr\/wp-json\/wp\/v2\/comments?post=692"}],"version-history":[{"count":41,"href":"https:\/\/safetyfirst.app\/fr\/wp-json\/wp\/v2\/pages\/692\/revisions"}],"predecessor-version":[{"id":3017,"href":"https:\/\/safetyfirst.app\/fr\/wp-json\/wp\/v2\/pages\/692\/revisions\/3017"}],"wp:attachment":[{"href":"https:\/\/safetyfirst.app\/fr\/wp-json\/wp\/v2\/media?parent=692"}],"curies":[{"name":"wp","href":"https:\/\/api.w.org\/{rel}","templated":true}]}}