{"id":2117,"date":"2022-10-12T12:30:57","date_gmt":"2022-10-12T12:30:57","guid":{"rendered":"https:\/\/network2innovate.com\/veiligwerk1\/?page_id=2117"},"modified":"2023-01-11T21:53:49","modified_gmt":"2023-01-11T21:53:49","slug":"industrie","status":"publish","type":"page","link":"https:\/\/safetyfirst.app\/fr\/industrie\/","title":{"rendered":"Logiciel de s\u00e9curit\u00e9 pour l&rsquo;Industrie et la Maintenance"},"content":{"rendered":"\n<div class=\"wp-block-cover alignfull coverVW coverVW_narrow\"><span aria-hidden=\"true\" class=\"wp-block-cover__background has-background-dim\"><\/span><img loading=\"lazy\" decoding=\"async\" width=\"1024\" height=\"576\" class=\"wp-block-cover__image-background wp-image-2796\" alt=\"\" src=\"https:\/\/safetyfirst.app\/fr\/wp-content\/uploads\/sites\/6\/2022\/11\/banner-industry-istock.png\" style=\"object-position:49% 33%\" data-object-fit=\"cover\" data-object-position=\"49% 33%\" srcset=\"https:\/\/safetyfirst.app\/fr\/wp-content\/uploads\/sites\/6\/2022\/11\/banner-industry-istock.png 1024w, https:\/\/safetyfirst.app\/fr\/wp-content\/uploads\/sites\/6\/2022\/11\/banner-industry-istock-300x169.png 300w, https:\/\/safetyfirst.app\/fr\/wp-content\/uploads\/sites\/6\/2022\/11\/banner-industry-istock-768x432.png 768w\" sizes=\"auto, (max-width: 1024px) 100vw, 1024px\" \/><div class=\"wp-block-cover__inner-container is-layout-flow wp-block-cover-is-layout-flow\">\n<p class=\"has-text-align-center has-large-font-size\"><\/p>\n<\/div><\/div>\n\n\n\n<div class=\"wp-block-group alignfull has-primary-background-color has-background is-vertical is-layout-flex wp-container-core-group-is-layout-16b6c07a wp-block-group-is-layout-flex\" style=\"margin-top:0px\">\n<div class=\"wp-block-columns is-layout-flex wp-container-core-columns-is-layout-28f84493 wp-block-columns-is-layout-flex\">\n<div class=\"wp-block-column breadcrumb is-layout-flow wp-block-column-is-layout-flow\">\n<p class=\"has-medium-font-size\"><a href=\"https:\/\/safetyfirst.app\/fr\/secteurs\" data-type=\"URL\">Secteurs<\/a><\/p>\n\n\n<h1 style=\"font-style:normal;font-weight:600;\" class=\"wp-block-post-title has-text-color has-background-color has-big-font-size\">Logiciel de s\u00e9curit\u00e9 pour l&rsquo;Industrie et la Maintenance<\/h1><\/div>\n<\/div>\n<\/div>\n\n\n\n<div class=\"wp-block-group alignwide is-layout-flow wp-block-group-is-layout-flow\" style=\"padding-bottom:40px\">\n<h2 class=\"alignwide has-text-align-center has-padding-top wp-block-heading\">Assurez la s\u00e9curit\u00e9 et la conformit\u00e9 de votre organisation avec le logiciel HSE&nbsp;<mark><mark style=\"background-color:#ffffff\" class=\"has-inline-color has-vw-yellow-text-color\">Safety<\/mark><\/mark>First<\/h2>\n\n\n\n<p class=\"has-text-align-center\">Notre&nbsp;<mark><mark style=\"background-color:#ffffff\" class=\"has-inline-color has-vw-yellow-text-color\">plateforme<\/mark><\/mark>&nbsp;permet aux entreprises dans l&rsquo;industrie et la maintenance de g\u00e9rer les rapports d\u2019incidents, les inspections, les r\u00e9unions et les flux d\u2019information sur la s\u00e9curit\u00e9<\/p>\n<\/div>\n\n\n\n<div class=\"wp-block-group alignfull has-tertiary-background-color has-background is-nowrap is-layout-flex wp-container-core-group-is-layout-48f57713 wp-block-group-is-layout-flex\" style=\"padding-top:40px;padding-bottom:60px\">\n<div class=\"wp-block-columns is-layout-flex wp-container-core-columns-is-layout-28f84493 wp-block-columns-is-layout-flex\">\n<div class=\"wp-block-column is-layout-flow wp-block-column-is-layout-flow\" style=\"flex-basis:100%\">\n<div class=\"wp-block-columns alignfull are-vertically-aligned-center is-layout-flex wp-container-core-columns-is-layout-b1f004bc wp-block-columns-is-layout-flex\" style=\"padding-top:40px;padding-bottom:60px\">\n<div class=\"wp-block-column is-vertically-aligned-center is-layout-flow wp-block-column-is-layout-flow\">\n<div class=\"wp-block-columns is-not-stacked-on-mobile is-layout-flex wp-container-core-columns-is-layout-28f84493 wp-block-columns-is-layout-flex\">\n<div class=\"wp-block-column is-layout-flow wp-block-column-is-layout-flow\">\n<div class=\"wp-block-columns is-layout-flex wp-container-core-columns-is-layout-28f84493 wp-block-columns-is-layout-flex\">\n<div class=\"wp-block-column is-layout-flow wp-block-column-is-layout-flow\" style=\"flex-basis:33.33%\">\n<div style=\"height:100px\" aria-hidden=\"true\" class=\"wp-block-spacer\"><\/div>\n<\/div>\n\n\n\n<div class=\"wp-block-column is-layout-flow wp-block-column-is-layout-flow\" style=\"flex-basis:66.66%\">\n<figure class=\"wp-block-image size-full\"><img loading=\"lazy\" decoding=\"async\" width=\"800\" height=\"800\" src=\"https:\/\/safetyfirst.app\/fr\/wp-content\/uploads\/sites\/6\/2022\/10\/maintenance3.jpg\" alt=\"\" class=\"wp-image-2141\" srcset=\"https:\/\/safetyfirst.app\/fr\/wp-content\/uploads\/sites\/6\/2022\/10\/maintenance3.jpg 800w, https:\/\/safetyfirst.app\/fr\/wp-content\/uploads\/sites\/6\/2022\/10\/maintenance3-300x300.jpg 300w, https:\/\/safetyfirst.app\/fr\/wp-content\/uploads\/sites\/6\/2022\/10\/maintenance3-150x150.jpg 150w, https:\/\/safetyfirst.app\/fr\/wp-content\/uploads\/sites\/6\/2022\/10\/maintenance3-768x768.jpg 768w\" sizes=\"auto, (max-width: 800px) 100vw, 800px\" \/><\/figure>\n<\/div>\n<\/div>\n\n\n\n<figure class=\"wp-block-image size-full\"><img loading=\"lazy\" decoding=\"async\" width=\"800\" height=\"800\" src=\"https:\/\/safetyfirst.app\/fr\/wp-content\/uploads\/sites\/6\/2022\/10\/maintenance2.jpg\" alt=\"\" class=\"wp-image-2140\" srcset=\"https:\/\/safetyfirst.app\/fr\/wp-content\/uploads\/sites\/6\/2022\/10\/maintenance2.jpg 800w, https:\/\/safetyfirst.app\/fr\/wp-content\/uploads\/sites\/6\/2022\/10\/maintenance2-300x300.jpg 300w, https:\/\/safetyfirst.app\/fr\/wp-content\/uploads\/sites\/6\/2022\/10\/maintenance2-150x150.jpg 150w, https:\/\/safetyfirst.app\/fr\/wp-content\/uploads\/sites\/6\/2022\/10\/maintenance2-768x768.jpg 768w\" sizes=\"auto, (max-width: 800px) 100vw, 800px\" \/><\/figure>\n<\/div>\n\n\n\n<div class=\"wp-block-column is-layout-flow wp-block-column-is-layout-flow\">\n<figure class=\"wp-block-image size-full\"><img loading=\"lazy\" decoding=\"async\" width=\"800\" height=\"800\" src=\"https:\/\/safetyfirst.app\/fr\/wp-content\/uploads\/sites\/6\/2022\/10\/industry2.jpg\" alt=\"\" class=\"wp-image-2137\" srcset=\"https:\/\/safetyfirst.app\/fr\/wp-content\/uploads\/sites\/6\/2022\/10\/industry2.jpg 800w, https:\/\/safetyfirst.app\/fr\/wp-content\/uploads\/sites\/6\/2022\/10\/industry2-300x300.jpg 300w, https:\/\/safetyfirst.app\/fr\/wp-content\/uploads\/sites\/6\/2022\/10\/industry2-150x150.jpg 150w, https:\/\/safetyfirst.app\/fr\/wp-content\/uploads\/sites\/6\/2022\/10\/industry2-768x768.jpg 768w\" sizes=\"auto, (max-width: 800px) 100vw, 800px\" \/><\/figure>\n\n\n\n<div class=\"wp-block-columns is-layout-flex wp-container-core-columns-is-layout-28f84493 wp-block-columns-is-layout-flex\">\n<div class=\"wp-block-column is-layout-flow wp-block-column-is-layout-flow\" style=\"flex-basis:66.66%\">\n<figure class=\"wp-block-image size-full\"><img loading=\"lazy\" decoding=\"async\" width=\"510\" height=\"510\" src=\"https:\/\/safetyfirst.app\/fr\/wp-content\/uploads\/sites\/6\/2022\/10\/maintenance-1.jpg\" alt=\"\" class=\"wp-image-2138\" srcset=\"https:\/\/safetyfirst.app\/fr\/wp-content\/uploads\/sites\/6\/2022\/10\/maintenance-1.jpg 510w, https:\/\/safetyfirst.app\/fr\/wp-content\/uploads\/sites\/6\/2022\/10\/maintenance-1-300x300.jpg 300w, https:\/\/safetyfirst.app\/fr\/wp-content\/uploads\/sites\/6\/2022\/10\/maintenance-1-150x150.jpg 150w\" sizes=\"auto, (max-width: 510px) 100vw, 510px\" \/><\/figure>\n<\/div>\n\n\n\n<div class=\"wp-block-column is-layout-flow wp-block-column-is-layout-flow\" style=\"flex-basis:33.33%\"><\/div>\n<\/div>\n<\/div>\n<\/div>\n<\/div>\n\n\n\n<div class=\"wp-block-column is-layout-flow wp-block-column-is-layout-flow\" style=\"flex-basis:1%\"><\/div>\n\n\n\n<div class=\"wp-block-column is-vertically-aligned-center is-layout-flow wp-block-column-is-layout-flow\">\n<h2 class=\"wp-block-heading\">Logiciel de <mark class=\"has-inline-color has-vw-yellow-text-color\">s\u00e9curit\u00e9<\/mark> pour l&rsquo;industrie et la maintenance<\/h2>\n\n\n\n<p>Que vous travailliez dans l&rsquo;industrie ou que vous vous concentriez sur des travaux de maintenance ou de recyclage, il est vital pour votre organisation de s&rsquo;assurer que toutes les machines et tous les services fonctionnent correctement et en toute s\u00e9curit\u00e9. Des inspections sont effectu\u00e9es quotidiennement par une vari\u00e9t\u00e9 d&#8217;employ\u00e9s et de sous-traitants embauch\u00e9s. Comment les suivre efficacement ?<\/p>\n\n\n\n<p>C&rsquo;est l\u00e0 qu&rsquo;intervient SafetyFirst. Nos modules d&rsquo;inspection et d&rsquo;\u00e9valuation des risques vous permettent de configurer, d&rsquo;attribuer et de suivre facilement les inspections et les \u00e9valuations des risques. Combin\u00e9 avec les fonctionnalit\u00e9s de rapport et de suivi des incidents, vous avez toujours un aper\u00e7u des performances de s\u00e9curit\u00e9 de votre organisation.<\/p>\n<\/div>\n<\/div>\n<\/div>\n<\/div>\n<\/div>\n\n\n\n<div class=\"wp-block-cover alignfull is-light has-parallax vwCoverHome2\" style=\"padding-top:0px;padding-right:0px;padding-bottom:0px;padding-left:0px;min-height:400px;aspect-ratio:unset;\"><span aria-hidden=\"true\" class=\"wp-block-cover__background has-luminous-vivid-amber-background-color has-background-dim-60 has-background-dim\"><\/span><div role=\"img\" class=\"wp-block-cover__image-background wp-image-1691 has-parallax\" style=\"background-position:50% 50%;background-image:url(https:\/\/safetyfirst.app\/fr\/wp-content\/uploads\/sites\/6\/2022\/10\/christopher-burns-368617-unsplash.jpg)\"><\/div><div class=\"wp-block-cover__inner-container is-layout-flow wp-block-cover-is-layout-flow\">\n<h2 class=\"has-text-align-center has-background-color has-text-color has-large-font-size wp-block-heading\">Digitalisez vos processus de s\u00e9curit\u00e9<\/h2>\n\n\n\n<p class=\"has-text-align-center has-background-color has-text-color has-normal-font-size\">D\u00e9couvrez comment&nbsp;<strong>SafetyFirst<\/strong>&nbsp;peut am\u00e9liorer la s\u00e9curit\u00e9 dans votre organisation:<\/p>\n\n\n\n<div class=\"wp-block-buttons is-layout-flex wp-block-buttons-is-layout-flex\">\n<div class=\"wp-block-button aligncenter has-custom-font-size is-style-fill alt-color has-normal-font-size\"><a class=\"wp-block-button__link has-luminous-vivid-amber-color has-background-background-color has-text-color has-background wp-element-button\" href=\"https:\/\/safetyfirst.app\/fr\/demander-une-demo\/\" style=\"border-radius:0px\">DEMANDER UNE DEMO<\/a><\/div>\n<\/div>\n<\/div><\/div>\n\n\n\n<div class=\"wp-block-group alignwide is-layout-flow wp-block-group-is-layout-flow\" style=\"padding-bottom:60px\">\n<h3 class=\"has-text-align-center has-padding-top wp-block-heading\">Ces entreprises dans l&rsquo;industrie et la maintenance utilisent d\u00e9j\u00e0 notre logiciel de s\u00e9curit\u00e9:<\/h3>\n\n\n\n<div class=\"wp-block-group is-content-justification-center is-layout-flex wp-container-core-group-is-layout-b02886af wp-block-group-is-layout-flex\">\n<figure class=\"wp-block-image size-full VWlogos\"><a href=\"https:\/\/www.mcpp-global.com\/en\/mcpp-europe\/\"><img loading=\"lazy\" decoding=\"async\" width=\"170\" height=\"100\" src=\"https:\/\/veiligwerk.net\/wp-content\/uploads\/sites\/5\/2022\/09\/logo-mcpp.jpg\" alt=\"Mitsubishi Chemical\" class=\"wp-image-1430\" title=\"Mitsubishi Chemical\"\/><\/a><\/figure>\n\n\n\n<figure class=\"wp-block-image size-full VWlogos\"><a href=\"https:\/\/cdfoods.com\"><img loading=\"lazy\" decoding=\"async\" width=\"150\" height=\"100\" src=\"https:\/\/veiligwerk.net\/wp-content\/uploads\/sites\/5\/2022\/09\/logo-cdfoods.jpg\" alt=\"Cats and Dogs Foods\" class=\"wp-image-1456\" title=\"Cats and Dogs Foods\"\/><\/a><\/figure>\n\n\n\n<figure class=\"wp-block-image size-full VWlogos\"><a href=\"https:\/\/boskalis.com\"><img loading=\"lazy\" decoding=\"async\" width=\"150\" height=\"100\" src=\"https:\/\/veiligwerk.net\/wp-content\/uploads\/sites\/5\/2022\/09\/logo-boskalis.jpg\" alt=\"Boskalis\" class=\"wp-image-1427\" title=\"Boskalis\"\/><\/a><\/figure>\n\n\n\n<figure class=\"wp-block-image size-full VWlogos\"><a href=\"https:\/\/www.unica.nl\"><img loading=\"lazy\" decoding=\"async\" width=\"100\" height=\"100\" src=\"https:\/\/veiligwerk.net\/wp-content\/uploads\/sites\/5\/2022\/09\/logo-unica.jpg\" alt=\"Unica\" class=\"wp-image-1422\" title=\"Unica\"\/><\/a><\/figure>\n\n\n\n<figure class=\"wp-block-image size-full VWlogos\"><a href=\"https:\/\/www.afvalzorg.nl\"><img loading=\"lazy\" decoding=\"async\" width=\"150\" height=\"100\" src=\"https:\/\/veiligwerk.net\/wp-content\/uploads\/sites\/5\/2022\/09\/logo-afvalzorg.jpg\" alt=\"Afvalzorg\" class=\"wp-image-1455\" title=\"Afvalzorg\"\/><\/a><\/figure>\n<\/div>\n<\/div>\n","protected":false},"excerpt":{"rendered":"<p>Secteurs Assurez la s\u00e9curit\u00e9 et la conformit\u00e9 de votre organisation avec le logiciel HSE&nbsp;SafetyFirst Notre&nbsp;plateforme&nbsp;permet aux entreprises dans l&rsquo;industrie et la maintenance de g\u00e9rer les rapports d\u2019incidents, les inspections, les r\u00e9unions et les flux d\u2019information sur la s\u00e9curit\u00e9 Logiciel de s\u00e9curit\u00e9 pour l&rsquo;industrie et la maintenance Que vous travailliez dans l&rsquo;industrie ou que vous vous [&hellip;]<\/p>\n","protected":false},"author":2,"featured_media":0,"parent":0,"menu_order":0,"comment_status":"closed","ping_status":"closed","template":"","meta":{"footnotes":""},"class_list":["post-2117","page","type-page","status-publish","hentry"],"_links":{"self":[{"href":"https:\/\/safetyfirst.app\/fr\/wp-json\/wp\/v2\/pages\/2117","targetHints":{"allow":["GET"]}}],"collection":[{"href":"https:\/\/safetyfirst.app\/fr\/wp-json\/wp\/v2\/pages"}],"about":[{"href":"https:\/\/safetyfirst.app\/fr\/wp-json\/wp\/v2\/types\/page"}],"author":[{"embeddable":true,"href":"https:\/\/safetyfirst.app\/fr\/wp-json\/wp\/v2\/users\/2"}],"replies":[{"embeddable":true,"href":"https:\/\/safetyfirst.app\/fr\/wp-json\/wp\/v2\/comments?post=2117"}],"version-history":[{"count":24,"href":"https:\/\/safetyfirst.app\/fr\/wp-json\/wp\/v2\/pages\/2117\/revisions"}],"predecessor-version":[{"id":2978,"href":"https:\/\/safetyfirst.app\/fr\/wp-json\/wp\/v2\/pages\/2117\/revisions\/2978"}],"wp:attachment":[{"href":"https:\/\/safetyfirst.app\/fr\/wp-json\/wp\/v2\/media?parent=2117"}],"curies":[{"name":"wp","href":"https:\/\/api.w.org\/{rel}","templated":true}]}}