{"id":2113,"date":"2022-10-12T12:28:37","date_gmt":"2022-10-12T12:28:37","guid":{"rendered":"https:\/\/network2innovate.com\/veiligwerk1\/?page_id=2113"},"modified":"2023-01-11T22:04:16","modified_gmt":"2023-01-11T22:04:16","slug":"ingenierie","status":"publish","type":"page","link":"https:\/\/safetyfirst.app\/fr\/ingenierie\/","title":{"rendered":"Logiciel de s\u00e9curit\u00e9 pour l&rsquo;Ing\u00e9nierie"},"content":{"rendered":"\n<div class=\"wp-block-cover alignfull is-light coverVW coverVW_narrow\"><span aria-hidden=\"true\" class=\"wp-block-cover__background has-background-dim\"><\/span><img loading=\"lazy\" decoding=\"async\" width=\"1350\" height=\"804\" class=\"wp-block-cover__image-background wp-image-1842\" alt=\"Construction drawings\" src=\"https:\/\/safetyfirst.app\/fr\/wp-content\/uploads\/sites\/6\/2022\/10\/construction.jpg\" style=\"object-position:48% 0%\" data-object-fit=\"cover\" data-object-position=\"48% 0%\" srcset=\"https:\/\/safetyfirst.app\/fr\/wp-content\/uploads\/sites\/6\/2022\/10\/construction.jpg 1350w, https:\/\/safetyfirst.app\/fr\/wp-content\/uploads\/sites\/6\/2022\/10\/construction-300x179.jpg 300w, https:\/\/safetyfirst.app\/fr\/wp-content\/uploads\/sites\/6\/2022\/10\/construction-1024x610.jpg 1024w, https:\/\/safetyfirst.app\/fr\/wp-content\/uploads\/sites\/6\/2022\/10\/construction-768x457.jpg 768w\" sizes=\"auto, (max-width: 1350px) 100vw, 1350px\" \/><div class=\"wp-block-cover__inner-container is-layout-flow wp-block-cover-is-layout-flow\">\n<p class=\"has-text-align-center has-large-font-size\"><\/p>\n<\/div><\/div>\n\n\n\n<div class=\"wp-block-group alignfull has-primary-background-color has-background is-vertical is-layout-flex wp-container-core-group-is-layout-16b6c07a wp-block-group-is-layout-flex\" style=\"margin-top:0px\">\n<div class=\"wp-block-columns is-layout-flex wp-container-core-columns-is-layout-28f84493 wp-block-columns-is-layout-flex\">\n<div class=\"wp-block-column breadcrumb is-layout-flow wp-block-column-is-layout-flow\">\n<p class=\"has-medium-font-size\"><a href=\"https:\/\/safetyfirst.app\/fr\/secteurs\" data-type=\"URL\">Secteurs<\/a><\/p>\n\n\n<h1 style=\"font-style:normal;font-weight:600;\" class=\"wp-block-post-title has-text-color has-background-color has-big-font-size\">Logiciel de s\u00e9curit\u00e9 pour l&rsquo;Ing\u00e9nierie<\/h1><\/div>\n<\/div>\n<\/div>\n\n\n\n<div class=\"wp-block-group alignwide is-layout-flow wp-block-group-is-layout-flow\" style=\"padding-bottom:40px\">\n<h2 class=\"alignwide has-text-align-center has-padding-top wp-block-heading\">Assurez la s\u00e9curit\u00e9 et la conformit\u00e9 de votre organisation avec le logiciel HSE&nbsp;<mark><mark style=\"background-color:#ffffff\" class=\"has-inline-color has-vw-yellow-text-color\">Safety<\/mark><\/mark>First<\/h2>\n\n\n\n<p class=\"has-text-align-center\">Notre&nbsp;<mark><mark style=\"background-color:#ffffff\" class=\"has-inline-color has-vw-yellow-text-color\">plateforme<\/mark><\/mark>&nbsp;permet aux entreprises de g\u00e9rer les rapports d\u2019incidents, les inspections, les r\u00e9unions et les flux d\u2019information sur la s\u00e9curit\u00e9<\/p>\n<\/div>\n\n\n\n<div class=\"wp-block-group alignfull has-tertiary-background-color has-background is-nowrap is-layout-flex wp-container-core-group-is-layout-48f57713 wp-block-group-is-layout-flex\" style=\"padding-top:40px;padding-bottom:60px\">\n<div class=\"wp-block-columns is-layout-flex wp-container-core-columns-is-layout-28f84493 wp-block-columns-is-layout-flex\">\n<div class=\"wp-block-column is-layout-flow wp-block-column-is-layout-flow\" style=\"flex-basis:100%\">\n<div class=\"wp-block-columns alignfull are-vertically-aligned-center is-layout-flex wp-container-core-columns-is-layout-b1f004bc wp-block-columns-is-layout-flex\" style=\"padding-top:40px;padding-bottom:60px\">\n<div class=\"wp-block-column is-vertically-aligned-center is-layout-flow wp-block-column-is-layout-flow\">\n<div class=\"wp-block-columns is-not-stacked-on-mobile is-layout-flex wp-container-core-columns-is-layout-28f84493 wp-block-columns-is-layout-flex\">\n<div class=\"wp-block-column is-layout-flow wp-block-column-is-layout-flow\">\n<div class=\"wp-block-columns is-layout-flex wp-container-core-columns-is-layout-28f84493 wp-block-columns-is-layout-flex\">\n<div class=\"wp-block-column is-layout-flow wp-block-column-is-layout-flow\" style=\"flex-basis:33.33%\">\n<div style=\"height:100px\" aria-hidden=\"true\" class=\"wp-block-spacer\"><\/div>\n<\/div>\n\n\n\n<div class=\"wp-block-column is-layout-flow wp-block-column-is-layout-flow\" style=\"flex-basis:66.66%\">\n<figure class=\"wp-block-image size-full\"><img loading=\"lazy\" decoding=\"async\" width=\"800\" height=\"800\" src=\"https:\/\/safetyfirst.app\/fr\/wp-content\/uploads\/sites\/6\/2022\/10\/engineering2.jpg\" alt=\"\" class=\"wp-image-2121\" srcset=\"https:\/\/safetyfirst.app\/fr\/wp-content\/uploads\/sites\/6\/2022\/10\/engineering2.jpg 800w, https:\/\/safetyfirst.app\/fr\/wp-content\/uploads\/sites\/6\/2022\/10\/engineering2-300x300.jpg 300w, https:\/\/safetyfirst.app\/fr\/wp-content\/uploads\/sites\/6\/2022\/10\/engineering2-150x150.jpg 150w, https:\/\/safetyfirst.app\/fr\/wp-content\/uploads\/sites\/6\/2022\/10\/engineering2-768x768.jpg 768w\" sizes=\"auto, (max-width: 800px) 100vw, 800px\" \/><\/figure>\n<\/div>\n<\/div>\n\n\n\n<figure class=\"wp-block-image size-full\"><img loading=\"lazy\" decoding=\"async\" width=\"800\" height=\"800\" src=\"https:\/\/safetyfirst.app\/fr\/wp-content\/uploads\/sites\/6\/2022\/10\/engineering3.jpg\" alt=\"\" class=\"wp-image-2123\" srcset=\"https:\/\/safetyfirst.app\/fr\/wp-content\/uploads\/sites\/6\/2022\/10\/engineering3.jpg 800w, https:\/\/safetyfirst.app\/fr\/wp-content\/uploads\/sites\/6\/2022\/10\/engineering3-300x300.jpg 300w, https:\/\/safetyfirst.app\/fr\/wp-content\/uploads\/sites\/6\/2022\/10\/engineering3-150x150.jpg 150w, https:\/\/safetyfirst.app\/fr\/wp-content\/uploads\/sites\/6\/2022\/10\/engineering3-768x768.jpg 768w\" sizes=\"auto, (max-width: 800px) 100vw, 800px\" \/><\/figure>\n<\/div>\n\n\n\n<div class=\"wp-block-column is-layout-flow wp-block-column-is-layout-flow\">\n<figure class=\"wp-block-image size-full\"><img loading=\"lazy\" decoding=\"async\" width=\"800\" height=\"800\" src=\"https:\/\/safetyfirst.app\/fr\/wp-content\/uploads\/sites\/6\/2022\/10\/engineering-1.jpg\" alt=\"\" class=\"wp-image-2148\" srcset=\"https:\/\/safetyfirst.app\/fr\/wp-content\/uploads\/sites\/6\/2022\/10\/engineering-1.jpg 800w, https:\/\/safetyfirst.app\/fr\/wp-content\/uploads\/sites\/6\/2022\/10\/engineering-1-300x300.jpg 300w, https:\/\/safetyfirst.app\/fr\/wp-content\/uploads\/sites\/6\/2022\/10\/engineering-1-150x150.jpg 150w, https:\/\/safetyfirst.app\/fr\/wp-content\/uploads\/sites\/6\/2022\/10\/engineering-1-768x768.jpg 768w\" sizes=\"auto, (max-width: 800px) 100vw, 800px\" \/><\/figure>\n\n\n\n<div class=\"wp-block-columns is-layout-flex wp-container-core-columns-is-layout-28f84493 wp-block-columns-is-layout-flex\">\n<div class=\"wp-block-column is-layout-flow wp-block-column-is-layout-flow\" style=\"flex-basis:66.66%\">\n<figure class=\"wp-block-image size-full\"><img loading=\"lazy\" decoding=\"async\" width=\"800\" height=\"800\" src=\"https:\/\/safetyfirst.app\/fr\/wp-content\/uploads\/sites\/6\/2022\/10\/crop-architect-opening-blueprint.jpg\" alt=\"\" class=\"wp-image-1888\" srcset=\"https:\/\/safetyfirst.app\/fr\/wp-content\/uploads\/sites\/6\/2022\/10\/crop-architect-opening-blueprint.jpg 800w, https:\/\/safetyfirst.app\/fr\/wp-content\/uploads\/sites\/6\/2022\/10\/crop-architect-opening-blueprint-300x300.jpg 300w, https:\/\/safetyfirst.app\/fr\/wp-content\/uploads\/sites\/6\/2022\/10\/crop-architect-opening-blueprint-150x150.jpg 150w, https:\/\/safetyfirst.app\/fr\/wp-content\/uploads\/sites\/6\/2022\/10\/crop-architect-opening-blueprint-768x768.jpg 768w\" sizes=\"auto, (max-width: 800px) 100vw, 800px\" \/><\/figure>\n<\/div>\n\n\n\n<div class=\"wp-block-column is-layout-flow wp-block-column-is-layout-flow\" style=\"flex-basis:33.33%\"><\/div>\n<\/div>\n<\/div>\n<\/div>\n<\/div>\n\n\n\n<div class=\"wp-block-column is-layout-flow wp-block-column-is-layout-flow\" style=\"flex-basis:1%\"><\/div>\n\n\n\n<div class=\"wp-block-column is-vertically-aligned-center is-layout-flow wp-block-column-is-layout-flow\">\n<h2 class=\"wp-block-heading\">Logiciel de <mark style=\"background-color:rgba(0, 0, 0, 0)\" class=\"has-inline-color has-vw-yellow-text-color\">s\u00e9curit\u00e9<\/mark> pour l&rsquo;ing\u00e9nierie<\/h2>\n\n\n\n<p>Lorsque votre organisation est dans le secteur de l&rsquo;ing\u00e9nierie, elle travaille probablement sur une multitude de projets diff\u00e9rents en m\u00eame temps. Chaque projet est unique et conduit \u00e0 des situations diff\u00e9rentes. Surtout quand il s&rsquo;agit de s\u00e9curit\u00e9.<\/p>\n\n\n\n<p>Notre logiciel de s\u00e9curit\u00e9 vous aide \u00e0 garder une trace de tous ces probl\u00e8mes r\u00e9partis sur les nombreux projets diff\u00e9rents qui sont tous caract\u00e9ris\u00e9s par une main-d&rsquo;\u0153uvre en constante \u00e9volution.<\/p>\n\n\n\n<p><\/p>\n<\/div>\n<\/div>\n<\/div>\n<\/div>\n<\/div>\n\n\n\n<div class=\"wp-block-cover alignfull is-light has-parallax vwCoverHome2\" style=\"padding-top:0px;padding-right:0px;padding-bottom:0px;padding-left:0px;min-height:400px;aspect-ratio:unset;\"><span aria-hidden=\"true\" class=\"wp-block-cover__background has-luminous-vivid-amber-background-color has-background-dim-60 has-background-dim\"><\/span><div role=\"img\" class=\"wp-block-cover__image-background wp-image-1691 has-parallax\" style=\"background-position:50% 50%;background-image:url(https:\/\/safetyfirst.app\/fr\/wp-content\/uploads\/sites\/6\/2022\/10\/christopher-burns-368617-unsplash.jpg)\"><\/div><div class=\"wp-block-cover__inner-container is-layout-flow wp-block-cover-is-layout-flow\">\n<h2 class=\"has-text-align-center has-background-color has-text-color has-large-font-size wp-block-heading\">Digitalisez vos processus de s\u00e9curit\u00e9<\/h2>\n\n\n\n<p class=\"has-text-align-center has-background-color has-text-color has-normal-font-size\">D\u00e9couvrez comment&nbsp;<strong>SafetyFirst<\/strong>&nbsp;peut am\u00e9liorer la s\u00e9curit\u00e9 dans votre organisation:<\/p>\n\n\n\n<div class=\"wp-block-buttons is-layout-flex wp-block-buttons-is-layout-flex\">\n<div class=\"wp-block-button aligncenter has-custom-font-size is-style-fill alt-color has-normal-font-size\"><a class=\"wp-block-button__link has-luminous-vivid-amber-color has-background-background-color has-text-color has-background wp-element-button\" href=\"https:\/\/safetyfirst.app\/fr\/demander-une-demo\/\" style=\"border-radius:0px\">DEMANDER UNE DEMO<\/a><\/div>\n<\/div>\n<\/div><\/div>\n\n\n\n<div class=\"wp-block-group is-layout-flow wp-block-group-is-layout-flow\" style=\"padding-bottom:60px\">\n<h3 class=\"has-text-align-center has-padding-top wp-block-heading\">Ces entreprises d&rsquo;ing\u00e9nierie utilisent d\u00e9j\u00e0 notre logiciel de s\u00e9curit\u00e9:<\/h3>\n\n\n\n<div class=\"wp-block-group is-content-justification-center is-layout-flex wp-container-core-group-is-layout-b02886af wp-block-group-is-layout-flex\">\n<figure class=\"wp-block-image size-full VWlogos\"><a href=\"https:\/\/www.sweco.nl\"><img loading=\"lazy\" decoding=\"async\" width=\"150\" height=\"100\" src=\"https:\/\/veiligwerk.net\/wp-content\/uploads\/sites\/5\/2022\/09\/logo-sweco.webp\" alt=\"Sweco logo\" class=\"wp-image-1441\" title=\"Sweco\"\/><\/a><\/figure>\n\n\n\n<div style=\"height:100px\" aria-hidden=\"true\" class=\"wp-block-spacer\"><\/div>\n\n\n\n<figure class=\"wp-block-image size-full has-custom-border VWlogos\"><a href=\"https:\/\/movares.nl\"><img loading=\"lazy\" decoding=\"async\" width=\"110\" height=\"100\" src=\"https:\/\/veiligwerk.net\/wp-content\/uploads\/sites\/5\/2022\/09\/logo-movares.jpg\" alt=\"Movares\" class=\"wp-image-1424\" style=\"border-style:none;border-width:0px;border-radius:0px\" title=\"Movares\"\/><\/a><\/figure>\n\n\n\n<div style=\"height:0px\" aria-hidden=\"true\" class=\"wp-block-spacer\"><\/div>\n\n\n\n<figure class=\"wp-block-image size-full is-resized VWlogos\"><a href=\"https:\/\/www.arcadis.com\/nl-nl\"><img decoding=\"async\" src=\"https:\/\/veiligwerk.net\/wp-content\/uploads\/sites\/5\/2022\/09\/logo-arcadis.jpg\" alt=\"Arcadis\" class=\"wp-image-1428\" width=\"200\" title=\"Arcadis\"\/><\/a><\/figure>\n<\/div>\n<\/div>\n","protected":false},"excerpt":{"rendered":"<p>Secteurs Assurez la s\u00e9curit\u00e9 et la conformit\u00e9 de votre organisation avec le logiciel HSE&nbsp;SafetyFirst Notre&nbsp;plateforme&nbsp;permet aux entreprises de g\u00e9rer les rapports d\u2019incidents, les inspections, les r\u00e9unions et les flux d\u2019information sur la s\u00e9curit\u00e9 Logiciel de s\u00e9curit\u00e9 pour l&rsquo;ing\u00e9nierie Lorsque votre organisation est dans le secteur de l&rsquo;ing\u00e9nierie, elle travaille probablement sur une multitude de projets [&hellip;]<\/p>\n","protected":false},"author":2,"featured_media":0,"parent":0,"menu_order":0,"comment_status":"closed","ping_status":"closed","template":"","meta":{"footnotes":""},"class_list":["post-2113","page","type-page","status-publish","hentry"],"_links":{"self":[{"href":"https:\/\/safetyfirst.app\/fr\/wp-json\/wp\/v2\/pages\/2113","targetHints":{"allow":["GET"]}}],"collection":[{"href":"https:\/\/safetyfirst.app\/fr\/wp-json\/wp\/v2\/pages"}],"about":[{"href":"https:\/\/safetyfirst.app\/fr\/wp-json\/wp\/v2\/types\/page"}],"author":[{"embeddable":true,"href":"https:\/\/safetyfirst.app\/fr\/wp-json\/wp\/v2\/users\/2"}],"replies":[{"embeddable":true,"href":"https:\/\/safetyfirst.app\/fr\/wp-json\/wp\/v2\/comments?post=2113"}],"version-history":[{"count":22,"href":"https:\/\/safetyfirst.app\/fr\/wp-json\/wp\/v2\/pages\/2113\/revisions"}],"predecessor-version":[{"id":2981,"href":"https:\/\/safetyfirst.app\/fr\/wp-json\/wp\/v2\/pages\/2113\/revisions\/2981"}],"wp:attachment":[{"href":"https:\/\/safetyfirst.app\/fr\/wp-json\/wp\/v2\/media?parent=2113"}],"curies":[{"name":"wp","href":"https:\/\/api.w.org\/{rel}","templated":true}]}}