{"id":2112,"date":"2022-10-12T12:28:32","date_gmt":"2022-10-12T12:28:32","guid":{"rendered":"https:\/\/network2innovate.com\/veiligwerk1\/?page_id=2112"},"modified":"2023-01-11T22:00:45","modified_gmt":"2023-01-11T22:00:45","slug":"service-public","status":"publish","type":"page","link":"https:\/\/safetyfirst.app\/fr\/service-public\/","title":{"rendered":"Logiciel de s\u00e9curit\u00e9 pour Associations et Service Public"},"content":{"rendered":"\n<div class=\"wp-block-cover alignfull is-light coverVW coverVW_narrow\"><span aria-hidden=\"true\" class=\"wp-block-cover__background has-background-dim-20 has-background-dim\"><\/span><img loading=\"lazy\" decoding=\"async\" width=\"1200\" height=\"800\" class=\"wp-block-cover__image-background wp-image-2606\" alt=\"\" src=\"https:\/\/safetyfirst.app\/fr\/wp-content\/uploads\/sites\/6\/2022\/11\/waterwerken.png\" data-object-fit=\"cover\" srcset=\"https:\/\/safetyfirst.app\/fr\/wp-content\/uploads\/sites\/6\/2022\/11\/waterwerken.png 1200w, https:\/\/safetyfirst.app\/fr\/wp-content\/uploads\/sites\/6\/2022\/11\/waterwerken-300x200.png 300w, https:\/\/safetyfirst.app\/fr\/wp-content\/uploads\/sites\/6\/2022\/11\/waterwerken-1024x683.png 1024w, https:\/\/safetyfirst.app\/fr\/wp-content\/uploads\/sites\/6\/2022\/11\/waterwerken-768x512.png 768w\" sizes=\"auto, (max-width: 1200px) 100vw, 1200px\" \/><div class=\"wp-block-cover__inner-container is-layout-flow wp-block-cover-is-layout-flow\">\n<p class=\"has-text-align-center has-large-font-size\"><\/p>\n<\/div><\/div>\n\n\n\n<div class=\"wp-block-group alignfull has-primary-background-color has-background is-vertical is-layout-flex wp-container-core-group-is-layout-16b6c07a wp-block-group-is-layout-flex\" style=\"margin-top:0px\">\n<div class=\"wp-block-columns is-layout-flex wp-container-core-columns-is-layout-28f84493 wp-block-columns-is-layout-flex\">\n<div class=\"wp-block-column breadcrumb is-layout-flow wp-block-column-is-layout-flow\">\n<p class=\"has-medium-font-size\"><a href=\"https:\/\/safetyfirst.app\/fr\/sectors\" data-type=\"URL\">Sectors<\/a><\/p>\n\n\n<h1 style=\"font-style:normal;font-weight:600;\" class=\"wp-block-post-title has-text-color has-background-color has-big-font-size\">Logiciel de s\u00e9curit\u00e9 pour Associations et Service Public<\/h1><\/div>\n<\/div>\n<\/div>\n\n\n\n<div class=\"wp-block-group alignwide is-layout-flow wp-block-group-is-layout-flow\" style=\"padding-bottom:40px\">\n<h2 class=\"alignwide has-text-align-center has-padding-top wp-block-heading\">Assurez la s\u00e9curit\u00e9 et la conformit\u00e9 de votre organisation avec le logiciel HSE&nbsp;<mark><mark style=\"background-color:#ffffff\" class=\"has-inline-color has-vw-yellow-text-color\">Safety<\/mark><\/mark>First<\/h2>\n\n\n\n<p class=\"has-text-align-center\">Notre&nbsp;<mark><mark style=\"background-color:#ffffff\" class=\"has-inline-color has-vw-yellow-text-color\">plateforme<\/mark><\/mark>&nbsp;permet aux associations et organisations du service public de g\u00e9rer les rapports d\u2019incidents, les inspections, les r\u00e9unions et les flux d\u2019information sur la s\u00e9curit\u00e9<\/p>\n<\/div>\n\n\n\n<div class=\"wp-block-group alignfull has-tertiary-background-color has-background is-nowrap is-layout-flex wp-container-core-group-is-layout-48f57713 wp-block-group-is-layout-flex\" style=\"padding-top:40px;padding-bottom:60px\">\n<div class=\"wp-block-columns is-layout-flex wp-container-core-columns-is-layout-28f84493 wp-block-columns-is-layout-flex\">\n<div class=\"wp-block-column is-layout-flow wp-block-column-is-layout-flow\" style=\"flex-basis:100%\">\n<div class=\"wp-block-columns alignfull are-vertically-aligned-center is-layout-flex wp-container-core-columns-is-layout-b1f004bc wp-block-columns-is-layout-flex\" style=\"padding-top:40px;padding-bottom:60px\">\n<div class=\"wp-block-column is-vertically-aligned-center is-layout-flow wp-block-column-is-layout-flow\">\n<div class=\"wp-block-columns is-not-stacked-on-mobile is-layout-flex wp-container-core-columns-is-layout-28f84493 wp-block-columns-is-layout-flex\">\n<div class=\"wp-block-column is-layout-flow wp-block-column-is-layout-flow\">\n<div class=\"wp-block-columns is-layout-flex wp-container-core-columns-is-layout-28f84493 wp-block-columns-is-layout-flex\">\n<div class=\"wp-block-column is-layout-flow wp-block-column-is-layout-flow\" style=\"flex-basis:33.33%\">\n<div style=\"height:100px\" aria-hidden=\"true\" class=\"wp-block-spacer\"><\/div>\n<\/div>\n\n\n\n<div class=\"wp-block-column is-layout-flow wp-block-column-is-layout-flow\" style=\"flex-basis:66.66%\">\n<figure class=\"wp-block-image size-full\"><img loading=\"lazy\" decoding=\"async\" width=\"800\" height=\"800\" src=\"https:\/\/safetyfirst.app\/fr\/wp-content\/uploads\/sites\/6\/2022\/10\/firefighter-ready-mission.jpg\" alt=\"\" class=\"wp-image-2128\" srcset=\"https:\/\/safetyfirst.app\/fr\/wp-content\/uploads\/sites\/6\/2022\/10\/firefighter-ready-mission.jpg 800w, https:\/\/safetyfirst.app\/fr\/wp-content\/uploads\/sites\/6\/2022\/10\/firefighter-ready-mission-300x300.jpg 300w, https:\/\/safetyfirst.app\/fr\/wp-content\/uploads\/sites\/6\/2022\/10\/firefighter-ready-mission-150x150.jpg 150w, https:\/\/safetyfirst.app\/fr\/wp-content\/uploads\/sites\/6\/2022\/10\/firefighter-ready-mission-768x768.jpg 768w\" sizes=\"auto, (max-width: 800px) 100vw, 800px\" \/><\/figure>\n<\/div>\n<\/div>\n\n\n\n<figure class=\"wp-block-image size-full\"><img loading=\"lazy\" decoding=\"async\" width=\"336\" height=\"331\" src=\"https:\/\/safetyfirst.app\/fr\/wp-content\/uploads\/sites\/6\/2022\/11\/workers-outside.png\" alt=\"\" class=\"wp-image-2601\" srcset=\"https:\/\/safetyfirst.app\/fr\/wp-content\/uploads\/sites\/6\/2022\/11\/workers-outside.png 336w, https:\/\/safetyfirst.app\/fr\/wp-content\/uploads\/sites\/6\/2022\/11\/workers-outside-300x296.png 300w\" sizes=\"auto, (max-width: 336px) 100vw, 336px\" \/><\/figure>\n<\/div>\n\n\n\n<div class=\"wp-block-column is-layout-flow wp-block-column-is-layout-flow\">\n<figure class=\"wp-block-image size-full\"><img loading=\"lazy\" decoding=\"async\" width=\"400\" height=\"477\" src=\"https:\/\/safetyfirst.app\/fr\/wp-content\/uploads\/sites\/6\/2022\/11\/teaching-e1669238575105.png\" alt=\"\" class=\"wp-image-2599\" srcset=\"https:\/\/safetyfirst.app\/fr\/wp-content\/uploads\/sites\/6\/2022\/11\/teaching-e1669238575105.png 400w, https:\/\/safetyfirst.app\/fr\/wp-content\/uploads\/sites\/6\/2022\/11\/teaching-e1669238575105-252x300.png 252w\" sizes=\"auto, (max-width: 400px) 100vw, 400px\" \/><\/figure>\n\n\n\n<div class=\"wp-block-columns is-layout-flex wp-container-core-columns-is-layout-28f84493 wp-block-columns-is-layout-flex\">\n<div class=\"wp-block-column is-layout-flow wp-block-column-is-layout-flow\" style=\"flex-basis:66.66%\">\n<figure class=\"wp-block-image size-full\"><img loading=\"lazy\" decoding=\"async\" width=\"800\" height=\"800\" src=\"https:\/\/safetyfirst.app\/fr\/wp-content\/uploads\/sites\/6\/2022\/10\/ngogovernment5.jpg\" alt=\"\" class=\"wp-image-2146\" srcset=\"https:\/\/safetyfirst.app\/fr\/wp-content\/uploads\/sites\/6\/2022\/10\/ngogovernment5.jpg 800w, https:\/\/safetyfirst.app\/fr\/wp-content\/uploads\/sites\/6\/2022\/10\/ngogovernment5-300x300.jpg 300w, https:\/\/safetyfirst.app\/fr\/wp-content\/uploads\/sites\/6\/2022\/10\/ngogovernment5-150x150.jpg 150w, https:\/\/safetyfirst.app\/fr\/wp-content\/uploads\/sites\/6\/2022\/10\/ngogovernment5-768x768.jpg 768w\" sizes=\"auto, (max-width: 800px) 100vw, 800px\" \/><\/figure>\n<\/div>\n\n\n\n<div class=\"wp-block-column is-layout-flow wp-block-column-is-layout-flow\" style=\"flex-basis:33.33%\"><\/div>\n<\/div>\n<\/div>\n<\/div>\n<\/div>\n\n\n\n<div class=\"wp-block-column is-layout-flow wp-block-column-is-layout-flow\" style=\"flex-basis:1%\"><\/div>\n\n\n\n<div class=\"wp-block-column is-vertically-aligned-center is-layout-flow wp-block-column-is-layout-flow\">\n<h2 class=\"wp-block-heading\"><mark style=\"background-color:rgba(0, 0, 0, 0)\" class=\"has-inline-color has-foreground-color\">Logiciel de\u00a0<\/mark><mark><mark style=\"background-color:#F6F6F6\" class=\"has-inline-color has-vw-yellow-text-color\">s\u00e9curit\u00e9<\/mark><\/mark><mark style=\"background-color:rgba(0, 0, 0, 0)\" class=\"has-inline-color has-foreground-color\">\u00a0pour le service public et les associations<\/mark> <\/h2>\n\n\n\n<p><\/p>\n\n\n\n<p>En tant qu&rsquo;organisation gouvernementale, vous avez probablement une grande vari\u00e9t\u00e9 de fonctions et de t\u00e2ches qui incluent le travail manuel. Garder une trace de tout cela peut \u00eatre un processus laborieux. La plateforme de SafetyFirst vous aidera \u00e0 suivre toutes ces t\u00e2ches et vous donnera un aper\u00e7u de toutes les situations, t\u00e2ches ou zones dangereuses.<\/p>\n\n\n\n<p><\/p>\n<\/div>\n<\/div>\n<\/div>\n<\/div>\n<\/div>\n\n\n\n<div class=\"wp-block-cover alignfull is-light has-parallax vwCoverHome2\" style=\"padding-top:0px;padding-right:0px;padding-bottom:0px;padding-left:0px;min-height:400px;aspect-ratio:unset;\"><span aria-hidden=\"true\" class=\"wp-block-cover__background has-luminous-vivid-amber-background-color has-background-dim-60 has-background-dim\"><\/span><div role=\"img\" class=\"wp-block-cover__image-background wp-image-1691 has-parallax\" style=\"background-position:50% 50%;background-image:url(https:\/\/safetyfirst.app\/fr\/wp-content\/uploads\/sites\/6\/2022\/10\/christopher-burns-368617-unsplash.jpg)\"><\/div><div class=\"wp-block-cover__inner-container is-layout-flow wp-block-cover-is-layout-flow\">\n<h2 class=\"has-text-align-center has-background-color has-text-color has-large-font-size wp-block-heading\">Digitalisez vos processus de s\u00e9curit\u00e9<\/h2>\n\n\n\n<p class=\"has-text-align-center has-background-color has-text-color has-normal-font-size\">D\u00e9couvrez comment&nbsp;<strong>SafetyFirst<\/strong>&nbsp;peut am\u00e9liorer la s\u00e9curit\u00e9 dans votre organisation:<\/p>\n\n\n\n<div class=\"wp-block-buttons is-layout-flex wp-block-buttons-is-layout-flex\">\n<div class=\"wp-block-button aligncenter has-custom-font-size is-style-fill alt-color has-normal-font-size\"><a class=\"wp-block-button__link has-luminous-vivid-amber-color has-background-background-color has-text-color has-background wp-element-button\" href=\"https:\/\/safetyfirst.app\/fr\/demander-une-demo\/\" style=\"border-radius:0px\">DEMANDER UNE DEMO<\/a><\/div>\n<\/div>\n<\/div><\/div>\n\n\n\n<div class=\"wp-block-group is-layout-flow wp-block-group-is-layout-flow\" style=\"padding-bottom:60px\">\n<h3 class=\"has-text-align-center has-padding-top wp-block-heading\">Ces organisations du service public utilisent d\u00e9j\u00e0 notre logiciel de s\u00e9curit\u00e9:<\/h3>\n\n\n\n<div class=\"wp-block-group is-content-justification-center is-layout-flex wp-container-core-group-is-layout-b02886af wp-block-group-is-layout-flex\">\n<figure class=\"wp-block-image size-full VWlogos\"><a href=\"https:\/\/www.hhdelfland.nl\"><img loading=\"lazy\" decoding=\"async\" width=\"150\" height=\"100\" src=\"https:\/\/veiligwerk.net\/wp-content\/uploads\/sites\/5\/2022\/09\/logo-delfland.jpg\" alt=\"Hoogheemraadschap Delfland\" class=\"wp-image-1429\" title=\"Hoogheemraadschap Delfland\"\/><\/a><\/figure>\n\n\n\n<figure class=\"wp-block-image size-full VWlogos\"><a href=\"https:\/\/www.dommel.nl\"><img decoding=\"async\" src=\"https:\/\/veiligwerk.net\/wp-content\/uploads\/sites\/5\/2022\/12\/logo-deDommel.png\" alt=\"Waterschap De Dommel\" class=\"wp-image-2637\" title=\"Waterschap De Dommel\"\/><\/a><\/figure>\n\n\n\n<figure class=\"wp-block-image size-full VWlogos\"><a href=\"https:\/\/www.zaanstad.nl\"><img loading=\"lazy\" decoding=\"async\" width=\"150\" height=\"100\" src=\"https:\/\/veiligwerk.net\/wp-content\/uploads\/sites\/5\/2022\/10\/Logo-Zaanstad.webp\" alt=\"Gemeente Zaanstad\" class=\"wp-image-2166\" title=\"Gemeente Zaanstad\"\/><\/a><\/figure>\n\n\n\n<figure class=\"wp-block-image size-full VWlogos\"><a href=\"https:\/\/www.hhnk.nl\"><img loading=\"lazy\" decoding=\"async\" width=\"150\" height=\"100\" src=\"https:\/\/veiligwerk.net\/wp-content\/uploads\/sites\/5\/2022\/09\/logo-hhnk.jpg\" alt=\"Hollands Noorderkwartier logo\" class=\"wp-image-1444\" title=\"Hollands Noorderkwartier logo\"\/><\/a><\/figure>\n\n\n\n<figure class=\"wp-block-image size-full VWlogos\"><a href=\"https:\/\/waterbedrijfgroningen.nl\"><img loading=\"lazy\" decoding=\"async\" width=\"150\" height=\"100\" src=\"https:\/\/veiligwerk.net\/wp-content\/uploads\/sites\/5\/2022\/09\/logo-wg.webp\" alt=\"Waterbedrijf Groningen\" class=\"wp-image-1450\" title=\"Waterbedrijf Groningen\"\/><\/a><\/figure>\n<\/div>\n<\/div>\n\n\n\n<div class=\"wp-block-group is-nowrap is-layout-flex wp-container-core-group-is-layout-6c531013 wp-block-group-is-layout-flex\">\n<div class=\"wp-block-columns is-layout-flex wp-container-core-columns-is-layout-28f84493 wp-block-columns-is-layout-flex\">\n<div class=\"wp-block-column is-layout-flow wp-block-column-is-layout-flow\"><\/div>\n\n\n\n<div class=\"wp-block-column is-layout-flow wp-block-column-is-layout-flow\"><\/div>\n\n\n\n<div class=\"wp-block-column is-layout-flow wp-block-column-is-layout-flow\"><\/div>\n<\/div>\n<\/div>\n","protected":false},"excerpt":{"rendered":"<p>Sectors Assurez la s\u00e9curit\u00e9 et la conformit\u00e9 de votre organisation avec le logiciel HSE&nbsp;SafetyFirst Notre&nbsp;plateforme&nbsp;permet aux associations et organisations du service public de g\u00e9rer les rapports d\u2019incidents, les inspections, les r\u00e9unions et les flux d\u2019information sur la s\u00e9curit\u00e9 Logiciel de\u00a0s\u00e9curit\u00e9\u00a0pour le service public et les associations En tant qu&rsquo;organisation gouvernementale, vous avez probablement une grande [&hellip;]<\/p>\n","protected":false},"author":2,"featured_media":0,"parent":0,"menu_order":0,"comment_status":"closed","ping_status":"closed","template":"","meta":{"footnotes":""},"class_list":["post-2112","page","type-page","status-publish","hentry"],"_links":{"self":[{"href":"https:\/\/safetyfirst.app\/fr\/wp-json\/wp\/v2\/pages\/2112","targetHints":{"allow":["GET"]}}],"collection":[{"href":"https:\/\/safetyfirst.app\/fr\/wp-json\/wp\/v2\/pages"}],"about":[{"href":"https:\/\/safetyfirst.app\/fr\/wp-json\/wp\/v2\/types\/page"}],"author":[{"embeddable":true,"href":"https:\/\/safetyfirst.app\/fr\/wp-json\/wp\/v2\/users\/2"}],"replies":[{"embeddable":true,"href":"https:\/\/safetyfirst.app\/fr\/wp-json\/wp\/v2\/comments?post=2112"}],"version-history":[{"count":25,"href":"https:\/\/safetyfirst.app\/fr\/wp-json\/wp\/v2\/pages\/2112\/revisions"}],"predecessor-version":[{"id":2980,"href":"https:\/\/safetyfirst.app\/fr\/wp-json\/wp\/v2\/pages\/2112\/revisions\/2980"}],"wp:attachment":[{"href":"https:\/\/safetyfirst.app\/fr\/wp-json\/wp\/v2\/media?parent=2112"}],"curies":[{"name":"wp","href":"https:\/\/api.w.org\/{rel}","templated":true}]}}