{"id":2111,"date":"2022-10-12T12:28:29","date_gmt":"2022-10-12T12:28:29","guid":{"rendered":"https:\/\/network2innovate.com\/veiligwerk1\/?page_id=2111"},"modified":"2023-01-11T16:38:48","modified_gmt":"2023-01-11T16:38:48","slug":"sante","status":"publish","type":"page","link":"https:\/\/safetyfirst.app\/fr\/sante\/","title":{"rendered":"Logiciel de s\u00e9curit\u00e9 pour la Sant\u00e9"},"content":{"rendered":"\n<div class=\"wp-block-cover alignfull is-light coverVW coverVW_narrow\"><span aria-hidden=\"true\" class=\"wp-block-cover__background has-background-dim\"><\/span><img loading=\"lazy\" decoding=\"async\" width=\"1350\" height=\"800\" class=\"wp-block-cover__image-background wp-image-1843\" alt=\"phrmaceuticlas\" src=\"https:\/\/safetyfirst.app\/fr\/wp-content\/uploads\/sites\/6\/2022\/10\/healthcare.jpg\" style=\"object-position:50% 60%\" data-object-fit=\"cover\" data-object-position=\"50% 60%\" srcset=\"https:\/\/safetyfirst.app\/fr\/wp-content\/uploads\/sites\/6\/2022\/10\/healthcare.jpg 1350w, https:\/\/safetyfirst.app\/fr\/wp-content\/uploads\/sites\/6\/2022\/10\/healthcare-300x178.jpg 300w, https:\/\/safetyfirst.app\/fr\/wp-content\/uploads\/sites\/6\/2022\/10\/healthcare-1024x607.jpg 1024w, https:\/\/safetyfirst.app\/fr\/wp-content\/uploads\/sites\/6\/2022\/10\/healthcare-768x455.jpg 768w\" sizes=\"auto, (max-width: 1350px) 100vw, 1350px\" \/><div class=\"wp-block-cover__inner-container is-layout-flow wp-block-cover-is-layout-flow\">\n<p class=\"has-text-align-center has-large-font-size\"><\/p>\n<\/div><\/div>\n\n\n\n<div class=\"wp-block-group alignfull has-primary-background-color has-background is-vertical is-layout-flex wp-container-core-group-is-layout-16b6c07a wp-block-group-is-layout-flex\" style=\"margin-top:0px\">\n<div class=\"wp-block-columns is-layout-flex wp-container-core-columns-is-layout-28f84493 wp-block-columns-is-layout-flex\">\n<div class=\"wp-block-column breadcrumb is-layout-flow wp-block-column-is-layout-flow\">\n<p class=\"has-medium-font-size\"><a href=\"https:\/\/safetyfirst.app\/fr\/secteurs\" data-type=\"URL\">Secteurs<\/a><\/p>\n\n\n<h1 style=\"font-style:normal;font-weight:600;\" class=\"wp-block-post-title has-text-color has-background-color has-big-font-size\">Logiciel de s\u00e9curit\u00e9 pour la Sant\u00e9<\/h1><\/div>\n<\/div>\n<\/div>\n\n\n\n<div class=\"wp-block-group alignwide is-layout-flow wp-block-group-is-layout-flow\" style=\"padding-bottom:40px\">\n<h2 class=\"alignwide has-text-align-center has-padding-top wp-block-heading\">Assurez la s\u00e9curit\u00e9 et la conformit\u00e9 de votre organisation de sant\u00e9 avec le logiciel HSE&nbsp;<mark><mark style=\"background-color:#ffffff\" class=\"has-inline-color has-vw-yellow-text-color\">Safety<\/mark><\/mark>First<\/h2>\n\n\n\n<p class=\"has-text-align-center\">Notre&nbsp;<mark><mark style=\"background-color:#ffffff\" class=\"has-inline-color has-vw-yellow-text-color\">plateforme<\/mark><\/mark>&nbsp;permet aux entreprises de sant\u00e9 de g\u00e9rer les rapports d\u2019incidents, les inspections, les r\u00e9unions et les flux d\u2019information sur la s\u00e9curit\u00e9<\/p>\n<\/div>\n\n\n\n<div class=\"wp-block-group alignfull has-tertiary-background-color has-background is-nowrap is-layout-flex wp-container-core-group-is-layout-48f57713 wp-block-group-is-layout-flex\" style=\"padding-top:40px;padding-bottom:60px\">\n<div class=\"wp-block-columns is-layout-flex wp-container-core-columns-is-layout-28f84493 wp-block-columns-is-layout-flex\">\n<div class=\"wp-block-column is-layout-flow wp-block-column-is-layout-flow\" style=\"flex-basis:100%\">\n<div class=\"wp-block-columns alignfull are-vertically-aligned-center is-layout-flex wp-container-core-columns-is-layout-b1f004bc wp-block-columns-is-layout-flex\" style=\"padding-top:40px;padding-bottom:60px\">\n<div class=\"wp-block-column is-vertically-aligned-center is-layout-flow wp-block-column-is-layout-flow\">\n<div class=\"wp-block-columns is-not-stacked-on-mobile is-layout-flex wp-container-core-columns-is-layout-28f84493 wp-block-columns-is-layout-flex\">\n<div class=\"wp-block-column is-layout-flow wp-block-column-is-layout-flow\">\n<div class=\"wp-block-columns is-layout-flex wp-container-core-columns-is-layout-28f84493 wp-block-columns-is-layout-flex\">\n<div class=\"wp-block-column is-layout-flow wp-block-column-is-layout-flow\" style=\"flex-basis:33.33%\">\n<div style=\"height:100px\" aria-hidden=\"true\" class=\"wp-block-spacer\"><\/div>\n<\/div>\n\n\n\n<div class=\"wp-block-column is-layout-flow wp-block-column-is-layout-flow\" style=\"flex-basis:66.66%\">\n<figure class=\"wp-block-image size-full\"><img loading=\"lazy\" decoding=\"async\" width=\"800\" height=\"800\" src=\"https:\/\/safetyfirst.app\/fr\/wp-content\/uploads\/sites\/6\/2022\/10\/healthcare-1.jpg\" alt=\"\" class=\"wp-image-2135\" srcset=\"https:\/\/safetyfirst.app\/fr\/wp-content\/uploads\/sites\/6\/2022\/10\/healthcare-1.jpg 800w, https:\/\/safetyfirst.app\/fr\/wp-content\/uploads\/sites\/6\/2022\/10\/healthcare-1-300x300.jpg 300w, https:\/\/safetyfirst.app\/fr\/wp-content\/uploads\/sites\/6\/2022\/10\/healthcare-1-150x150.jpg 150w, https:\/\/safetyfirst.app\/fr\/wp-content\/uploads\/sites\/6\/2022\/10\/healthcare-1-768x768.jpg 768w\" sizes=\"auto, (max-width: 800px) 100vw, 800px\" \/><\/figure>\n<\/div>\n<\/div>\n\n\n\n<figure class=\"wp-block-image size-full\"><img loading=\"lazy\" decoding=\"async\" width=\"800\" height=\"800\" src=\"https:\/\/safetyfirst.app\/fr\/wp-content\/uploads\/sites\/6\/2022\/10\/healthcare4.jpg\" alt=\"\" class=\"wp-image-2132\" srcset=\"https:\/\/safetyfirst.app\/fr\/wp-content\/uploads\/sites\/6\/2022\/10\/healthcare4.jpg 800w, https:\/\/safetyfirst.app\/fr\/wp-content\/uploads\/sites\/6\/2022\/10\/healthcare4-300x300.jpg 300w, https:\/\/safetyfirst.app\/fr\/wp-content\/uploads\/sites\/6\/2022\/10\/healthcare4-150x150.jpg 150w, https:\/\/safetyfirst.app\/fr\/wp-content\/uploads\/sites\/6\/2022\/10\/healthcare4-768x768.jpg 768w\" sizes=\"auto, (max-width: 800px) 100vw, 800px\" \/><\/figure>\n<\/div>\n\n\n\n<div class=\"wp-block-column is-layout-flow wp-block-column-is-layout-flow\">\n<figure class=\"wp-block-image size-full\"><img loading=\"lazy\" decoding=\"async\" width=\"800\" height=\"800\" src=\"https:\/\/safetyfirst.app\/fr\/wp-content\/uploads\/sites\/6\/2022\/10\/healthcare2.jpg\" alt=\"\" class=\"wp-image-2130\" srcset=\"https:\/\/safetyfirst.app\/fr\/wp-content\/uploads\/sites\/6\/2022\/10\/healthcare2.jpg 800w, https:\/\/safetyfirst.app\/fr\/wp-content\/uploads\/sites\/6\/2022\/10\/healthcare2-300x300.jpg 300w, https:\/\/safetyfirst.app\/fr\/wp-content\/uploads\/sites\/6\/2022\/10\/healthcare2-150x150.jpg 150w, https:\/\/safetyfirst.app\/fr\/wp-content\/uploads\/sites\/6\/2022\/10\/healthcare2-768x768.jpg 768w\" sizes=\"auto, (max-width: 800px) 100vw, 800px\" \/><\/figure>\n\n\n\n<div class=\"wp-block-columns is-layout-flex wp-container-core-columns-is-layout-28f84493 wp-block-columns-is-layout-flex\">\n<div class=\"wp-block-column is-layout-flow wp-block-column-is-layout-flow\" style=\"flex-basis:66.66%\">\n<figure class=\"wp-block-image size-full\"><img loading=\"lazy\" decoding=\"async\" width=\"800\" height=\"800\" src=\"https:\/\/safetyfirst.app\/fr\/wp-content\/uploads\/sites\/6\/2022\/10\/healthcare5.jpg\" alt=\"\" class=\"wp-image-2134\" srcset=\"https:\/\/safetyfirst.app\/fr\/wp-content\/uploads\/sites\/6\/2022\/10\/healthcare5.jpg 800w, https:\/\/safetyfirst.app\/fr\/wp-content\/uploads\/sites\/6\/2022\/10\/healthcare5-300x300.jpg 300w, https:\/\/safetyfirst.app\/fr\/wp-content\/uploads\/sites\/6\/2022\/10\/healthcare5-150x150.jpg 150w, https:\/\/safetyfirst.app\/fr\/wp-content\/uploads\/sites\/6\/2022\/10\/healthcare5-768x768.jpg 768w\" sizes=\"auto, (max-width: 800px) 100vw, 800px\" \/><\/figure>\n<\/div>\n\n\n\n<div class=\"wp-block-column is-layout-flow wp-block-column-is-layout-flow\" style=\"flex-basis:33.33%\"><\/div>\n<\/div>\n<\/div>\n<\/div>\n<\/div>\n\n\n\n<div class=\"wp-block-column is-layout-flow wp-block-column-is-layout-flow\" style=\"flex-basis:1%\"><\/div>\n\n\n\n<div class=\"wp-block-column is-vertically-aligned-center is-layout-flow wp-block-column-is-layout-flow\">\n<h2 class=\"wp-block-heading\">Logiciel de S\u00e9curit\u00e9 pour la <mark class=\"has-inline-color has-vw-yellow-text-color\">Sant\u00e9<\/mark><\/h2>\n\n\n\n<p>En tant qu&rsquo;organisation de soins de sant\u00e9, vous souhaitez vous concentrer sur ce qui compte le plus&nbsp;: la sant\u00e9 et les soins. Cependant les consid\u00e9rations de s\u00e9curit\u00e9 ne doivent pas \u00eatre n\u00e9glig\u00e9es.<\/p>\n\n\n\n<p>Malheureusement, les moyens traditionnels de signalement afin d&rsquo;assurer la s\u00e9curit\u00e9 ne fonctionnent pas toujours efficacement. M\u00eame assurer la conformit\u00e9 de base est une t\u00e2che difficile. De nombreux \u00e9tablissements de sant\u00e9 le font en utilisant des feuilles de calcul ou en conservant des dossiers papier. Le traitement des donn\u00e9es de cette mani\u00e8re rend difficile l&rsquo;analyse des informations.<\/p>\n\n\n\n<p>Notre plateforme vous aide \u00e0 num\u00e9riser les rapports et les inspections, permettant \u00e0 votre organisation d&rsquo;apprendre des incidents de s\u00e9curit\u00e9 et des inspections effectu\u00e9es pour r\u00e9duire les risques et am\u00e9liorer les performances \u00e0 l&rsquo;avenir.<\/p>\n<\/div>\n<\/div>\n<\/div>\n<\/div>\n<\/div>\n\n\n\n<div class=\"wp-block-cover alignfull is-light has-parallax vwCoverHome2\" style=\"padding-top:0px;padding-right:0px;padding-bottom:0px;padding-left:0px;min-height:400px;aspect-ratio:unset;\"><span aria-hidden=\"true\" class=\"wp-block-cover__background has-luminous-vivid-amber-background-color has-background-dim-60 has-background-dim\"><\/span><div role=\"img\" class=\"wp-block-cover__image-background wp-image-1691 has-parallax\" style=\"background-position:50% 50%;background-image:url(https:\/\/safetyfirst.app\/fr\/wp-content\/uploads\/sites\/6\/2022\/10\/christopher-burns-368617-unsplash.jpg)\"><\/div><div class=\"wp-block-cover__inner-container is-layout-flow wp-block-cover-is-layout-flow\">\n<h2 class=\"has-text-align-center has-background-color has-text-color has-large-font-size wp-block-heading\">D\u00e9couvrez ce que SafetyFirst peut faire pour vous<\/h2>\n\n\n\n<p class=\"has-text-align-center has-background-color has-text-color has-normal-font-size\">Comment&nbsp;<strong>SafetyFirst<\/strong>&nbsp;peut changer la s\u00e9curit\u00e9 dans votre organisation.<\/p>\n\n\n\n<div class=\"wp-block-buttons is-layout-flex wp-block-buttons-is-layout-flex\">\n<div class=\"wp-block-button aligncenter has-custom-font-size is-style-fill alt-color has-normal-font-size\"><a class=\"wp-block-button__link has-luminous-vivid-amber-color has-background-background-color has-text-color has-background wp-element-button\" href=\"https:\/\/safetyfirst.app\/fr\/demander-une-demo\/\" style=\"border-radius:0px\">DEMANDEZ UNE DEMO<\/a><\/div>\n<\/div>\n<\/div><\/div>\n","protected":false},"excerpt":{"rendered":"<p>Secteurs Assurez la s\u00e9curit\u00e9 et la conformit\u00e9 de votre organisation de sant\u00e9 avec le logiciel HSE&nbsp;SafetyFirst Notre&nbsp;plateforme&nbsp;permet aux entreprises de sant\u00e9 de g\u00e9rer les rapports d\u2019incidents, les inspections, les r\u00e9unions et les flux d\u2019information sur la s\u00e9curit\u00e9 Logiciel de S\u00e9curit\u00e9 pour la Sant\u00e9 En tant qu&rsquo;organisation de soins de sant\u00e9, vous souhaitez vous concentrer sur [&hellip;]<\/p>\n","protected":false},"author":2,"featured_media":0,"parent":0,"menu_order":0,"comment_status":"closed","ping_status":"closed","template":"","meta":{"footnotes":""},"class_list":["post-2111","page","type-page","status-publish","hentry"],"_links":{"self":[{"href":"https:\/\/safetyfirst.app\/fr\/wp-json\/wp\/v2\/pages\/2111","targetHints":{"allow":["GET"]}}],"collection":[{"href":"https:\/\/safetyfirst.app\/fr\/wp-json\/wp\/v2\/pages"}],"about":[{"href":"https:\/\/safetyfirst.app\/fr\/wp-json\/wp\/v2\/types\/page"}],"author":[{"embeddable":true,"href":"https:\/\/safetyfirst.app\/fr\/wp-json\/wp\/v2\/users\/2"}],"replies":[{"embeddable":true,"href":"https:\/\/safetyfirst.app\/fr\/wp-json\/wp\/v2\/comments?post=2111"}],"version-history":[{"count":20,"href":"https:\/\/safetyfirst.app\/fr\/wp-json\/wp\/v2\/pages\/2111\/revisions"}],"predecessor-version":[{"id":2952,"href":"https:\/\/safetyfirst.app\/fr\/wp-json\/wp\/v2\/pages\/2111\/revisions\/2952"}],"wp:attachment":[{"href":"https:\/\/safetyfirst.app\/fr\/wp-json\/wp\/v2\/media?parent=2111"}],"curies":[{"name":"wp","href":"https:\/\/api.w.org\/{rel}","templated":true}]}}