{"id":1870,"date":"2022-10-11T08:45:27","date_gmt":"2022-10-11T08:45:27","guid":{"rendered":"https:\/\/network2innovate.com\/veiligwerk1\/?page_id=1870"},"modified":"2023-01-11T21:42:03","modified_gmt":"2023-01-11T21:42:03","slug":"construction","status":"publish","type":"page","link":"https:\/\/safetyfirst.app\/fr\/construction\/","title":{"rendered":"Logiciel de s\u00e9curit\u00e9 pour Construction &amp; Infra"},"content":{"rendered":"\n<div class=\"wp-block-cover alignfull is-light coverVW coverVW_narrow\"><span aria-hidden=\"true\" class=\"wp-block-cover__background has-background-dim\"><\/span><img loading=\"lazy\" decoding=\"async\" width=\"1350\" height=\"803\" class=\"wp-block-cover__image-background wp-image-1845\" alt=\"construction\" src=\"https:\/\/safetyfirst.app\/fr\/wp-content\/uploads\/sites\/6\/2022\/10\/construction2.jpg\" style=\"object-position:50% 60%\" data-object-fit=\"cover\" data-object-position=\"50% 60%\" srcset=\"https:\/\/safetyfirst.app\/fr\/wp-content\/uploads\/sites\/6\/2022\/10\/construction2.jpg 1350w, https:\/\/safetyfirst.app\/fr\/wp-content\/uploads\/sites\/6\/2022\/10\/construction2-300x178.jpg 300w, https:\/\/safetyfirst.app\/fr\/wp-content\/uploads\/sites\/6\/2022\/10\/construction2-1024x609.jpg 1024w, https:\/\/safetyfirst.app\/fr\/wp-content\/uploads\/sites\/6\/2022\/10\/construction2-768x457.jpg 768w\" sizes=\"auto, (max-width: 1350px) 100vw, 1350px\" \/><div class=\"wp-block-cover__inner-container is-layout-flow wp-block-cover-is-layout-flow\">\n<p class=\"has-text-align-center has-large-font-size\"><\/p>\n<\/div><\/div>\n\n\n\n<div class=\"wp-block-group alignfull has-primary-background-color has-background is-vertical is-layout-flex wp-container-core-group-is-layout-16b6c07a wp-block-group-is-layout-flex\" style=\"margin-top:0px\">\n<div class=\"wp-block-columns is-layout-flex wp-container-core-columns-is-layout-28f84493 wp-block-columns-is-layout-flex\">\n<div class=\"wp-block-column breadcrumb is-layout-flow wp-block-column-is-layout-flow\">\n<p class=\"has-medium-font-size\"><a href=\"https:\/\/safetyfirst.app\/fr\/secteurs\" data-type=\"URL\">Secteurs<\/a><\/p>\n\n\n<h1 style=\"font-style:normal;font-weight:600;\" class=\"wp-block-post-title has-text-color has-background-color has-big-font-size\">Logiciel de s\u00e9curit\u00e9 pour Construction &amp; Infra<\/h1><\/div>\n<\/div>\n<\/div>\n\n\n\n<div class=\"wp-block-group alignwide is-layout-flow wp-block-group-is-layout-flow\" style=\"padding-bottom:40px\">\n<h2 class=\"alignwide has-text-align-center has-padding-top wp-block-heading\"> Assurez la s\u00e9curit\u00e9 et la conformit\u00e9 de votre organisation avec le logiciel HSE <mark><mark style=\"background-color:#ffffff\" class=\"has-inline-color has-vw-yellow-text-color\">Safety<\/mark><\/mark>First<\/h2>\n\n\n\n<p class=\"has-text-align-center\"> Notre <mark class=\"has-inline-color has-vw-yellow-text-color\">plateforme<\/mark> permet aux entreprises de construction de g\u00e9rer les rapports d&rsquo;incidents, les inspections, les r\u00e9unions et les flux d&rsquo;information sur la s\u00e9curit\u00e9<\/p>\n<\/div>\n\n\n\n<div class=\"wp-block-group alignfull has-tertiary-background-color has-background is-nowrap is-layout-flex wp-container-core-group-is-layout-48f57713 wp-block-group-is-layout-flex\" style=\"padding-top:40px;padding-bottom:60px\">\n<div class=\"wp-block-columns is-layout-flex wp-container-core-columns-is-layout-28f84493 wp-block-columns-is-layout-flex\">\n<div class=\"wp-block-column is-layout-flow wp-block-column-is-layout-flow\" style=\"flex-basis:100%\">\n<div class=\"wp-block-columns alignfull are-vertically-aligned-center is-layout-flex wp-container-core-columns-is-layout-b1f004bc wp-block-columns-is-layout-flex\" style=\"padding-top:40px;padding-bottom:60px\">\n<div class=\"wp-block-column is-vertically-aligned-center is-layout-flow wp-block-column-is-layout-flow\">\n<div class=\"wp-block-columns is-not-stacked-on-mobile is-layout-flex wp-container-core-columns-is-layout-28f84493 wp-block-columns-is-layout-flex\">\n<div class=\"wp-block-column is-layout-flow wp-block-column-is-layout-flow\">\n<div class=\"wp-block-columns is-layout-flex wp-container-core-columns-is-layout-28f84493 wp-block-columns-is-layout-flex\">\n<div class=\"wp-block-column is-layout-flow wp-block-column-is-layout-flow\" style=\"flex-basis:33.33%\">\n<div style=\"height:100px\" aria-hidden=\"true\" class=\"wp-block-spacer\"><\/div>\n<\/div>\n\n\n\n<div class=\"wp-block-column is-layout-flow wp-block-column-is-layout-flow\" style=\"flex-basis:66.66%\">\n<figure class=\"wp-block-image size-full\"><img loading=\"lazy\" decoding=\"async\" width=\"803\" height=\"750\" src=\"https:\/\/safetyfirst.app\/fr\/wp-content\/uploads\/sites\/6\/2022\/10\/construction3-workers-fabricating-steel-reinforcement-bar-construction-site.jpg\" alt=\"\" class=\"wp-image-1887\" srcset=\"https:\/\/safetyfirst.app\/fr\/wp-content\/uploads\/sites\/6\/2022\/10\/construction3-workers-fabricating-steel-reinforcement-bar-construction-site.jpg 803w, https:\/\/safetyfirst.app\/fr\/wp-content\/uploads\/sites\/6\/2022\/10\/construction3-workers-fabricating-steel-reinforcement-bar-construction-site-300x280.jpg 300w, https:\/\/safetyfirst.app\/fr\/wp-content\/uploads\/sites\/6\/2022\/10\/construction3-workers-fabricating-steel-reinforcement-bar-construction-site-768x717.jpg 768w\" sizes=\"auto, (max-width: 803px) 100vw, 803px\" \/><\/figure>\n<\/div>\n<\/div>\n\n\n\n<figure class=\"wp-block-image size-full\"><img loading=\"lazy\" decoding=\"async\" width=\"800\" height=\"800\" src=\"https:\/\/safetyfirst.app\/fr\/wp-content\/uploads\/sites\/6\/2022\/10\/construction-silhouette.jpg\" alt=\"\" class=\"wp-image-1885\" srcset=\"https:\/\/safetyfirst.app\/fr\/wp-content\/uploads\/sites\/6\/2022\/10\/construction-silhouette.jpg 800w, https:\/\/safetyfirst.app\/fr\/wp-content\/uploads\/sites\/6\/2022\/10\/construction-silhouette-300x300.jpg 300w, https:\/\/safetyfirst.app\/fr\/wp-content\/uploads\/sites\/6\/2022\/10\/construction-silhouette-150x150.jpg 150w, https:\/\/safetyfirst.app\/fr\/wp-content\/uploads\/sites\/6\/2022\/10\/construction-silhouette-768x768.jpg 768w\" sizes=\"auto, (max-width: 800px) 100vw, 800px\" \/><\/figure>\n<\/div>\n\n\n\n<div class=\"wp-block-column is-layout-flow wp-block-column-is-layout-flow\">\n<figure class=\"wp-block-image size-full\"><img decoding=\"async\" src=\"https:\/\/safetyfirst.app\/fr\/wp-content\/uploads\/sites\/6\/2022\/10\/team-engineer-architects-working-meeting-discussing-designing-planning-measuring-layout-building-blueprints-construction-site-top-view-construction-concept.jpg\" alt=\"\" class=\"wp-image-1886\"\/><\/figure>\n\n\n\n<div class=\"wp-block-columns is-layout-flex wp-container-core-columns-is-layout-28f84493 wp-block-columns-is-layout-flex\">\n<div class=\"wp-block-column is-layout-flow wp-block-column-is-layout-flow\" style=\"flex-basis:66.66%\">\n<figure class=\"wp-block-image size-full\"><img loading=\"lazy\" decoding=\"async\" width=\"800\" height=\"800\" src=\"https:\/\/safetyfirst.app\/fr\/wp-content\/uploads\/sites\/6\/2022\/10\/construction4.jpg\" alt=\"\" class=\"wp-image-2143\" srcset=\"https:\/\/safetyfirst.app\/fr\/wp-content\/uploads\/sites\/6\/2022\/10\/construction4.jpg 800w, https:\/\/safetyfirst.app\/fr\/wp-content\/uploads\/sites\/6\/2022\/10\/construction4-300x300.jpg 300w, https:\/\/safetyfirst.app\/fr\/wp-content\/uploads\/sites\/6\/2022\/10\/construction4-150x150.jpg 150w, https:\/\/safetyfirst.app\/fr\/wp-content\/uploads\/sites\/6\/2022\/10\/construction4-768x768.jpg 768w\" sizes=\"auto, (max-width: 800px) 100vw, 800px\" \/><\/figure>\n<\/div>\n\n\n\n<div class=\"wp-block-column is-layout-flow wp-block-column-is-layout-flow\" style=\"flex-basis:33.33%\"><\/div>\n<\/div>\n<\/div>\n<\/div>\n<\/div>\n\n\n\n<div class=\"wp-block-column is-layout-flow wp-block-column-is-layout-flow\" style=\"flex-basis:1%\"><\/div>\n\n\n\n<div class=\"wp-block-column is-vertically-aligned-center is-layout-flow wp-block-column-is-layout-flow\">\n<h2 class=\"wp-block-heading\">Logiciel de <mark class=\"has-inline-color has-vw-yellow-text-color\">s\u00e9curit\u00e9<\/mark> pour la Construction &amp; et l&rsquo;Infrastructure<\/h2>\n\n\n\n<p>En tant qu&rsquo;entreprise de construction, la s\u00e9curit\u00e9 de vos employ\u00e9s est l&rsquo;un des principes fondamentaux de votre organisation. Un environnement de travail s\u00fbr et sain emp\u00eache les employ\u00e9s de tomber malade ou de se blesser au travail. Non seulement assurer leur s\u00e9curit\u00e9 augmente la productivit\u00e9, et il est \u00e9galement essentiel de se conformer aux directives l\u00e9gales.<\/p>\n\n\n\n<p>Cependant, m\u00eame assurer la conformit\u00e9 de base est une t\u00e2che difficile. De nombreuses entreprises de construction le font soit en utilisant des feuilles de calcul, soit en conservant des syst\u00e8mes d&rsquo;enregistrement sur papier. Mais en traitant les donn\u00e9es de la sorte, il devient assez difficile d&rsquo;analyser ces informations, ce qui rend \u00e9galement difficile l&rsquo;exploitation de ces donn\u00e9es pour r\u00e9duire les risques et am\u00e9liorer les performances.<\/p>\n\n\n\n<p>Notre logiciel de s\u00e9curit\u00e9 vous aidera \u00e0 rationaliser une grande vari\u00e9t\u00e9 de processus. Il garantit la conformit\u00e9 et vous permet d&rsquo;analyser vos donn\u00e9es. Avec notre plateforme en ligne et nos applications mobiles, vous avez en mains les outils dont vous avez besoin pour am\u00e9liorer la s\u00e9curit\u00e9 dans votre organisation, ainsi que vos employ\u00e9s \u00e0 tous les niveaux de responsibilit\u00e9.<\/p>\n<\/div>\n<\/div>\n<\/div>\n<\/div>\n<\/div>\n\n\n\n<div class=\"wp-block-cover alignfull is-light has-parallax vwCoverHome2\" style=\"padding-top:0px;padding-right:0px;padding-bottom:0px;padding-left:0px;min-height:400px;aspect-ratio:unset;\"><span aria-hidden=\"true\" class=\"wp-block-cover__background has-luminous-vivid-amber-background-color has-background-dim-60 has-background-dim\"><\/span><div role=\"img\" class=\"wp-block-cover__image-background wp-image-1691 has-parallax\" style=\"background-position:50% 50%;background-image:url(https:\/\/safetyfirst.app\/fr\/wp-content\/uploads\/sites\/6\/2022\/10\/christopher-burns-368617-unsplash.jpg)\"><\/div><div class=\"wp-block-cover__inner-container is-layout-flow wp-block-cover-is-layout-flow\">\n<h2 class=\"has-text-align-center has-background-color has-text-color has-large-font-size wp-block-heading\">Digitalisez vos processus de s\u00e9curit\u00e9<\/h2>\n\n\n\n<p class=\"has-text-align-center has-background-color has-text-color has-normal-font-size\">D\u00e9couvrez comment&nbsp;<strong>SafetyFirst<\/strong>&nbsp;peut am\u00e9liorer la s\u00e9curit\u00e9 dans votre organisation:<\/p>\n\n\n\n<div class=\"wp-block-buttons is-layout-flex wp-block-buttons-is-layout-flex\">\n<div class=\"wp-block-button aligncenter has-custom-font-size is-style-fill alt-color has-normal-font-size\"><a class=\"wp-block-button__link has-luminous-vivid-amber-color has-background-background-color has-text-color has-background wp-element-button\" href=\"https:\/\/safetyfirst.app\/fr\/demander-une-demo\/\" style=\"border-radius:0px\">DEMANDER UNE DEMO<\/a><\/div>\n<\/div>\n<\/div><\/div>\n\n\n\n<div class=\"wp-block-group is-layout-flow wp-block-group-is-layout-flow\" style=\"padding-bottom:60px\">\n<h3 class=\"has-text-align-center has-padding-top wp-block-heading\">Ces entreprises de construction utilisent d\u00e9j\u00e0 notre logiciel de s\u00e9curit\u00e9:<\/h3>\n\n\n\n<div class=\"wp-block-group is-content-justification-center is-layout-flex wp-container-core-group-is-layout-b02886af wp-block-group-is-layout-flex\">\n<figure class=\"wp-block-image size-full VWlogos\"><a href=\"https:\/\/www.tbi.nl\/home\"><img loading=\"lazy\" decoding=\"async\" width=\"150\" height=\"100\" src=\"https:\/\/veiligwerk.net\/wp-content\/uploads\/sites\/5\/2022\/09\/logo-tbi.jpg\" alt=\"TBI\" class=\"wp-image-1453\" title=\"TBI\"\/><\/a><\/figure>\n\n\n\n<figure class=\"wp-block-image size-full VWlogos\"><a href=\"https:\/\/www.heijmans.nl\/nl\/\"><img loading=\"lazy\" decoding=\"async\" width=\"150\" height=\"100\" src=\"https:\/\/veiligwerk.net\/wp-content\/uploads\/sites\/5\/2022\/09\/logo-heijmans.jpg\" alt=\"Heijmans\" class=\"wp-image-1451\" title=\"Heijmans\"\/><\/a><\/figure>\n\n\n\n<figure class=\"wp-block-image size-full VWlogos\"><a href=\"https:\/\/struktonciviel.nl\"><img decoding=\"async\" src=\"https:\/\/veiligwerk.net\/wp-content\/uploads\/sites\/5\/2022\/12\/logo-strukton-civiel.png\" alt=\"Strukton Civiel\" class=\"wp-image-2628\" title=\"Strukton Civiel\"\/><\/a><\/figure>\n\n\n\n<figure class=\"wp-block-image size-full is-resized VWlogos\"><a href=\"https:\/\/www.spie.com\/fr\/spie-france\"><img decoding=\"async\" src=\"https:\/\/safetyfirst.app\/fr\/wp-content\/uploads\/sites\/6\/2023\/01\/logo-spie.svg\" alt=\"Spie\" class=\"wp-image-2969\" width=\"150\" title=\"VB Groep\"\/><\/a><\/figure>\n\n\n\n<figure class=\"wp-block-image size-full VWlogos\"><a href=\"https:\/\/www.vanwijnen.nl\"><img loading=\"lazy\" decoding=\"async\" width=\"150\" height=\"100\" src=\"https:\/\/veiligwerk.net\/wp-content\/uploads\/sites\/5\/2022\/09\/logo-vanwijnen.webp\" alt=\"Van Wijnen\" class=\"wp-image-1420\" title=\"Van Wijnen\"\/><\/a><\/figure>\n\n\n\n<figure class=\"wp-block-image size-full VWlogos\"><a href=\"https:\/\/www.duravermeer.nl\"><img loading=\"lazy\" decoding=\"async\" width=\"200\" height=\"100\" src=\"https:\/\/veiligwerk.net\/wp-content\/uploads\/sites\/5\/2022\/09\/logo-duravermeer.jpg\" alt=\"Dura Vermeer\" class=\"wp-image-1417\" title=\"Dura Vermeer\"\/><\/a><\/figure>\n\n\n\n<figure class=\"wp-block-image size-full VWlogos\"><a href=\"https:\/\/apkgroup.eu\/en\/\"><img loading=\"lazy\" decoding=\"async\" width=\"100\" height=\"100\" src=\"https:\/\/veiligwerk.net\/wp-content\/uploads\/sites\/5\/2022\/10\/logo-apk.webp\" alt=\"APK Group\" class=\"wp-image-1894\" title=\"APK Group\"\/><\/a><\/figure>\n\n\n\n<figure class=\"wp-block-image size-full VWlogos\"><a href=\"https:\/\/www.aertssen.be\"><img loading=\"lazy\" decoding=\"async\" width=\"130\" height=\"100\" src=\"https:\/\/veiligwerk.net\/wp-content\/uploads\/sites\/5\/2022\/09\/logo-aertssen.jpg\" alt=\"Aertssen\" class=\"wp-image-1442\" title=\"Aertssen\"\/><\/a><\/figure>\n<\/div>\n\n\n\n<h4 class=\"has-text-align-center wp-block-heading\">Regardez comment l&rsquo;entreprise de construction Dura Vermeer l&rsquo;utilise dans sa plateforme SAVE:<\/h4>\n\n\n\n<h4 class=\"has-text-align-center wp-block-heading\"><a href=\"https:\/\/duravermeersave.nl\/?what=language&amp;languageid=fr-FR\"><mark style=\"background-color:rgba(0, 0, 0, 0)\" class=\"has-inline-color has-vw-yellow-text-color\">duravermeersave.nl<\/mark><\/a><\/h4>\n<\/div>\n","protected":false},"excerpt":{"rendered":"<p>Secteurs Assurez la s\u00e9curit\u00e9 et la conformit\u00e9 de votre organisation avec le logiciel HSE SafetyFirst Notre plateforme permet aux entreprises de construction de g\u00e9rer les rapports d&rsquo;incidents, les inspections, les r\u00e9unions et les flux d&rsquo;information sur la s\u00e9curit\u00e9 Logiciel de s\u00e9curit\u00e9 pour la Construction &amp; et l&rsquo;Infrastructure En tant qu&rsquo;entreprise de construction, la s\u00e9curit\u00e9 de [&hellip;]<\/p>\n","protected":false},"author":2,"featured_media":0,"parent":0,"menu_order":0,"comment_status":"closed","ping_status":"closed","template":"","meta":{"footnotes":""},"class_list":["post-1870","page","type-page","status-publish","hentry"],"_links":{"self":[{"href":"https:\/\/safetyfirst.app\/fr\/wp-json\/wp\/v2\/pages\/1870","targetHints":{"allow":["GET"]}}],"collection":[{"href":"https:\/\/safetyfirst.app\/fr\/wp-json\/wp\/v2\/pages"}],"about":[{"href":"https:\/\/safetyfirst.app\/fr\/wp-json\/wp\/v2\/types\/page"}],"author":[{"embeddable":true,"href":"https:\/\/safetyfirst.app\/fr\/wp-json\/wp\/v2\/users\/2"}],"replies":[{"embeddable":true,"href":"https:\/\/safetyfirst.app\/fr\/wp-json\/wp\/v2\/comments?post=1870"}],"version-history":[{"count":47,"href":"https:\/\/safetyfirst.app\/fr\/wp-json\/wp\/v2\/pages\/1870\/revisions"}],"predecessor-version":[{"id":2975,"href":"https:\/\/safetyfirst.app\/fr\/wp-json\/wp\/v2\/pages\/1870\/revisions\/2975"}],"wp:attachment":[{"href":"https:\/\/safetyfirst.app\/fr\/wp-json\/wp\/v2\/media?parent=1870"}],"curies":[{"name":"wp","href":"https:\/\/api.w.org\/{rel}","templated":true}]}}