{"id":1837,"date":"2022-10-10T18:58:18","date_gmt":"2022-10-10T18:58:18","guid":{"rendered":"https:\/\/network2innovate.com\/veiligwerk1\/?page_id=1837"},"modified":"2023-01-11T16:52:07","modified_gmt":"2023-01-11T16:52:07","slug":"secteurs","status":"publish","type":"page","link":"https:\/\/safetyfirst.app\/fr\/secteurs\/","title":{"rendered":"Secteurs"},"content":{"rendered":"\n<div class=\"wp-block-cover alignfull coverVW coverVW_narrow\"><span aria-hidden=\"true\" class=\"wp-block-cover__background has-background-dim-60 has-background-dim\"><\/span><img loading=\"lazy\" decoding=\"async\" width=\"1610\" height=\"700\" class=\"wp-block-cover__image-background wp-image-1838\" alt=\"\" src=\"https:\/\/safetyfirst.app\/fr\/wp-content\/uploads\/sites\/6\/2022\/10\/sectors-safety.jpg\" style=\"object-position:50% 50%\" data-object-fit=\"cover\" data-object-position=\"50% 50%\" srcset=\"https:\/\/safetyfirst.app\/fr\/wp-content\/uploads\/sites\/6\/2022\/10\/sectors-safety.jpg 1610w, https:\/\/safetyfirst.app\/fr\/wp-content\/uploads\/sites\/6\/2022\/10\/sectors-safety-300x130.jpg 300w, https:\/\/safetyfirst.app\/fr\/wp-content\/uploads\/sites\/6\/2022\/10\/sectors-safety-1024x445.jpg 1024w, https:\/\/safetyfirst.app\/fr\/wp-content\/uploads\/sites\/6\/2022\/10\/sectors-safety-768x334.jpg 768w, https:\/\/safetyfirst.app\/fr\/wp-content\/uploads\/sites\/6\/2022\/10\/sectors-safety-1536x668.jpg 1536w\" sizes=\"auto, (max-width: 1610px) 100vw, 1610px\" \/><div class=\"wp-block-cover__inner-container is-layout-flow wp-block-cover-is-layout-flow\">\n<div class=\"wp-block-group is-layout-flow wp-block-group-is-layout-flow\">\n<div class=\"wp-block-columns is-layout-flex wp-container-core-columns-is-layout-28f84493 wp-block-columns-is-layout-flex\">\n<div class=\"wp-block-column is-layout-flow wp-block-column-is-layout-flow\"><\/div>\n\n\n\n<div class=\"wp-block-column is-layout-flow wp-block-column-is-layout-flow\">\n<h2 class=\"has-text-align-center wp-block-heading\"><mark style=\"background-color:rgba(0, 0, 0, 0)\" class=\"has-inline-color has-vw-yellow-text-color\">La s\u00e9curit\u00e9<\/mark> par secteur <\/h2>\n\n\n\n<p class=\"has-text-align-center\">La s\u00e9curit\u00e9 est importante dans tous les secteurs.<br>Que ce soit sur un site de construction ou dans un laboratoire, <mark style=\"background-color:rgba(0, 0, 0, 0)\" class=\"has-inline-color has-vw-yellow-text-color\">Safety<\/mark>First peut \u00eatre utilis\u00e9 pour toute routine de travail.<br>Vous ne trouvez pas votre champ d&rsquo;expertise? Fa\u00eetes-le nous savoir, nous serons ravis de vous conseiller.<\/p>\n\n\n\n<div class=\"wp-block-buttons is-content-justification-center is-layout-flex wp-container-core-buttons-is-layout-a89b3969 wp-block-buttons-is-layout-flex\">\n<div class=\"wp-block-button\"><a class=\"wp-block-button__link has-vw-yellow-background-color has-background wp-element-button\" href=\"https:\/\/safetyfirst.app\/fr\/contact\/\">CONTACTEZ-NOUS<\/a><\/div>\n<\/div>\n<\/div>\n<\/div>\n<\/div>\n\n\n\n<p><\/p>\n<\/div><\/div>\n\n\n\n<div class=\"wp-block-group alignfull has-primary-background-color has-background is-vertical is-layout-flex wp-container-core-group-is-layout-16b6c07a wp-block-group-is-layout-flex\" style=\"margin-top:0px\">\n<div class=\"wp-block-columns is-layout-flex wp-container-core-columns-is-layout-28f84493 wp-block-columns-is-layout-flex\">\n<div class=\"wp-block-column breadcrumb is-layout-flow wp-block-column-is-layout-flow\"><h1 style=\"font-style:normal;font-weight:600;\" class=\"wp-block-post-title has-text-color has-background-color has-big-font-size\">Secteurs<\/h1><\/div>\n<\/div>\n<\/div>\n\n\n\n<div style=\"height:60px\" aria-hidden=\"true\" class=\"wp-block-spacer\"><\/div>\n\n\n\n<div class=\"wp-block-group alignwide is-nowrap is-layout-flex wp-container-core-group-is-layout-6c531013 wp-block-group-is-layout-flex\">\n<div class=\"wp-block-columns is-layout-flex wp-container-core-columns-is-layout-28f84493 wp-block-columns-is-layout-flex\">\n<div class=\"wp-block-column has-vw-yellow-background-color has-background is-layout-flow wp-block-column-is-layout-flow\">\n<div class=\"wp-block-group VWimg-card is-layout-flow wp-block-group-is-layout-flow\">\n<figure class=\"wp-block-image size-large\"><a href=\"https:\/\/safetyfirst.app\/fr\/construction\/\"><img loading=\"lazy\" decoding=\"async\" width=\"1024\" height=\"609\" src=\"https:\/\/safetyfirst.app\/fr\/wp-content\/uploads\/sites\/6\/2022\/10\/construction2-1024x609.jpg\" alt=\"\" class=\"wp-image-1845\" srcset=\"https:\/\/safetyfirst.app\/fr\/wp-content\/uploads\/sites\/6\/2022\/10\/construction2-1024x609.jpg 1024w, https:\/\/safetyfirst.app\/fr\/wp-content\/uploads\/sites\/6\/2022\/10\/construction2-300x178.jpg 300w, https:\/\/safetyfirst.app\/fr\/wp-content\/uploads\/sites\/6\/2022\/10\/construction2-768x457.jpg 768w, https:\/\/safetyfirst.app\/fr\/wp-content\/uploads\/sites\/6\/2022\/10\/construction2.jpg 1350w\" sizes=\"auto, (max-width: 1024px) 100vw, 1024px\" \/><\/a><\/figure>\n\n\n\n<h5 class=\"has-text-align-center has-background-color has-text-color wp-block-heading\" style=\"margin-top:0.5em;margin-right:0.5em;margin-bottom:0.5em;margin-left:0.5em\"><a href=\"https:\/\/safetyfirst.app\/fr\/construction\/\" data-type=\"page\" data-id=\"1870\">CONSTRUCTION &amp; INFRA<\/a><\/h5>\n<\/div>\n<\/div>\n\n\n\n<div class=\"wp-block-column has-vw-yellow-background-color has-background is-layout-flow wp-block-column-is-layout-flow\">\n<div class=\"wp-block-group is-layout-flow wp-block-group-is-layout-flow\">\n<div class=\"wp-block-group VWimg-card is-layout-flow wp-block-group-is-layout-flow\">\n<figure class=\"wp-block-image size-full\"><img loading=\"lazy\" decoding=\"async\" width=\"945\" height=\"562\" src=\"https:\/\/safetyfirst.app\/fr\/wp-content\/uploads\/sites\/6\/2022\/11\/banner-industry-istock-small.png\" alt=\"\" class=\"wp-image-2798\" srcset=\"https:\/\/safetyfirst.app\/fr\/wp-content\/uploads\/sites\/6\/2022\/11\/banner-industry-istock-small.png 945w, https:\/\/safetyfirst.app\/fr\/wp-content\/uploads\/sites\/6\/2022\/11\/banner-industry-istock-small-300x178.png 300w, https:\/\/safetyfirst.app\/fr\/wp-content\/uploads\/sites\/6\/2022\/11\/banner-industry-istock-small-768x457.png 768w\" sizes=\"auto, (max-width: 945px) 100vw, 945px\" \/><\/figure>\n\n\n\n<h5 class=\"has-text-align-center has-background-color has-text-color has-link-color wp-block-heading wp-elements-50db1ddbd76f2966e7081ac8d229ec7f\" style=\"margin-top:0.5em;margin-right:0.5em;margin-bottom:0.5em;margin-left:0.5em\"><a href=\"https:\/\/safetyfirst.app\/fr\/industrie\/\" data-type=\"page\" data-id=\"2117\">INDUSTRIE &amp; MAINTENANCE<\/a><\/h5>\n<\/div>\n<\/div>\n<\/div>\n\n\n\n<div class=\"wp-block-column has-vw-yellow-background-color has-background has-link-color wp-elements-6c5a1b451bc031e62b5a748cc3c4c32d is-layout-flow wp-block-column-is-layout-flow\">\n<div class=\"wp-block-group VWimg-card is-layout-flow wp-block-group-is-layout-flow\">\n<figure class=\"wp-block-image size-full corinnePhoto\"><a href=\"https:\/\/safetyfirst.app\/fr\/service-public\/\"><img loading=\"lazy\" decoding=\"async\" width=\"945\" height=\"562\" src=\"https:\/\/safetyfirst.app\/fr\/wp-content\/uploads\/sites\/6\/2022\/11\/waterwerken-small-1.png\" alt=\"\" class=\"wp-image-2612\" srcset=\"https:\/\/safetyfirst.app\/fr\/wp-content\/uploads\/sites\/6\/2022\/11\/waterwerken-small-1.png 945w, https:\/\/safetyfirst.app\/fr\/wp-content\/uploads\/sites\/6\/2022\/11\/waterwerken-small-1-300x178.png 300w, https:\/\/safetyfirst.app\/fr\/wp-content\/uploads\/sites\/6\/2022\/11\/waterwerken-small-1-768x457.png 768w\" sizes=\"auto, (max-width: 945px) 100vw, 945px\" \/><\/a><\/figure>\n\n\n\n<h5 class=\"has-text-align-center has-background-color has-text-color wp-block-heading\" style=\"margin-top:0.5em;margin-right:0.5em;margin-bottom:0.5em;margin-left:0.5em\"><a href=\"https:\/\/safetyfirst.app\/fr\/service-public\/\" data-type=\"URL\" data-id=\"https:\/\/safetyfirst.app\/fr\/government\/\">SeRVICE PUBLIC &amp; ASSOCIATIONS<\/a><\/h5>\n<\/div>\n<\/div>\n\n\n\n<div class=\"wp-block-column has-vw-yellow-background-color has-background is-layout-flow wp-block-column-is-layout-flow\">\n<div class=\"wp-block-group VWimg-card is-layout-flow wp-block-group-is-layout-flow\">\n<figure class=\"wp-block-image size-large\"><a href=\"https:\/\/safetyfirst.app\/fr\/sante\/\"><img loading=\"lazy\" decoding=\"async\" width=\"1024\" height=\"607\" src=\"https:\/\/safetyfirst.app\/fr\/wp-content\/uploads\/sites\/6\/2022\/10\/healthcare-1024x607.jpg\" alt=\"\" class=\"wp-image-1843\" srcset=\"https:\/\/safetyfirst.app\/fr\/wp-content\/uploads\/sites\/6\/2022\/10\/healthcare-1024x607.jpg 1024w, https:\/\/safetyfirst.app\/fr\/wp-content\/uploads\/sites\/6\/2022\/10\/healthcare-300x178.jpg 300w, https:\/\/safetyfirst.app\/fr\/wp-content\/uploads\/sites\/6\/2022\/10\/healthcare-768x455.jpg 768w, https:\/\/safetyfirst.app\/fr\/wp-content\/uploads\/sites\/6\/2022\/10\/healthcare.jpg 1350w\" sizes=\"auto, (max-width: 1024px) 100vw, 1024px\" \/><\/a><\/figure>\n\n\n\n<h5 class=\"has-text-align-center has-background-color has-text-color wp-block-heading\" style=\"margin-top:0.5em;margin-right:0.5em;margin-bottom:0.5em;margin-left:0.5em\"><a href=\"https:\/\/safetyfirst.app\/fr\/sante\/\" data-type=\"page\" data-id=\"2111\">SANT\u00c9<\/a><\/h5>\n<\/div>\n<\/div>\n\n\n\n<div class=\"wp-block-column has-vw-yellow-background-color has-background is-layout-flow wp-block-column-is-layout-flow\">\n<div class=\"wp-block-group VWimg-card is-layout-flow wp-block-group-is-layout-flow\">\n<figure class=\"wp-block-image size-large\"><a href=\"https:\/\/safetyfirst.app\/fr\/ingenierie\/\"><img loading=\"lazy\" decoding=\"async\" width=\"1024\" height=\"610\" src=\"https:\/\/safetyfirst.app\/fr\/wp-content\/uploads\/sites\/6\/2022\/10\/construction-1024x610.jpg\" alt=\"\" class=\"wp-image-1842\" srcset=\"https:\/\/safetyfirst.app\/fr\/wp-content\/uploads\/sites\/6\/2022\/10\/construction-1024x610.jpg 1024w, https:\/\/safetyfirst.app\/fr\/wp-content\/uploads\/sites\/6\/2022\/10\/construction-300x179.jpg 300w, https:\/\/safetyfirst.app\/fr\/wp-content\/uploads\/sites\/6\/2022\/10\/construction-768x457.jpg 768w, https:\/\/safetyfirst.app\/fr\/wp-content\/uploads\/sites\/6\/2022\/10\/construction.jpg 1350w\" sizes=\"auto, (max-width: 1024px) 100vw, 1024px\" \/><\/a><\/figure>\n\n\n\n<h5 class=\"has-text-align-center has-background-color has-text-color wp-block-heading\" style=\"margin-top:0.5em;margin-right:0.5em;margin-bottom:0.5em;margin-left:0.5em\"><a href=\"https:\/\/safetyfirst.app\/fr\/ingenierie\/\" data-type=\"page\" data-id=\"2113\">ING\u00c9NIERIE<\/a><\/h5>\n<\/div>\n<\/div>\n<\/div>\n<\/div>\n\n\n\n<div style=\"height:60px\" aria-hidden=\"true\" class=\"wp-block-spacer\"><\/div>\n","protected":false},"excerpt":{"rendered":"<p>CONSTRUCTION &amp; INFRA INDUSTRIE &amp; MAINTENANCE SeRVICE PUBLIC &amp; ASSOCIATIONS SANT\u00c9 ING\u00c9NIERIE<\/p>\n","protected":false},"author":2,"featured_media":0,"parent":0,"menu_order":0,"comment_status":"closed","ping_status":"closed","template":"","meta":{"footnotes":""},"class_list":["post-1837","page","type-page","status-publish","hentry"],"_links":{"self":[{"href":"https:\/\/safetyfirst.app\/fr\/wp-json\/wp\/v2\/pages\/1837","targetHints":{"allow":["GET"]}}],"collection":[{"href":"https:\/\/safetyfirst.app\/fr\/wp-json\/wp\/v2\/pages"}],"about":[{"href":"https:\/\/safetyfirst.app\/fr\/wp-json\/wp\/v2\/types\/page"}],"author":[{"embeddable":true,"href":"https:\/\/safetyfirst.app\/fr\/wp-json\/wp\/v2\/users\/2"}],"replies":[{"embeddable":true,"href":"https:\/\/safetyfirst.app\/fr\/wp-json\/wp\/v2\/comments?post=1837"}],"version-history":[{"count":32,"href":"https:\/\/safetyfirst.app\/fr\/wp-json\/wp\/v2\/pages\/1837\/revisions"}],"predecessor-version":[{"id":2957,"href":"https:\/\/safetyfirst.app\/fr\/wp-json\/wp\/v2\/pages\/1837\/revisions\/2957"}],"wp:attachment":[{"href":"https:\/\/safetyfirst.app\/fr\/wp-json\/wp\/v2\/media?parent=1837"}],"curies":[{"name":"wp","href":"https:\/\/api.w.org\/{rel}","templated":true}]}}