{"id":1794,"date":"2022-10-11T16:04:01","date_gmt":"2022-10-11T16:04:01","guid":{"rendered":"https:\/\/network2innovate.com\/veiligwerk1\/?page_id=1794"},"modified":"2023-01-11T16:52:01","modified_gmt":"2023-01-11T16:52:01","slug":"tutoriels","status":"publish","type":"page","link":"https:\/\/safetyfirst.app\/fr\/tutoriels\/","title":{"rendered":"Tutoriels"},"content":{"rendered":"\n<div class=\"wp-block-cover alignfull coverVW coverVW_narrow\" style=\"padding-top:0;padding-right:0;padding-bottom:0;padding-left:0\"><span aria-hidden=\"true\" class=\"wp-block-cover__background has-background-dim-60 has-background-dim\"><\/span><img loading=\"lazy\" decoding=\"async\" width=\"1024\" height=\"682\" class=\"wp-block-cover__image-background wp-image-2797\" alt=\"\" src=\"https:\/\/safetyfirst.app\/fr\/wp-content\/uploads\/sites\/6\/2022\/11\/banner-istock-tutorials.png\" style=\"object-position:50% 35%\" data-object-fit=\"cover\" data-object-position=\"50% 35%\" srcset=\"https:\/\/safetyfirst.app\/fr\/wp-content\/uploads\/sites\/6\/2022\/11\/banner-istock-tutorials.png 1024w, https:\/\/safetyfirst.app\/fr\/wp-content\/uploads\/sites\/6\/2022\/11\/banner-istock-tutorials-300x200.png 300w, https:\/\/safetyfirst.app\/fr\/wp-content\/uploads\/sites\/6\/2022\/11\/banner-istock-tutorials-768x512.png 768w\" sizes=\"auto, (max-width: 1024px) 100vw, 1024px\" \/><div class=\"wp-block-cover__inner-container is-layout-flow wp-block-cover-is-layout-flow\">\n<div class=\"wp-block-group is-layout-flow wp-block-group-is-layout-flow\">\n<div style=\"height:23px\" aria-hidden=\"true\" class=\"wp-block-spacer\"><\/div>\n\n\n\n<h2 class=\"has-text-align-center wp-block-heading\">Jetez un oeil sur le fonctionnement de la plateforme <mark style=\"background-color:rgba(0, 0, 0, 0)\" class=\"has-inline-color has-vw-yellow-text-color\">Safety<\/mark>First <\/h2>\n<\/div>\n\n\n\n<p class=\"has-text-align-center has-background-color has-text-color\"><mark style=\"background-color:rgba(0, 0, 0, 0)\" class=\"has-inline-color has-background-color\">Cr\u00e9er, partager et g\u00e9rer des rapports et des situations n&rsquo;a jamais \u00e9t\u00e9 aussi facile.<br>Ces vid\u00e9os ne vous montrent qu&rsquo;une partie des nombreux modules et options que notre plateforme propose<\/mark>.<\/p>\n\n\n\n<div class=\"wp-block-buttons is-content-justification-center is-layout-flex wp-container-core-buttons-is-layout-a89b3969 wp-block-buttons-is-layout-flex\">\n<div class=\"wp-block-button\"><a class=\"wp-block-button__link has-vw-yellow-background-color has-background wp-element-button\" href=\"https:\/\/safetyfirst.app\/fr\/demander-une-demo\/\">DEMANDER UNE DEMO<\/a><\/div>\n<\/div>\n<\/div><\/div>\n\n\n\n<div class=\"wp-block-group alignfull has-primary-background-color has-background is-vertical is-layout-flex wp-container-core-group-is-layout-16b6c07a wp-block-group-is-layout-flex\" style=\"margin-top:0px\">\n<div class=\"wp-block-columns is-layout-flex wp-container-core-columns-is-layout-28f84493 wp-block-columns-is-layout-flex\">\n<div class=\"wp-block-column breadcrumb is-layout-flow wp-block-column-is-layout-flow\"><h1 style=\"font-style:normal;font-weight:600;\" class=\"wp-block-post-title has-text-color has-background-color has-big-font-size\">Tutoriels<\/h1><\/div>\n<\/div>\n<\/div>\n\n\n\n<h2 class=\"has-padding-top wp-block-heading\">Tutoriels du module Rapports<\/h2>\n\n\n\n<div class=\"wp-block-group is-nowrap is-layout-flex wp-container-core-group-is-layout-6c531013 wp-block-group-is-layout-flex\">\n<div class=\"wp-block-columns is-layout-flex wp-container-core-columns-is-layout-28f84493 wp-block-columns-is-layout-flex\">\n<div class=\"wp-block-column has-vw-yellow-background-color has-background is-layout-flow wp-block-column-is-layout-flow\" style=\"padding-top:2em;padding-right:2em;padding-bottom:2em;padding-left:2em\">\n<figure class=\"wp-block-video\"><video controls poster=\"https:\/\/safetyfirst.app\/fr\/wp-content\/uploads\/sites\/6\/2022\/11\/ReportSituation.jpg\" src=\"https:\/\/files.veiligwerk.net\/b0215cb0-b7ff-11ea-8cb5-d106a93d3657\/63a2f4398050c10596f1dd32\/01%20Report%20a%20situation.mp4\" playsinline><\/video><figcaption class=\"wp-element-caption\">Cr\u00e9er un nouveau rapport<\/figcaption><\/figure>\n\n\n\n<p>Rapporter tr\u00e8s facilement une situation dangereuse<\/p>\n<\/div>\n\n\n\n<div class=\"wp-block-column has-vw-yellow-background-color has-background is-layout-flow wp-block-column-is-layout-flow\" style=\"padding-top:2em;padding-right:2em;padding-bottom:2em;padding-left:2em\">\n<figure class=\"wp-block-video\"><video controls poster=\"https:\/\/safetyfirst.app\/fr\/wp-content\/uploads\/sites\/6\/2022\/11\/ReceiveReport.jpg\" src=\"https:\/\/files.veiligwerk.net\/b0215cb0-b7ff-11ea-8cb5-d106a93d3657\/63a2f70a8050c10596f1dd3d\/02%20Receive%20a%20report.mp4\" playsinline><\/video><figcaption class=\"wp-element-caption\">Recevoir un rapport<\/figcaption><\/figure>\n\n\n\n<p>Recevoir directement le rapport en tant que responsable<\/p>\n<\/div>\n\n\n\n<div class=\"wp-block-column has-vw-yellow-background-color has-background is-layout-flow wp-block-column-is-layout-flow\" style=\"padding-top:2em;padding-right:2em;padding-bottom:2em;padding-left:2em\">\n<figure class=\"wp-block-video\"><video controls poster=\"https:\/\/safetyfirst.app\/fr\/wp-content\/uploads\/sites\/6\/2022\/11\/CreateTask.jpg\" src=\"https:\/\/files.veiligwerk.net\/b0215cb0-b7ff-11ea-8cb5-d106a93d3657\/63a2f2c88050c10596f1dcfa\/04%20Create%20a%20task.mp4\" playsinline><\/video><figcaption class=\"wp-element-caption\">Cr\u00e9er une t\u00e2che li\u00e9e au rapport<\/figcaption><\/figure>\n\n\n\n<p>Envoyer une t\u00e2che pour r\u00e9soudre la situation<\/p>\n<\/div>\n<\/div>\n<\/div>\n\n\n\n<h2 class=\"has-text-align-right has-padding-top wp-block-heading\">Tutoriels du module Inspections<\/h2>\n\n\n\n<div class=\"wp-block-group is-nowrap is-layout-flex wp-container-core-group-is-layout-6c531013 wp-block-group-is-layout-flex\">\n<div class=\"wp-block-columns is-layout-flex wp-container-core-columns-is-layout-28f84493 wp-block-columns-is-layout-flex\">\n<div class=\"wp-block-column has-primary-background-color has-background is-layout-flow wp-block-column-is-layout-flow\" style=\"padding-top:2em;padding-right:2em;padding-bottom:2em;padding-left:2em\">\n<figure class=\"wp-block-video\"><video controls poster=\"https:\/\/safetyfirst.app\/fr\/wp-content\/uploads\/sites\/6\/2022\/11\/PerformInspection.jpg\" preload=\"auto\" src=\"https:\/\/files.veiligwerk.net\/b0215cb0-b7ff-11ea-8cb5-d106a93d3657\/63a2f2f08050c10596f1dd03\/06%20Perform%20an%20inspection.mp4\" playsinline><\/video><figcaption class=\"wp-element-caption\"><mark style=\"background-color:rgba(0, 0, 0, 0)\" class=\"has-inline-color has-vw-yellow-text-color\">Effectuer une inspection<\/mark><\/figcaption><\/figure>\n\n\n\n<p class=\"has-background-color has-text-color\">Effectuer une inspection compl\u00e8te et d\u00e9taill\u00e9e<\/p>\n<\/div>\n\n\n\n<div class=\"wp-block-column has-primary-background-color has-background is-layout-flow wp-block-column-is-layout-flow\" style=\"padding-top:2em;padding-right:2em;padding-bottom:2em;padding-left:2em\">\n<figure class=\"wp-block-video\"><video controls poster=\"https:\/\/safetyfirst.app\/fr\/wp-content\/uploads\/sites\/6\/2022\/11\/TaskInspection.jpg\" src=\"https:\/\/files.veiligwerk.net\/b0215cb0-b7ff-11ea-8cb5-d106a93d3657\/63a2f32f8050c10596f1dd11\/07%20Create%20a%20task%20from%20inspection.mp4\" playsinline><\/video><figcaption class=\"wp-element-caption\"><mark style=\"background-color:rgba(0, 0, 0, 0)\" class=\"has-inline-color has-vw-yellow-text-color\">Cr\u00e9er une t\u00e2che \u00e0 partir d&rsquo;une inspection<\/mark><\/figcaption><\/figure>\n\n\n\n<p class=\"has-background-color has-text-color\">Pendant une inspection il est possible de cr\u00e9er des t\u00e2ches li\u00e9es \u00e0 l&rsquo;inspection<\/p>\n<\/div>\n\n\n\n<div class=\"wp-block-column has-primary-background-color has-background is-layout-flow wp-block-column-is-layout-flow\" style=\"padding-top:2em;padding-right:2em;padding-bottom:2em;padding-left:2em\">\n<figure class=\"wp-block-video\"><video controls poster=\"https:\/\/safetyfirst.app\/fr\/wp-content\/uploads\/sites\/6\/2022\/11\/ReportInspection.jpg\" src=\"https:\/\/files.veiligwerk.net\/b0215cb0-b7ff-11ea-8cb5-d106a93d3657\/63a2f3538050c10596f1dd23\/08%20Report%20a%20situation%20from%20an%20inspection.mp4\" playsinline><\/video><figcaption class=\"wp-element-caption\"><mark style=\"background-color:rgba(0, 0, 0, 0)\" class=\"has-inline-color has-vw-yellow-text-color\">Cr\u00e9er un rapport \u00e0 partir d&rsquo;une inspection<\/mark><\/figcaption><\/figure>\n\n\n\n<p class=\"has-background-color has-text-color\">Pendant une inspection il est possible de cr\u00e9er des rapports li\u00e9s \u00e0 l&rsquo;inspection<\/p>\n<\/div>\n<\/div>\n<\/div>\n\n\n\n<div class=\"wp-block-group alignwide is-layout-constrained wp-block-group-is-layout-constrained\">\n<div style=\"height:60px\" aria-hidden=\"true\" class=\"wp-block-spacer\"><\/div>\n<\/div>\n\n\n\n<p><\/p>\n","protected":false},"excerpt":{"rendered":"<p>Tutoriels du module Rapports Rapporter tr\u00e8s facilement une situation dangereuse Recevoir directement le rapport en tant que responsable Envoyer une t\u00e2che pour r\u00e9soudre la situation Tutoriels du module Inspections Effectuer une inspection compl\u00e8te et d\u00e9taill\u00e9e Pendant une inspection il est possible de cr\u00e9er des t\u00e2ches li\u00e9es \u00e0 l&rsquo;inspection Pendant une inspection il est possible de [&hellip;]<\/p>\n","protected":false},"author":2,"featured_media":0,"parent":0,"menu_order":0,"comment_status":"closed","ping_status":"closed","template":"","meta":{"footnotes":""},"class_list":["post-1794","page","type-page","status-publish","hentry"],"_links":{"self":[{"href":"https:\/\/safetyfirst.app\/fr\/wp-json\/wp\/v2\/pages\/1794","targetHints":{"allow":["GET"]}}],"collection":[{"href":"https:\/\/safetyfirst.app\/fr\/wp-json\/wp\/v2\/pages"}],"about":[{"href":"https:\/\/safetyfirst.app\/fr\/wp-json\/wp\/v2\/types\/page"}],"author":[{"embeddable":true,"href":"https:\/\/safetyfirst.app\/fr\/wp-json\/wp\/v2\/users\/2"}],"replies":[{"embeddable":true,"href":"https:\/\/safetyfirst.app\/fr\/wp-json\/wp\/v2\/comments?post=1794"}],"version-history":[{"count":47,"href":"https:\/\/safetyfirst.app\/fr\/wp-json\/wp\/v2\/pages\/1794\/revisions"}],"predecessor-version":[{"id":2958,"href":"https:\/\/safetyfirst.app\/fr\/wp-json\/wp\/v2\/pages\/1794\/revisions\/2958"}],"wp:attachment":[{"href":"https:\/\/safetyfirst.app\/fr\/wp-json\/wp\/v2\/media?parent=1794"}],"curies":[{"name":"wp","href":"https:\/\/api.w.org\/{rel}","templated":true}]}}