{"id":693,"date":"2020-08-21T06:04:33","date_gmt":"2020-08-21T06:04:33","guid":{"rendered":"https:\/\/network2innovate.com\/veiligwerk3\/contact\/"},"modified":"2025-09-15T13:29:04","modified_gmt":"2025-09-15T13:29:04","slug":"kontakt","status":"publish","type":"page","link":"https:\/\/safetyfirst.app\/de\/kontakt\/","title":{"rendered":"Kontaktieren Sie uns"},"content":{"rendered":"\n<div class=\"wp-block-cover alignfull is-light vwContactCover\" style=\"min-height:768px;aspect-ratio:unset;\"><img loading=\"lazy\" decoding=\"async\" width=\"1200\" height=\"850\" class=\"wp-block-cover__image-background wp-image-1719\" alt=\"\" src=\"https:\/\/safetyfirst.app\/wp-content\/uploads\/2022\/10\/front-view-protective-glasses-with-hard-hat-headphones.jpg\" data-object-fit=\"cover\" srcset=\"https:\/\/safetyfirst.app\/de\/wp-content\/uploads\/sites\/4\/2022\/10\/front-view-protective-glasses-with-hard-hat-headphones.jpg 1200w, https:\/\/safetyfirst.app\/de\/wp-content\/uploads\/sites\/4\/2022\/10\/front-view-protective-glasses-with-hard-hat-headphones-300x213.jpg 300w, https:\/\/safetyfirst.app\/de\/wp-content\/uploads\/sites\/4\/2022\/10\/front-view-protective-glasses-with-hard-hat-headphones-1024x725.jpg 1024w, https:\/\/safetyfirst.app\/de\/wp-content\/uploads\/sites\/4\/2022\/10\/front-view-protective-glasses-with-hard-hat-headphones-768x544.jpg 768w\" sizes=\"auto, (max-width: 1200px) 100vw, 1200px\" \/><span aria-hidden=\"true\" class=\"wp-block-cover__background has-background-dim-0 has-background-dim\"><\/span><div class=\"wp-block-cover__inner-container is-layout-flow wp-block-cover-is-layout-flow\">\n<div class=\"wp-block-columns is-layout-flex wp-container-core-columns-is-layout-28f84493 wp-block-columns-is-layout-flex\">\n<div class=\"wp-block-column is-vertically-aligned-center is-layout-flow wp-block-column-is-layout-flow\" style=\"padding-top:0px;padding-left:0px;flex-basis:40%\">\n<div style=\"height:103px\" aria-hidden=\"true\" class=\"wp-block-spacer\"><\/div>\n\n\n\n<div class=\"wp-block-group is-vertical is-layout-flex wp-container-core-group-is-layout-fe9cc265 wp-block-group-is-layout-flex\"><h2 class=\"wp-block-post-title\">Kontaktieren Sie uns<\/h2>\n\n\n<p><strong>\u00d6ffnungszeiten<\/strong>: Mo-Fr: 9:00 \u2013 17:00<\/p>\n<\/div>\n\n\n\n<p><strong>Kontakt<\/strong><\/p>\n\n\n\n<p class=\"vwTel darkText\"><a href=\"tel:+49 89 330 37 82 - 0\">+49 (0) 89 330 37 82-0<\/a><\/p>\n\n\n\n<p class=\"vwTel darkText\"> <a href=\"mailto:anfrage@pmgnet.de\">anfrage@pmgnet.de<\/a><\/p>\n\n\n\n<p><strong>Adresse<\/strong><br>SafetyFirst<br>K\u00fchbachstra\u00dfe 7<br>81543 M\u00fcnchen<\/p>\n<\/div>\n\n\n\n<div class=\"wp-block-column is-layout-flow wp-block-column-is-layout-flow\"><\/div>\n<\/div>\n<\/div><\/div>\n\n\n\n<div class=\"wp-block-group alignfull vwContactMap is-layout-flow wp-block-group-is-layout-flow\">\n<div class=\"wp-block-group is-nowrap is-layout-flex wp-container-core-group-is-layout-f6e77ae8 wp-block-group-is-layout-flex\" style=\"padding-top:0px;padding-right:0px;padding-bottom:0px;padding-left:0px\"><\/div>\n<\/div>\n","protected":false},"excerpt":{"rendered":"","protected":false},"author":1,"featured_media":0,"parent":0,"menu_order":0,"comment_status":"closed","ping_status":"closed","template":"","meta":{"footnotes":""},"class_list":["post-693","page","type-page","status-publish","hentry"],"_links":{"self":[{"href":"https:\/\/safetyfirst.app\/de\/wp-json\/wp\/v2\/pages\/693","targetHints":{"allow":["GET"]}}],"collection":[{"href":"https:\/\/safetyfirst.app\/de\/wp-json\/wp\/v2\/pages"}],"about":[{"href":"https:\/\/safetyfirst.app\/de\/wp-json\/wp\/v2\/types\/page"}],"author":[{"embeddable":true,"href":"https:\/\/safetyfirst.app\/de\/wp-json\/wp\/v2\/users\/1"}],"replies":[{"embeddable":true,"href":"https:\/\/safetyfirst.app\/de\/wp-json\/wp\/v2\/comments?post=693"}],"version-history":[{"count":69,"href":"https:\/\/safetyfirst.app\/de\/wp-json\/wp\/v2\/pages\/693\/revisions"}],"predecessor-version":[{"id":2983,"href":"https:\/\/safetyfirst.app\/de\/wp-json\/wp\/v2\/pages\/693\/revisions\/2983"}],"wp:attachment":[{"href":"https:\/\/safetyfirst.app\/de\/wp-json\/wp\/v2\/media?parent=693"}],"curies":[{"name":"wp","href":"https:\/\/api.w.org\/{rel}","templated":true}]}}