{"id":692,"date":"2020-08-21T06:04:33","date_gmt":"2020-08-21T06:04:33","guid":{"rendered":"https:\/\/network2innovate.com\/veiligwerk3\/testimonials\/"},"modified":"2025-09-15T13:29:29","modified_gmt":"2025-09-15T13:29:29","slug":"unternehmen","status":"publish","type":"page","link":"https:\/\/safetyfirst.app\/de\/unternehmen\/","title":{"rendered":"\u00dcber SafetyFirst"},"content":{"rendered":"\n<div class=\"wp-block-cover alignfull is-light coverVW coverVW_small\" style=\"padding-top:0;padding-right:0;padding-bottom:0;padding-left:0\"><img decoding=\"async\" class=\"wp-block-cover__image-background wp-image-2626\" alt=\"\" src=\"https:\/\/safetyfirst.app\/fr\/wp-content\/uploads\/sites\/6\/2022\/11\/Leeuwenveldseweg-e1669299733634.png\" style=\"object-position:51% 1%\" data-object-fit=\"cover\" data-object-position=\"51% 1%\" \/><span aria-hidden=\"true\" class=\"wp-block-cover__background has-background-dim\"><\/span><div class=\"wp-block-cover__inner-container is-layout-flow wp-block-cover-is-layout-flow\">\n<div class=\"wp-block-group is-layout-flow wp-block-group-is-layout-flow\">\n<div class=\"wp-block-columns is-layout-flex wp-container-core-columns-is-layout-28f84493 wp-block-columns-is-layout-flex\">\n<div class=\"wp-block-column is-layout-flow wp-block-column-is-layout-flow\">\n<h2 class=\"wp-block-heading has-text-align-center\"><mark class=\"has-inline-color has-vw-yellow-text-color\">Safety<\/mark> <mark class=\"has-inline-color has-background-color\">First entwickelt Apps f\u00fcr die Sicherheit in <\/mark><mark class=\"has-inline-color has-vw-yellow-text-color\">vielen Branchen<\/mark><\/h2>\n<\/div>\n<\/div>\n<\/div>\n<\/div><\/div>\n\n\n\n<div class=\"wp-block-group alignfull has-primary-background-color has-background is-vertical is-layout-flex wp-container-core-group-is-layout-3133e06d wp-block-group-is-layout-flex\" style=\"margin-top:0px\">\n<div class=\"wp-block-columns is-layout-flex wp-container-core-columns-is-layout-28f84493 wp-block-columns-is-layout-flex\">\n<div class=\"wp-block-column is-vertically-aligned-center breadcrumb is-layout-flow wp-block-column-is-layout-flow\">\n<p class=\"has-medium-font-size\"><a href=\"https:\/\/safetyfirst.app\/de\/unternehmen\/\" data-type=\"page\" data-id=\"692\"><mark class=\"has-inline-color has-vw-yellow-text-color\">Unternehmen<\/mark><\/a><\/p>\n\n\n<h1 style=\"font-style:normal;font-weight:600;\" class=\"wp-block-post-title has-text-color has-background-color has-big-font-size\">\u00dcber SafetyFirst<\/h1><\/div>\n<\/div>\n<\/div>\n\n\n\n<div class=\"wp-block-columns is-layout-flex wp-container-core-columns-is-layout-28f84493 wp-block-columns-is-layout-flex\">\n<div class=\"wp-block-column is-layout-flow wp-block-column-is-layout-flow\">\n<h2 class=\"wp-block-heading\">Vision<\/h2>\n\n\n\n<p>Die langfristige Vision von SafetyFirst ist es, Menschen und Unternehmen in vielen Branchen zu erm\u00f6glichen, die Sicherheit in ihrem Arbeitsumfeld zu verbessern, damit alle nach der Arbeit gesund nach Hause gehen k\u00f6nnen, w\u00e4hrend Unternehmen produktiver werden und gesetzliche Vorschriften besser einhalten.<\/p>\n<\/div>\n\n\n\n<div class=\"wp-block-column is-layout-flow wp-block-column-is-layout-flow\">\n<h2 class=\"wp-block-heading\">Menschen<\/h2>\n\n\n\n<p>Bei SafetyFirst arbeitet eine vielf\u00e4ltige Gruppe von Menschen mit Wissen und Erfahrung daran, innovative Technologien auf kreative Weise auf oft komplexe und vielf\u00e4ltige Bedrohungen moderner Arbeitssituationen anzuwenden.<\/p>\n<\/div>\n\n\n\n<div class=\"wp-block-column is-layout-flow wp-block-column-is-layout-flow\">\n<h2 class=\"wp-block-heading\">Hintergrund<\/h2>\n\n\n\n<p>Im Jahr 2015 bat das Bauunternehmen Heijmans VeiligWerk, im Rahmen seines Sicherheitsprogramms GO! Keine Unf\u00e4lle eine mobile App zu entwickeln. Es stellte sich heraus, dass der Bedarf an einer Sicherheitsl\u00f6sung inklusive einer benutzerfreundlichen App zunahm.<\/p>\n<\/div>\n\n\n\n<div class=\"wp-block-column is-layout-flow wp-block-column-is-layout-flow\">\n<h2 class=\"wp-block-heading\">Pro4all<\/h2>\n\n\n\n<p>SafetyFirst ist Teil des Pro4all-\u00d6kosystems: eine Reihe digitaler Tools, die Bauteams dabei helfen sollen, in jeder Phase eines Projekts intelligenter, sicherer und kooperativer zu arbeiten. Erfahren Sie mehr unter\u00a0<a href=\"https:\/\/www.pro4all.com\/about-us\/?__hstc=19124519.227aeb7b3a4cbddfe149cf60b1368fae.1743760883748.1747382207734.1747661609891.40&amp;__hssc=19124519.4.1747661609891&amp;__hsfp=3050428921\" target=\"_blank\" rel=\"noreferrer noopener\">pro4all.com<\/a>.<\/p>\n<\/div>\n<\/div>\n\n\n\n<div class=\"wp-block-columns is-layout-flex wp-container-core-columns-is-layout-28f84493 wp-block-columns-is-layout-flex\">\n<div class=\"wp-block-column is-layout-flow wp-block-column-is-layout-flow\" style=\"flex-basis:25%\"><\/div>\n\n\n\n<div class=\"wp-block-column is-layout-flow wp-block-column-is-layout-flow\" style=\"flex-basis:50%\">\n<figure class=\"wp-block-video\"><video controls src=\"https:\/\/files.veiligwerk.net\/b0215cb0-b7ff-11ea-8cb5-d106a93d3657\/639082d18050c10596f1dc5e\/SafetyFirst50sec.mp4\"><\/video><\/figure>\n\n\n\n<p><\/p>\n<\/div>\n\n\n\n<div class=\"wp-block-column is-layout-flow wp-block-column-is-layout-flow\" style=\"flex-basis:25%\"><\/div>\n<\/div>\n","protected":false},"excerpt":{"rendered":"<p>Unternehmen Vision Die langfristige Vision von SafetyFirst ist es, Menschen und Unternehmen in vielen Branchen zu erm\u00f6glichen, die Sicherheit in ihrem Arbeitsumfeld zu verbessern, damit alle nach der Arbeit gesund nach Hause gehen k\u00f6nnen, w\u00e4hrend Unternehmen produktiver werden und gesetzliche Vorschriften besser einhalten. Menschen Bei SafetyFirst arbeitet eine vielf\u00e4ltige Gruppe von Menschen mit Wissen und [&hellip;]<\/p>\n","protected":false},"author":1,"featured_media":0,"parent":0,"menu_order":0,"comment_status":"closed","ping_status":"closed","template":"","meta":{"footnotes":""},"class_list":["post-692","page","type-page","status-publish","hentry"],"_links":{"self":[{"href":"https:\/\/safetyfirst.app\/de\/wp-json\/wp\/v2\/pages\/692","targetHints":{"allow":["GET"]}}],"collection":[{"href":"https:\/\/safetyfirst.app\/de\/wp-json\/wp\/v2\/pages"}],"about":[{"href":"https:\/\/safetyfirst.app\/de\/wp-json\/wp\/v2\/types\/page"}],"author":[{"embeddable":true,"href":"https:\/\/safetyfirst.app\/de\/wp-json\/wp\/v2\/users\/1"}],"replies":[{"embeddable":true,"href":"https:\/\/safetyfirst.app\/de\/wp-json\/wp\/v2\/comments?post=692"}],"version-history":[{"count":34,"href":"https:\/\/safetyfirst.app\/de\/wp-json\/wp\/v2\/pages\/692\/revisions"}],"predecessor-version":[{"id":2984,"href":"https:\/\/safetyfirst.app\/de\/wp-json\/wp\/v2\/pages\/692\/revisions\/2984"}],"wp:attachment":[{"href":"https:\/\/safetyfirst.app\/de\/wp-json\/wp\/v2\/media?parent=692"}],"curies":[{"name":"wp","href":"https:\/\/api.w.org\/{rel}","templated":true}]}}