{"id":2944,"date":"2025-08-06T09:53:48","date_gmt":"2025-08-06T09:53:48","guid":{"rendered":"https:\/\/safetyfirst.app\/de\/?page_id=2944"},"modified":"2025-08-06T09:53:49","modified_gmt":"2025-08-06T09:53:49","slug":"wie-arcadis-niederlande-sicherheit-zu-einem-teil-seiner-unternehmens-dna-machte","status":"publish","type":"page","link":"https:\/\/safetyfirst.app\/de\/wie-arcadis-niederlande-sicherheit-zu-einem-teil-seiner-unternehmens-dna-machte\/","title":{"rendered":"Wie Arcadis Niederlande Sicherheit zu einem Teil seiner Unternehmens-DNA machte"},"content":{"rendered":"\n<div class=\"wp-block-cover alignfull is-light\" style=\"padding-right:0;padding-left:0;min-height:430px;aspect-ratio:unset;\"><img decoding=\"async\" class=\"wp-block-cover__image-background wp-image-3633 size-large\" alt=\"\" src=\"https:\/\/veiligwerk.net\/wp-content\/uploads\/sites\/5\/2025\/08\/Veiligwerk-Banners-1024x390.png\" data-object-fit=\"cover\" \/><span aria-hidden=\"true\" class=\"wp-block-cover__background has-background-dim\" style=\"background-color:#b6b1a1\"><\/span><div class=\"wp-block-cover__inner-container is-layout-flow wp-block-cover-is-layout-flow\">\n<p class=\"has-text-align-center\"><\/p>\n<\/div><\/div>\n\n\n\n<div class=\"wp-block-group alignfull has-primary-background-color has-background is-vertical is-layout-flex wp-container-core-group-is-layout-16b6c07a wp-block-group-is-layout-flex\" style=\"margin-top:0px\">\n<div class=\"wp-block-columns is-layout-flex wp-container-core-columns-is-layout-28f84493 wp-block-columns-is-layout-flex\">\n<div class=\"wp-block-column breadcrumb is-layout-flow wp-block-column-is-layout-flow\"><h1 style=\"font-style:normal;font-weight:600;\" class=\"wp-block-post-title has-text-color has-background-color has-big-font-size\">Wie Arcadis Niederlande Sicherheit zu einem Teil seiner Unternehmens-DNA machte<\/h1><\/div>\n<\/div>\n<\/div>\n\n\n\n<h2 class=\"wp-block-heading\">Auf der Suche nach einem neuen Weg<\/h2>\n\n\n\n<p>\u201eAnfangs hatten wir ein eigenes digitales Berichtssystem\u201c, erkl\u00e4rt Erik Nijland, Senior Consultant bei Arcadis Niederlande. \u201eDoch es n\u00e4herte sich dem Ende seines Lebenszyklus. Wir stellten fest, dass die Entwicklung eines Berichtstools nicht zum Kerngesch\u00e4ft unserer IT-Abteilung geh\u00f6rte. Deshalb begannen wir, das Marktangebot zu pr\u00fcfen.\u201c Heijmans arbeitete zu diesem Zeitpunkt bereits mit VeiligWerk zusammen und wurde von Arcadis kontaktiert, um von den Erfahrungen zu berichten. Nach der Begeisterung des Unternehmens entschied man sich, ebenfalls VeiligWerk zu implementieren.<\/p>\n\n\n\n<p>Dies erforderte eine wesentliche \u00c4nderung der App: Die VeiligWerk-App \u00fcbernimmt im Wesentlichen die projektbasierte Berichterstattung. Diese musste von den F\u00fchrungskr\u00e4ften \u00fcbernommen werden, da diese f\u00fcr die Sicherheit der Mitarbeiter verantwortlich sind und daher als Erste informiert werden sollten. Nach dieser Anpassung startete Arcadis mit einem Pilotteam und nur wenigen Modulen, um den Prozess so zug\u00e4nglich wie m\u00f6glich zu halten. Dies war ein Erfolg, und seitdem wird die Track to Zero-App, wie die VeiligWerk-App intern genannt wird, in allen Abteilungen von Arcadis Niederlande eingef\u00fchrt.<\/p>\n\n\n\n<p class=\"has-text-align-center has-secondary-color has-text-color has-link-color has-medium-font-size wp-elements-348521e41dd8b51214c7aa6c5621d310\"><strong><strong>\u201c<\/strong>Die App ist der Dreh- und Angelpunkt unserer Sicherheitskultur.\u201d<\/strong><\/p>\n\n\n\n<h2 class=\"wp-block-heading\">10.000 Berichte<\/h2>\n\n\n\n<p>Seit dem offiziellen Start der App im Februar 2020 hat das Unternehmen mittlerweile fast 10.000 Meldungen erhalten. \u201eDas k\u00f6nnen wir uns jetzt schon mal ansehen!\u201c, lacht Marije Fokkinga, QHSE-Managerin bei Arcadis. Innerhalb dieser 10.000 Meldungen konnte auch die Qualit\u00e4t der Meldungen deutlich verbessert werden. \u201eFast jeder meldet zun\u00e4chst Klammern im Teppich und lose Schn\u00fcrsenkel\u201c, sagt Erik. \u201eAnschlie\u00dfend setzen sich die F\u00fchrungskr\u00e4fte mit der Person zusammen, die den Vorfall gemeldet hat, und ermutigen sie, zuk\u00fcnftige Meldungen gr\u00fcndlicher zu verfassen. Manchmal zeigt sich in einem solchen Gespr\u00e4ch, dass hinter der Meldung ein viel schwerwiegenderer Sachverhalt steckt.\u201c<\/p>\n\n\n\n<p>\u201eDurch das Gespr\u00e4ch mit der Person, die den Vorfall gemeldet hat, wei\u00df diese sofort, dass etwas unternommen wird\u201c, f\u00fcgt Marije hinzu. F\u00fchrungskr\u00e4fte und leitende Mitarbeiter sind bei Arcadis die treibende Kraft hinter der Initiative. Indem sie mit gutem Beispiel vorangehen, vermitteln sie auch neuen oder j\u00fcngeren Mitarbeitern das gew\u00fcnschte, sichere Verhalten. \u201eWenn man viele Meldungen erh\u00e4lt, muss man unbedingt etwas unternehmen. Sonst denken die Leute, es sei sinnlos. Das ist nicht immer einfach, weil man nicht alles im Griff hat und nicht immer schnell reagieren kann, aber man muss st\u00e4ndig daran arbeiten und Feedback geben. Der Vorgesetzte spielt dabei eine entscheidende Rolle\u201c, sagt Marije.<\/p>\n\n\n\n<p class=\"has-text-align-center has-secondary-color has-text-color has-link-color has-medium-font-size wp-elements-1a0bd1796495eddc245cd27d3e9b3755\"><strong><strong>\u201c<\/strong>Die Sorge um die Sicherheit h\u00f6rt nicht auf, wenn Sie aus der T\u00fcr treten, Sie nehmen sie mit nach Hause.\u201d<\/strong><\/p>\n\n\n\n<h2 class=\"wp-block-heading\">Sicherheit als Teil der Arcadis-DNA<\/h2>\n\n\n\n<p>Sicherheit endet bei Arcadis nicht, sobald die Kollegen das B\u00fcro verlassen; sie ist Teil der Unternehmens-DNA und \u00fcbertr\u00e4gt sich auch auf ihre privaten Bereiche. Kollegen werden nicht nur ermutigt, Situationen zu melden, die ihnen bei der Arbeit begegnen, sondern k\u00f6nnen auch private Erfahrungen melden. \u201eBeispielsweise h\u00f6rte eine Kollegin heute Morgen ihren Kohlenmonoxidmelder piepen. Sie dachte zun\u00e4chst, es l\u00e4ge an einer leeren Batterie. Trotzdem \u00fcberpr\u00fcfte sie den Kohlenmonoxidwert in ihrer Wohnung, und er stellte sich als viel zu hoch heraus.\u201c Dieser Bericht wurde in eine Sicherheitsmeldung umgewandelt. Durch Sensibilisierung kann sichergestellt werden, dass Kollegen in \u00e4hnlichen Situationen ebenfalls angemessen handeln. \u201eDas ist der eigentliche Wert der App f\u00fcr uns: zu wissen, was los ist, zu wissen, was passiert\u201c, sagt Marije.<\/p>\n\n\n\n<h2 class=\"wp-block-heading\">Gemeinsam f\u00fcr eine Sicherheitskultur<\/h2>\n\n\n\n<p>Die Sicherheitskultur wird nicht nur intern aktiv weiterentwickelt, auch andere Unternehmen suchen nach Kooperationen. Arcadis initiierte die Veranstaltung \u201eVeiligWerk, Samen Sterk\u201c (Sichere Arbeit, Gemeinsam stark), bei der Nutzer der VeiligWerk-App zusammenkommen, um zu diskutieren, wie sie die App noch besser nutzen k\u00f6nnen. Es ist erfreulich, dass diese Veranstaltung j\u00e4hrlich wiederholt wird und jedes Mal von einem anderen Nutzer moderiert wird.<\/p>\n\n\n\n<p>Au\u00dferdem wird der Nutzen eines Sicherheitskulturzirkels f\u00fcr Architekten und Ingenieurb\u00fcros untersucht. Anfangs war es gew\u00f6hnungsbed\u00fcrftig. \u201eKollegen sagten: \u201aIch werde doch nicht all den Unsinn, den ich gemacht habe, in eine App packen, oder?\u2018 Das \u00e4ndert sich langsam. Das Gleiche gilt f\u00fcr Unternehmen: Man kann voneinander lernen, aber man muss offen f\u00fcreinander sein und seine Herausforderungen ehrlich teilen\u201c, sagt Marije. Auf den Stufen 2 und 3 der Sicherheitskulturleiter (SCL) kann sich der Austausch manchmal erzwungen anf\u00fchlen, auf den Stufen 4 und 5 hingegen ist er eher eine Einladung.<\/p>\n\n\n\n<p>Sind die Sicherheitsexperten jetzt mit ihrer Arbeit fertig? \u201eAbsolut nicht\u201c, sagt Erik. \u201eWir kommunizieren st\u00e4ndig dar\u00fcber, wir reden st\u00e4ndig dar\u00fcber. Aus Sicherheitssicht konzentriert man sich oft auf das, was noch nicht gut l\u00e4uft, und vergisst, das bereits Erreichte zu w\u00fcrdigen. Manchmal kommen neue Mitarbeiter zu Arcadis und sagen: \u201aIch habe noch nie f\u00fcr ein Unternehmen gearbeitet, das so viel Wert auf Sicherheit legt.\u2018 Dann machen wir etwas richtig.\u201c<\/p>\n\n\n\n<div class=\"wp-block-cover alignfull is-light has-parallax vwCoverHome2\" style=\"padding-top:0px;padding-right:0px;padding-bottom:0px;padding-left:0px;min-height:400px;aspect-ratio:unset;\"><div class=\"wp-block-cover__image-background wp-image-3518 has-parallax\" style=\"background-position:50% 50%;background-image:url(https:\/\/veiligwerk.net\/wp-content\/uploads\/sites\/5\/2025\/03\/WSHD-Veiligwerk-Banners.png)\"><\/div><span aria-hidden=\"true\" class=\"wp-block-cover__background has-luminous-vivid-amber-background-color has-background-dim-60 has-background-dim\"><\/span><div class=\"wp-block-cover__inner-container is-layout-flow wp-block-cover-is-layout-flow\">\n<h2 class=\"wp-block-heading has-text-align-center has-background-color has-text-color has-large-font-size\">Digitalisieren Sie Ihre Sicherheitsprozesse<\/h2>\n\n\n\n<p class=\"has-text-align-center has-background-color has-text-color has-normal-font-size\">Sehen Sie, wie SafetyFirst Ihrem Unternehmen helfen kann, seine Sicherheitsprozesse zu verbessern.<\/p>\n\n\n\n<div class=\"wp-block-buttons is-layout-flex wp-block-buttons-is-layout-flex\">\n<div class=\"wp-block-button aligncenter is-style-fill alt-color\"><a class=\"wp-block-button__link has-luminous-vivid-amber-color has-background-background-color has-text-color has-background has-normal-font-size has-custom-font-size wp-element-button\" href=\"https:\/\/safetyfirst.app\/de\/online_demo\/\" style=\"border-radius:0px\">DEMO BUCHEN<\/a><\/div>\n<\/div>\n<\/div><\/div>\n","protected":false},"excerpt":{"rendered":"<p>Auf der Suche nach einem neuen Weg \u201eAnfangs hatten wir ein eigenes digitales Berichtssystem\u201c, erkl\u00e4rt Erik Nijland, Senior Consultant bei Arcadis Niederlande. \u201eDoch es n\u00e4herte sich dem Ende seines Lebenszyklus. Wir stellten fest, dass die Entwicklung eines Berichtstools nicht zum Kerngesch\u00e4ft unserer IT-Abteilung geh\u00f6rte. Deshalb begannen wir, das Marktangebot zu pr\u00fcfen.\u201c Heijmans arbeitete zu diesem [&hellip;]<\/p>\n","protected":false},"author":9,"featured_media":0,"parent":0,"menu_order":0,"comment_status":"closed","ping_status":"closed","template":"","meta":{"footnotes":""},"class_list":["post-2944","page","type-page","status-publish","hentry"],"_links":{"self":[{"href":"https:\/\/safetyfirst.app\/de\/wp-json\/wp\/v2\/pages\/2944","targetHints":{"allow":["GET"]}}],"collection":[{"href":"https:\/\/safetyfirst.app\/de\/wp-json\/wp\/v2\/pages"}],"about":[{"href":"https:\/\/safetyfirst.app\/de\/wp-json\/wp\/v2\/types\/page"}],"author":[{"embeddable":true,"href":"https:\/\/safetyfirst.app\/de\/wp-json\/wp\/v2\/users\/9"}],"replies":[{"embeddable":true,"href":"https:\/\/safetyfirst.app\/de\/wp-json\/wp\/v2\/comments?post=2944"}],"version-history":[{"count":1,"href":"https:\/\/safetyfirst.app\/de\/wp-json\/wp\/v2\/pages\/2944\/revisions"}],"predecessor-version":[{"id":2945,"href":"https:\/\/safetyfirst.app\/de\/wp-json\/wp\/v2\/pages\/2944\/revisions\/2945"}],"wp:attachment":[{"href":"https:\/\/safetyfirst.app\/de\/wp-json\/wp\/v2\/media?parent=2944"}],"curies":[{"name":"wp","href":"https:\/\/api.w.org\/{rel}","templated":true}]}}