{"id":2938,"date":"2025-08-01T12:04:55","date_gmt":"2025-08-01T12:04:55","guid":{"rendered":"https:\/\/safetyfirst.app\/de\/?page_id=2938"},"modified":"2025-08-01T12:04:56","modified_gmt":"2025-08-01T12:04:56","slug":"gemeinsam-fuer-mehr-sicherheit-sorgen-wie-movares-safetyfirst-nutzt-um-das-bewusstsein-zu-schaerfen-und-zusammenzuarbeiten","status":"publish","type":"page","link":"https:\/\/safetyfirst.app\/de\/gemeinsam-fuer-mehr-sicherheit-sorgen-wie-movares-safetyfirst-nutzt-um-das-bewusstsein-zu-schaerfen-und-zusammenzuarbeiten\/","title":{"rendered":"Gemeinsam f\u00fcr mehr Sicherheit sorgen: Wie Movares SafetyFirst nutzt, um das Bewusstsein zu sch\u00e4rfen und zusammenzuarbeiten"},"content":{"rendered":"\n<div class=\"wp-block-cover alignfull\" style=\"padding-right:0;padding-left:0;min-height:430px;aspect-ratio:unset;\"><img decoding=\"async\" class=\"wp-block-cover__image-background wp-image-3594 size-large\" alt=\"\" src=\"https:\/\/veiligwerk.net\/wp-content\/uploads\/sites\/5\/2025\/04\/Veiligwerk-Banners-1024x390.png\" data-object-fit=\"cover\" \/><span aria-hidden=\"true\" class=\"wp-block-cover__background has-background-dim\" style=\"background-color:#847158\"><\/span><div class=\"wp-block-cover__inner-container is-layout-flow wp-block-cover-is-layout-flow\">\n<p class=\"has-text-align-center\"><\/p>\n<\/div><\/div>\n\n\n\n<div class=\"wp-block-group alignfull has-primary-background-color has-background is-vertical is-layout-flex wp-container-core-group-is-layout-16b6c07a wp-block-group-is-layout-flex\" style=\"margin-top:0px\">\n<div class=\"wp-block-columns is-layout-flex wp-container-core-columns-is-layout-28f84493 wp-block-columns-is-layout-flex\">\n<div class=\"wp-block-column breadcrumb is-layout-flow wp-block-column-is-layout-flow\"><h1 style=\"font-style:normal;font-weight:600;\" class=\"wp-block-post-title has-text-color has-background-color has-big-font-size\">Gemeinsam f\u00fcr mehr Sicherheit sorgen: Wie Movares SafetyFirst nutzt, um das Bewusstsein zu sch\u00e4rfen und zusammenzuarbeiten<\/h1><\/div>\n<\/div>\n<\/div>\n\n\n\n<p>Beim Ingenieurb\u00fcro <a href=\"https:\/\/movares.com\/\">Movares<\/a> geht es bei Sicherheit um viel mehr als nur darum, K\u00e4stchen anzukreuzen. Vincent van Zaalen versteht das besser als jeder andere. Als Sicherheits- und Gesundheitsberater ist er f\u00fcr alles verantwortlich, was mit der internen Sicherheit zu tun hat: von der VCA (Health, Safety, Health and Environment Checklist Contractors) und der Notfallreaktion (BHV) bis hin zu Richtlinien und Bewusstsein. \u201eDas gesamte Spielfeld\u201c, wie er es nennt. Und genau dieses Spielfeld erforderte eine zukunftssichere L\u00f6sung.<\/p>\n\n\n\n<div class=\"wp-block-group alignfull is-content-justification-space-between is-nowrap is-layout-flex wp-container-core-group-is-layout-cb46ffcb wp-block-group-is-layout-flex\">\n<div class=\"wp-block-columns are-vertically-aligned-center is-layout-flex wp-container-core-columns-is-layout-13c65dd4 wp-block-columns-is-layout-flex\" style=\"padding-top:40px;padding-bottom:40px\">\n<div class=\"wp-block-column is-vertically-aligned-center is-layout-flow wp-block-column-is-layout-flow\" style=\"flex-basis:100%\">\n<div class=\"wp-block-columns is-layout-flex wp-container-core-columns-is-layout-28f84493 wp-block-columns-is-layout-flex\">\n<div class=\"wp-block-column is-vertically-aligned-center is-layout-flow wp-block-column-is-layout-flow\" style=\"flex-basis:100%\">\n<p class=\"has-text-align-center has-secondary-color has-text-color has-link-color has-medium-font-size wp-elements-240ce5ee1930e2f3d6d7cc5d55664c1a\"><strong><strong>\u201eWir kamen ins Gespr\u00e4ch und dachten: Das k\u00f6nnte es sein.\u201c<\/strong><\/strong><\/p>\n<\/div>\n<\/div>\n<\/div>\n<\/div>\n<\/div>\n\n\n\n<h2 class=\"wp-block-heading\">Von der eigenen App zur ma\u00dfgeschneiderten Zusammenarbeit<\/h2>\n\n\n\n<p>\u201eWir hatten unsere eigene Anwendung, aber sie war veraltet\u201c, sagt Vincent. \u201eDie Wartung wurde zu teuer, und die Plattform war veraltet.\u201c W\u00e4hrend die IT-Abteilung \u00fcber ein neues System nachdachte, kam SafetyFirst ins Spiel. \u201eWir kamen ins Gespr\u00e4ch und dachten: Das k\u00f6nnte es sein. Alles, was wir brauchten \u2013 von Benachrichtigungen bis hin zu LMRAs \u2013 war enthalten.\u201c<\/p>\n\n\n\n<p>Die Umstellung verlief nicht ganz reibungslos. \u201eWir mussten uns erst zurechtfinden \u2013 wie bei jeder Ver\u00e4nderung gab es anf\u00e4ngliche Schwierigkeiten, und es ging darum, die Erwartungen abzustimmen.\u201c Doch mit der Intensivierung der Zusammenarbeit wuchs das Vertrauen. \u201eJetzt l\u00e4uft es gut. Wir entwickeln uns gemeinsam weiter und f\u00fcgen kontinuierlich neue Funktionen hinzu. Ich besuche das SafetyFirst-B\u00fcro in Weesp zweimal im Jahr und wir gehen alles durch. Dinge, die nicht funktionieren, oder Anpassungen, die wir w\u00fcnschen. Seitdem haben wir einige Anpassungen vorgenommen. SafetyFirst schl\u00e4gt auch Verbesserungen vor, die wir dann umsetzen. Und falls es doch einmal ein Problem gibt, wird es schnell gel\u00f6st.\u201c<\/p>\n\n\n\n<div class=\"wp-block-group alignfull is-content-justification-space-between is-nowrap is-layout-flex wp-container-core-group-is-layout-cb46ffcb wp-block-group-is-layout-flex\">\n<div class=\"wp-block-columns are-vertically-aligned-center is-layout-flex wp-container-core-columns-is-layout-13c65dd4 wp-block-columns-is-layout-flex\" style=\"padding-top:40px;padding-bottom:40px\">\n<div class=\"wp-block-column is-vertically-aligned-center is-layout-flow wp-block-column-is-layout-flow\" style=\"flex-basis:100%\">\n<div class=\"wp-block-columns is-layout-flex wp-container-core-columns-is-layout-28f84493 wp-block-columns-is-layout-flex\">\n<div class=\"wp-block-column is-vertically-aligned-center is-layout-flow wp-block-column-is-layout-flow\" style=\"flex-basis:100%\">\n<p class=\"has-text-align-center has-secondary-color has-text-color has-link-color has-medium-font-size wp-elements-53862a76092bb7b15b70887f3c0be8df\"><strong><strong><strong>\u201eWir haben den Prozess entsprechend angepasst und man merkt, dass die Leute das System immer besser nutzen k\u00f6nnen.\u201c<\/strong><\/strong><\/strong><\/p>\n<\/div>\n<\/div>\n<\/div>\n<\/div>\n<\/div>\n\n\n\n<h2 class=\"wp-block-heading\">Movares Safe: erkennbar und effektiv<\/h2>\n\n\n\n<p>Movares nutzt VeiligWerk unter seiner eigenen Marke: Movares Safe. Die App erhielt ein einzigartiges Erscheinungsbild mit Corporate Identity, Logo und spezifischen Modulen wie \u201eAllein arbeiten\u201c und Dokumentenmanagement. \u201eWir haben den Prozess entsprechend angepasst, und man merkt, dass die Nutzer das System immer besser nutzen. Wir haben auch Module hinzugef\u00fcgt. Ja, ich arbeite sehr gerne damit, und ein Ende ist noch nicht in Sicht. Es wird also st\u00e4ndig verbessert.\u201c<\/p>\n\n\n\n<p>Insgesamt funktioniert das System gut und ist stabil, sagt Vincent. \u201eWenn etwas schiefgeht, liegt es oft an den Nutzern selbst. Sie scannen den QR-Code beispielsweise mit ihrem eigenen Scanner statt mit dem integrierten. Insgesamt war das Feedback jedoch sehr positiv. Die Nutzer finden es recht benutzerfreundlich.\u201c<\/p>\n\n\n\n<p>Auch andere Branchenakteure haben sich beteiligt. Wir ben\u00f6tigten beispielsweise ein Schulungsmodul. Es stellte sich heraus, dass ein anderes gro\u00dfes Ingenieurb\u00fcro ebenfalls Bedarf hatte. Wir haben sie kontaktiert und darauf aufgebaut. Jetzt schlie\u00dft sich ein weiterer Anbieter an. Wir versuchen, dieses Angebot so breit wie m\u00f6glich zu streuen, denn alle Ingenieurb\u00fcros stehen vor den gleichen Herausforderungen. Je breiter wir es anbieten k\u00f6nnen und je besser es sich in die Prozesse anderer Unternehmen einf\u00fcgt, desto besser profitieren alle.<\/p>\n\n\n\n<div class=\"wp-block-columns are-vertically-aligned-center is-layout-flex wp-container-core-columns-is-layout-13c65dd4 wp-block-columns-is-layout-flex\" style=\"padding-top:40px;padding-bottom:40px\">\n<div class=\"wp-block-column is-vertically-aligned-center is-layout-flow wp-block-column-is-layout-flow\" style=\"flex-basis:100%\">\n<div class=\"wp-block-columns is-layout-flex wp-container-core-columns-is-layout-28f84493 wp-block-columns-is-layout-flex\">\n<div class=\"wp-block-column is-vertically-aligned-center is-layout-flow wp-block-column-is-layout-flow\" style=\"flex-basis:100%\">\n<p class=\"has-text-align-center has-secondary-color has-text-color has-link-color has-medium-font-size wp-elements-2446295c52fb6c5a2d7d2ccb0132c9f1\"><strong>\u201eSie m\u00f6chten die Sicherheit organisieren, ohne dass sie im Papierkram stecken bleibt.\u201c<\/strong><\/p>\n<\/div>\n<\/div>\n<\/div>\n<\/div>\n\n\n\n<h2 class=\"wp-block-heading\">Kein Papierkram, sondern Eigentum<\/h2>\n\n\n\n<p>Die gr\u00f6\u00dfte Herausforderung? Die enorme Vielfalt der Aufgaben bei Movares. Von Fledermausz\u00e4hlungen bis hin zu Br\u00fcckeninspektionen und allem, was dazwischenliegt. \u201eWir besch\u00e4ftigen \u00d6kologen, die Flederm\u00e4use im Wald z\u00e4hlen oder von einer Hubarbeitsb\u00fchne aus in einen Baum schauen, um zu sehen, ob ein Schmetterling Eier gelegt hat. Andere graben einen Testgraben neben einer Landstra\u00dfe oder inspizieren eine Br\u00fccke von einem Ponton unter einer Br\u00fccke aus. Unsere Leute gehen die Bahngleise entlang \u2013 ich k\u00f6nnte so viele Beispiele f\u00fcr die Arbeit unserer Leute nennen! Man m\u00f6chte Sicherheit organisieren, ohne dass sie sich im Papierkram verzettelt. Daher ist ein einheitlicher Gesundheits- und Sicherheitsplan f\u00fcr alles nicht realistisch. Zus\u00e4tzlich haben wir einen internen Schulungskurs entwickelt: einen halben Tag, inklusive Zertifikat. Jeder, der nach drau\u00dfen geht, muss daran teilnehmen. Mit dieser Schulung haben unsere Leute alle n\u00f6tigen Werkzeuge, um wirklich sicher zu arbeiten. Movares Safe ist ein wesentlicher Teil davon.\u201c<\/p>\n\n\n\n<div class=\"wp-block-group alignfull is-content-justification-space-between is-nowrap is-layout-flex wp-container-core-group-is-layout-cb46ffcb wp-block-group-is-layout-flex\">\n<div class=\"wp-block-columns are-vertically-aligned-center is-layout-flex wp-container-core-columns-is-layout-13c65dd4 wp-block-columns-is-layout-flex\" style=\"padding-top:40px;padding-bottom:40px\">\n<div class=\"wp-block-column is-vertically-aligned-center is-layout-flow wp-block-column-is-layout-flow\" style=\"flex-basis:100%\">\n<div class=\"wp-block-columns is-layout-flex wp-container-core-columns-is-layout-28f84493 wp-block-columns-is-layout-flex\">\n<div class=\"wp-block-column is-vertically-aligned-center is-layout-flow wp-block-column-is-layout-flow\" style=\"flex-basis:100%\">\n<p class=\"has-text-align-center has-secondary-color has-text-color has-link-color has-medium-font-size wp-elements-1ca8936999b5b48d7db4dc53c4e441f8\"><strong><strong><strong><strong>\u201eVersuchen Sie, mit anderen Unternehmen derselben Branche zusammenzuarbeiten.\u201c<\/strong><\/strong><\/strong><\/strong><\/p>\n<\/div>\n<\/div>\n<\/div>\n<\/div>\n<\/div>\n\n\n\n<h2 class=\"wp-block-heading\">Tipp an andere Unternehmen<\/h2>\n\n\n\n<p>Mein Tipp f\u00fcr andere Organisationen: Versucht, mit anderen Unternehmen der gleichen Branche zusammenzuarbeiten. Ich finde, dass Unternehmen manchmal zu viel unter sich behalten, was wirklich schade ist. Es gibt mittlerweile so viele verschiedene Varianten, zum Beispiel bei Sicherheitsp\u00e4ssen und Sicherheitskleidung, dass man den Wald vor lauter B\u00e4umen nicht mehr sieht. Es w\u00e4re toll, wenn die gesamte Branche dieselbe App nutzen k\u00f6nnte. Ich freue mich sehr auf diese Art der Zusammenarbeit.<\/p>\n\n\n\n<p><\/p>\n\n\n\n<div class=\"wp-block-cover alignfull is-light has-parallax vwCoverHome2\" style=\"padding-top:0px;padding-right:0px;padding-bottom:0px;padding-left:0px;min-height:400px;aspect-ratio:unset;\"><div class=\"wp-block-cover__image-background wp-image-3594 size-large has-parallax\" style=\"background-position:50% 50%;background-image:url(https:\/\/veiligwerk.net\/wp-content\/uploads\/sites\/5\/2025\/04\/Veiligwerk-Banners-1024x390.png)\"><\/div><span aria-hidden=\"true\" class=\"wp-block-cover__background has-luminous-vivid-amber-background-color has-background-dim-60 has-background-dim\"><\/span><div class=\"wp-block-cover__inner-container is-layout-flow wp-block-cover-is-layout-flow\">\n<h2 class=\"wp-block-heading has-text-align-center has-background-color has-text-color has-large-font-size\">Digitalisieren Sie Ihre Sicherheitsprozesse<\/h2>\n\n\n\n<p class=\"has-text-align-center has-background-color has-text-color has-normal-font-size\">Erfahren Sie, wie SafetyFirst Ihrem Unternehmen helfen kann, seine Sicherheitsprozesse zu verbessern.<\/p>\n\n\n\n<div class=\"wp-block-buttons is-layout-flex wp-block-buttons-is-layout-flex\">\n<div class=\"wp-block-button aligncenter is-style-fill alt-color\"><a class=\"wp-block-button__link has-luminous-vivid-amber-color has-background-background-color has-text-color has-background has-normal-font-size has-custom-font-size wp-element-button\" href=\"https:\/\/safetyfirst.app\/de\/online_demo\/\" style=\"border-radius:0px\">DEMO BUCHEN<\/a><\/div>\n<\/div>\n<\/div><\/div>\n\n\n\n<p><\/p>\n","protected":false},"excerpt":{"rendered":"<p>Beim Ingenieurb\u00fcro Movares geht es bei Sicherheit um viel mehr als nur darum, K\u00e4stchen anzukreuzen. Vincent van Zaalen versteht das besser als jeder andere. Als Sicherheits- und Gesundheitsberater ist er f\u00fcr alles verantwortlich, was mit der internen Sicherheit zu tun hat: von der VCA (Health, Safety, Health and Environment Checklist Contractors) und der Notfallreaktion (BHV) [&hellip;]<\/p>\n","protected":false},"author":9,"featured_media":0,"parent":0,"menu_order":0,"comment_status":"closed","ping_status":"closed","template":"","meta":{"footnotes":""},"class_list":["post-2938","page","type-page","status-publish","hentry"],"_links":{"self":[{"href":"https:\/\/safetyfirst.app\/de\/wp-json\/wp\/v2\/pages\/2938","targetHints":{"allow":["GET"]}}],"collection":[{"href":"https:\/\/safetyfirst.app\/de\/wp-json\/wp\/v2\/pages"}],"about":[{"href":"https:\/\/safetyfirst.app\/de\/wp-json\/wp\/v2\/types\/page"}],"author":[{"embeddable":true,"href":"https:\/\/safetyfirst.app\/de\/wp-json\/wp\/v2\/users\/9"}],"replies":[{"embeddable":true,"href":"https:\/\/safetyfirst.app\/de\/wp-json\/wp\/v2\/comments?post=2938"}],"version-history":[{"count":1,"href":"https:\/\/safetyfirst.app\/de\/wp-json\/wp\/v2\/pages\/2938\/revisions"}],"predecessor-version":[{"id":2939,"href":"https:\/\/safetyfirst.app\/de\/wp-json\/wp\/v2\/pages\/2938\/revisions\/2939"}],"wp:attachment":[{"href":"https:\/\/safetyfirst.app\/de\/wp-json\/wp\/v2\/media?parent=2938"}],"curies":[{"name":"wp","href":"https:\/\/api.w.org\/{rel}","templated":true}]}}