{"id":2936,"date":"2025-08-01T11:27:08","date_gmt":"2025-08-01T11:27:08","guid":{"rendered":"https:\/\/safetyfirst.app\/de\/?page_id=2936"},"modified":"2025-08-01T11:27:08","modified_gmt":"2025-08-01T11:27:08","slug":"sicherheit-geht-vor-wie-dura-vermeer-infra-datengesteuertes-management-mit-safetyfirst-nutzt","status":"publish","type":"page","link":"https:\/\/safetyfirst.app\/de\/sicherheit-geht-vor-wie-dura-vermeer-infra-datengesteuertes-management-mit-safetyfirst-nutzt\/","title":{"rendered":"Sicherheit geht vor: Wie Dura Vermeer Infra datengesteuertes Management mit SafetyFirst nutzt"},"content":{"rendered":"\n<div class=\"wp-block-cover alignfull is-light\" style=\"padding-right:0;padding-left:0;min-height:430px;aspect-ratio:unset;\"><img decoding=\"async\" class=\"wp-block-cover__image-background wp-image-3606 size-large\" alt=\"\" src=\"https:\/\/veiligwerk.net\/wp-content\/uploads\/sites\/5\/2025\/05\/DuraVermeer-VeiligWerk-1-1024x390.png\" data-object-fit=\"cover\" \/><span aria-hidden=\"true\" class=\"wp-block-cover__background has-background-dim\" style=\"background-color:#c5c2ad\"><\/span><div class=\"wp-block-cover__inner-container is-layout-flow wp-block-cover-is-layout-flow\">\n<p class=\"has-text-align-center\"><\/p>\n<\/div><\/div>\n\n\n\n<div class=\"wp-block-group alignfull has-primary-background-color has-background is-vertical is-layout-flex wp-container-core-group-is-layout-16b6c07a wp-block-group-is-layout-flex\" style=\"margin-top:0px\">\n<div class=\"wp-block-columns is-layout-flex wp-container-core-columns-is-layout-28f84493 wp-block-columns-is-layout-flex\">\n<div class=\"wp-block-column breadcrumb is-layout-flow wp-block-column-is-layout-flow\"><h1 style=\"font-style:normal;font-weight:600;\" class=\"wp-block-post-title has-text-color has-background-color has-big-font-size\">Sicherheit geht vor: Wie Dura Vermeer Infra datengesteuertes Management mit SafetyFirst nutzt<\/h1><\/div>\n<\/div>\n<\/div>\n\n\n\n<p>Bei <a href=\"https:\/\/www.duravermeer.nl\/\">Dura Vermeer<\/a> steht Sicherheit an erster Stelle, vom Entwurf bis zur Wartung. Um dies zu gew\u00e4hrleisten, arbeitet das Unternehmen seit 2017 mit SafetyFirst zusammen, das \u00fcber die Dura Vermeer-eigene SAVE-App verf\u00fcgbar ist. Naomi Erol, Sicherheitskoordinatorin im Bereich Infrastruktur, erkl\u00e4rt, wie das Unternehmen in den letzten Jahren erhebliche Fortschritte bei der Digitalisierung, dem informationsgesteuerten Arbeiten und der Mitarbeiterbindung erzielt hat. \u201eSicherheit hat f\u00fcr uns oberste Priorit\u00e4t und wir setzen uns t\u00e4glich aktiv daf\u00fcr ein. Dank SafetyFirst k\u00f6nnen wir dies nun viel effektiver untermauern und gezielte Verbesserungen vornehmen.\u201c<\/p>\n\n\n\n<div class=\"wp-block-group alignfull is-content-justification-space-between is-nowrap is-layout-flex wp-container-core-group-is-layout-cb46ffcb wp-block-group-is-layout-flex\">\n<div class=\"wp-block-columns are-vertically-aligned-center is-layout-flex wp-container-core-columns-is-layout-13c65dd4 wp-block-columns-is-layout-flex\" style=\"padding-top:40px;padding-bottom:40px\">\n<div class=\"wp-block-column is-vertically-aligned-center is-layout-flow wp-block-column-is-layout-flow\" style=\"flex-basis:100%\">\n<div class=\"wp-block-columns is-layout-flex wp-container-core-columns-is-layout-28f84493 wp-block-columns-is-layout-flex\">\n<div class=\"wp-block-column is-vertically-aligned-center is-layout-flow wp-block-column-is-layout-flow\" style=\"flex-basis:100%\">\n<p class=\"has-text-align-center has-secondary-color has-text-color has-link-color has-medium-font-size wp-elements-b2b2dc993cc495301cf8b98b00a3433f\"><strong>\u201eSo entsteht ein kompletter Entwicklungsprozess, in den wir auch mit einflie\u00dfen k\u00f6nnen.\u201c<\/strong><\/p>\n<\/div>\n<\/div>\n<\/div>\n<\/div>\n<\/div>\n\n\n\n<h2 class=\"wp-block-heading\">Vom Wunsch zur Individualisierung<\/h2>\n\n\n\n<p>\u201eWir arbeiten seit 2017 mit SafetyFirst zusammen, haben aber im letzten Jahr einige \u00c4nderungen an der SAVE-App vorgenommen\u201c, sagt Naomi. \u201eDie SAVE-App wurde einmal erstellt und blieb jahrelang unver\u00e4ndert, bis letztes Jahr. Die Nutzung der App hat in den letzten Jahren deutlich zugenommen, und unsere Anforderungen haben sich ge\u00e4ndert, was einen anderen Ansatz erfordert.\u201c Gemeinsam mit SafetyFirst haben wir uns f\u00fcr eine eigene Serverumgebung entschieden. Dies bedeutete eine schnellere Umsetzung von \u00c4nderungen, mehr Anpassungsm\u00f6glichkeiten und mehr Einfluss auf die Funktionalit\u00e4ten. \u201eWir m\u00f6chten unsere Anforderungen in der App professionell umsetzen. Unsere Anforderungen werden entwickelt, dann getestet und nach der Abnahme in Produktion genommen. Dadurch entsteht ein umfassender Entwicklungsprozess, in den wir auch Einfluss nehmen k\u00f6nnen\u201c, sagt Naomi.<\/p>\n\n\n\n<div class=\"wp-block-group alignfull is-content-justification-space-between is-nowrap is-layout-flex wp-container-core-group-is-layout-cb46ffcb wp-block-group-is-layout-flex\">\n<div class=\"wp-block-columns are-vertically-aligned-center is-layout-flex wp-container-core-columns-is-layout-13c65dd4 wp-block-columns-is-layout-flex\" style=\"padding-top:40px;padding-bottom:40px\">\n<div class=\"wp-block-column is-vertically-aligned-center is-layout-flow wp-block-column-is-layout-flow\" style=\"flex-basis:100%\">\n<div class=\"wp-block-columns is-layout-flex wp-container-core-columns-is-layout-28f84493 wp-block-columns-is-layout-flex\">\n<div class=\"wp-block-column is-vertically-aligned-center is-layout-flow wp-block-column-is-layout-flow\" style=\"flex-basis:100%\">\n<p class=\"has-text-align-center has-secondary-color has-text-color has-link-color has-medium-font-size wp-elements-81ffc6e04caad7ae73e5a5a487774c14\"><strong><strong><strong>\u201eWir haben so viele Projekte, von gro\u00df bis klein, und sobald man wei\u00df, was los ist, kann man schneller handeln und schneller an den Kn\u00f6pfen drehen.\u201c<\/strong><\/strong><\/strong><\/p>\n<\/div>\n<\/div>\n<\/div>\n<\/div>\n<\/div>\n\n\n\n<h2 class=\"wp-block-heading\">Aus Daten lernen<\/h2>\n\n\n\n<p>Ein spezielles Power BI-Dashboard visualisiert Trends in Berichten und Vorf\u00e4llen. \u201eWir nutzen die Daten aus der App f\u00fcr unser Sicherheitsmanagement. Die App hilft uns vor allem dabei, Einblicke in das Geschehen bei Projekten zu gewinnen. Wir haben so viele Projekte, von gro\u00df bis klein, und wenn man wei\u00df, was los ist, kann man schneller handeln und die Kontrollen schneller anpassen. Stellen Sie sich vor, Inspektionen bei einem bestimmten Projekt zeigen oft, dass die Baustellenplanung nicht den Anforderungen entspricht. Ohne ein gutes Dashboard ist es schwierig, angemessen zu reagieren. Wenn ein Vorfall nicht gemeldet wird, k\u00f6nnen wir nicht darauf reagieren. Dieses Problem kann an mehreren Stellen auftreten und auf die Notwendigkeit einer Prozess\u00e4nderung hinweisen. Durch das Sammeln und Analysieren all dieser Informationen lernen wir enorm viel und k\u00f6nnen gezielte Verbesserungen umsetzen.\u201c<\/p>\n\n\n\n<div class=\"wp-block-columns are-vertically-aligned-center is-layout-flex wp-container-core-columns-is-layout-13c65dd4 wp-block-columns-is-layout-flex\" style=\"padding-top:40px;padding-bottom:40px\">\n<div class=\"wp-block-column is-vertically-aligned-center is-layout-flow wp-block-column-is-layout-flow\" style=\"flex-basis:100%\">\n<div class=\"wp-block-columns is-layout-flex wp-container-core-columns-is-layout-28f84493 wp-block-columns-is-layout-flex\">\n<div class=\"wp-block-column is-vertically-aligned-center is-layout-flow wp-block-column-is-layout-flow\" style=\"flex-basis:100%\">\n<p class=\"has-text-align-center has-secondary-color has-text-color has-link-color has-medium-font-size wp-elements-f5f29c7c5a0cd0c0d7669f00cf542465\"><strong>&#8222;Wir k\u00f6nnen wirklich zeigen, dass es Trends gibt, ohne mit einer Excel-Tabelle herumhantieren zu m\u00fcssen.<\/strong>&#8222;<\/p>\n<\/div>\n<\/div>\n<\/div>\n<\/div>\n\n\n\n<h2 class=\"wp-block-heading\">\u00dcbersichtliche Berichterstattung<\/h2>\n\n\n\n<p>\u201eWir k\u00f6nnen die Daten auch sehr gut visualisieren und in unser Reporting einflie\u00dfen lassen\u201c, erkl\u00e4rt Naomi. \u201eWir haben alles selbst automatisiert und k\u00f6nnen in unseren Berichten beispielsweise zeigen, dass sich die Arbeitsplatzgestaltung durch bestimmte Ma\u00dfnahmen um einen bestimmten Prozentsatz verbessert hat. So k\u00f6nnen wir Trends wirklich aufzeigen, ohne in Excel herumfummeln zu m\u00fcssen.\u201c<\/p>\n\n\n\n<div class=\"wp-block-group alignfull is-content-justification-space-between is-nowrap is-layout-flex wp-container-core-group-is-layout-cb46ffcb wp-block-group-is-layout-flex\">\n<div class=\"wp-block-columns are-vertically-aligned-center is-layout-flex wp-container-core-columns-is-layout-13c65dd4 wp-block-columns-is-layout-flex\" style=\"padding-top:40px;padding-bottom:40px\">\n<div class=\"wp-block-column is-vertically-aligned-center is-layout-flow wp-block-column-is-layout-flow\" style=\"flex-basis:100%\">\n<div class=\"wp-block-columns is-layout-flex wp-container-core-columns-is-layout-28f84493 wp-block-columns-is-layout-flex\">\n<div class=\"wp-block-column is-vertically-aligned-center is-layout-flow wp-block-column-is-layout-flow\" style=\"flex-basis:100%\">\n<p class=\"has-text-align-center has-secondary-color has-text-color has-link-color has-medium-font-size wp-elements-4a8a9055c3faff06121b40f1cad7d267\"><strong><strong><strong><strong>&#8222;Wir belohnen diejenigen, die sichere Situationen melden, au\u00dferdem beispielsweise mit einem Sicherheitskuchen oder einem kleinen Geschenk.<\/strong><\/strong><\/strong><\/strong>&#8222;<\/p>\n<\/div>\n<\/div>\n<\/div>\n<\/div>\n<\/div>\n\n\n\n<h2 class=\"wp-block-heading\">Meldebereitschaft gestiegen<\/h2>\n\n\n\n<p>Die SAVE-App ist bei Dura Vermeer zu einem Begriff geworden. Es werden immer mehr Meldungen eingereicht, sowohl positive als auch negative, sagt Naomi: \u201eEs gibt einen deutlichen Aufw\u00e4rtstrend. Meldungen \u00fcber unsichere Situationen stehen an erster Stelle, aber auch Sicherheitsmeldungen, denn wir f\u00f6rdern die Meldung von Dingen, die gut und sicher gemacht werden. Wir belohnen diejenigen, die sichere Situationen melden, auch mit Dingen wie einem Sicherheitskuchen oder einem kleinen Geschenk. Das gilt sowohl f\u00fcr unsere eigenen Mitarbeiter als auch f\u00fcr die Partner, mit denen wir zusammenarbeiten und die Dinge \u00fcber die SAVE-App melden.\u201c<\/p>\n\n\n\n<h2 class=\"wp-block-heading\">Steuerung der gr\u00f6\u00dften Risiken<\/h2>\n\n\n\n<p>Dura Vermeer verwendet sechs Top-Sicherheitsrisiken (Kollisionsgefahr, strukturelle Sicherheit, Stromschlag, gef\u00e4hrliche Stoffe, Heben und Transportieren sowie Abst\u00fcrze aus der H\u00f6he). Basierend auf diesen Top-Risiken wurde das Meldeformular in der App so angepasst, dass es diese auch tats\u00e4chlich ber\u00fccksichtigt. Naomi: \u201eWir arbeiten derzeit mit SafetyFirst an einer verbesserten Funktionalit\u00e4t des Inspektionsformulars, um es interaktiv zu gestalten. Wir m\u00f6chten die Top-Risiken im interaktiven Inspektionsformular besser hervorheben, damit sie auf jeder Ebene des Arbeitsprozesses sichtbar sind, ohne sie doppelt erfassen zu m\u00fcssen.\u201c<\/p>\n\n\n\n<p class=\"has-text-align-center has-secondary-color has-text-color has-link-color wp-elements-1216a049d9a9d2ad0842c2deefc3b8fc\">&#8222;<strong><strong><strong><strong>Wir verstehen besser, was passiert. Dadurch k\u00f6nnen wir schneller handeln, besser lernen und letztendlich sicherer arbeiten. Und darum geht es.<\/strong><\/strong><\/strong><\/strong>&#8222;<\/p>\n\n\n\n<h2 class=\"wp-block-heading\">Praxistipp: Klein anfangen<\/h2>\n\n\n\n<p>Naomi hat einen Tipp f\u00fcr Organisationen, die gerade erst mit der Nutzung der SafetyFirst-App beginnen. \u201e\u00dcberlegen Sie sich beim Einrichten der App genau, welche Informationen Sie daraus gewinnen m\u00f6chten. Arbeiten Sie von diesem Punkt aus r\u00fcckw\u00e4rts. Fangen Sie klein an, skalieren Sie nach oben und vermeiden Sie eine zu komplexe Berichtsstruktur. Weniger ist mehr.\u201c Naomi ist sich \u00fcber die Ergebnisse der Zusammenarbeit f\u00fcr Dura Vermeer im Klaren: \u201eWir verstehen jetzt besser, was passiert. Dadurch k\u00f6nnen wir schneller handeln, besser lernen und letztendlich sicherer arbeiten. Und darum geht es. Wir m\u00f6chten, dass jeder jeden Tag sicher und gesund nach Hause kommt.\u201c<\/p>\n\n\n\n<div class=\"wp-block-cover alignfull is-light has-parallax vwCoverHome2\" style=\"padding-top:0px;padding-right:0px;padding-bottom:0px;padding-left:0px;min-height:400px;aspect-ratio:unset;\"><div class=\"wp-block-cover__image-background wp-image-3606 size-large has-parallax\" style=\"background-position:50% 50%;background-image:url(https:\/\/veiligwerk.net\/wp-content\/uploads\/sites\/5\/2025\/05\/DuraVermeer-VeiligWerk-1-1024x390.png)\"><\/div><span aria-hidden=\"true\" class=\"wp-block-cover__background has-luminous-vivid-amber-background-color has-background-dim-60 has-background-dim\"><\/span><div class=\"wp-block-cover__inner-container is-layout-flow wp-block-cover-is-layout-flow\">\n<h2 class=\"wp-block-heading has-text-align-center has-background-color has-text-color has-large-font-size\">Digitalisieren Sie Ihre Sicherheitsprozesse<\/h2>\n\n\n\n<p class=\"has-text-align-center has-background-color has-text-color has-normal-font-size\">Sehen Sie, wie SafetyFirst Ihrem Unternehmen helfen kann, seine Sicherheitsprozesse zu verbessern.<\/p>\n\n\n\n<div class=\"wp-block-buttons is-layout-flex wp-block-buttons-is-layout-flex\">\n<div class=\"wp-block-button aligncenter is-style-fill alt-color\"><a class=\"wp-block-button__link has-luminous-vivid-amber-color has-background-background-color has-text-color has-background has-normal-font-size has-custom-font-size wp-element-button\" href=\"https:\/\/safetyfirst.app\/de\/online_demo\/\" style=\"border-radius:0px\">DEMO BUCHEN<\/a><\/div>\n<\/div>\n<\/div><\/div>\n\n\n\n<p><\/p>\n","protected":false},"excerpt":{"rendered":"<p>Bei Dura Vermeer steht Sicherheit an erster Stelle, vom Entwurf bis zur Wartung. Um dies zu gew\u00e4hrleisten, arbeitet das Unternehmen seit 2017 mit SafetyFirst zusammen, das \u00fcber die Dura Vermeer-eigene SAVE-App verf\u00fcgbar ist. Naomi Erol, Sicherheitskoordinatorin im Bereich Infrastruktur, erkl\u00e4rt, wie das Unternehmen in den letzten Jahren erhebliche Fortschritte bei der Digitalisierung, dem informationsgesteuerten Arbeiten [&hellip;]<\/p>\n","protected":false},"author":9,"featured_media":0,"parent":0,"menu_order":0,"comment_status":"closed","ping_status":"closed","template":"","meta":{"footnotes":""},"class_list":["post-2936","page","type-page","status-publish","hentry"],"_links":{"self":[{"href":"https:\/\/safetyfirst.app\/de\/wp-json\/wp\/v2\/pages\/2936","targetHints":{"allow":["GET"]}}],"collection":[{"href":"https:\/\/safetyfirst.app\/de\/wp-json\/wp\/v2\/pages"}],"about":[{"href":"https:\/\/safetyfirst.app\/de\/wp-json\/wp\/v2\/types\/page"}],"author":[{"embeddable":true,"href":"https:\/\/safetyfirst.app\/de\/wp-json\/wp\/v2\/users\/9"}],"replies":[{"embeddable":true,"href":"https:\/\/safetyfirst.app\/de\/wp-json\/wp\/v2\/comments?post=2936"}],"version-history":[{"count":1,"href":"https:\/\/safetyfirst.app\/de\/wp-json\/wp\/v2\/pages\/2936\/revisions"}],"predecessor-version":[{"id":2937,"href":"https:\/\/safetyfirst.app\/de\/wp-json\/wp\/v2\/pages\/2936\/revisions\/2937"}],"wp:attachment":[{"href":"https:\/\/safetyfirst.app\/de\/wp-json\/wp\/v2\/media?parent=2936"}],"curies":[{"name":"wp","href":"https:\/\/api.w.org\/{rel}","templated":true}]}}