{"id":2933,"date":"2025-08-01T11:18:41","date_gmt":"2025-08-01T11:18:41","guid":{"rendered":"https:\/\/safetyfirst.app\/de\/?page_id=2933"},"modified":"2025-08-01T11:19:51","modified_gmt":"2025-08-01T11:19:51","slug":"hollandse-delta-water-board-sicherheit-auf-einem-hoeheren-niveau-mit-veiligwerk","status":"publish","type":"page","link":"https:\/\/safetyfirst.app\/de\/hollandse-delta-water-board-sicherheit-auf-einem-hoeheren-niveau-mit-veiligwerk\/","title":{"rendered":"Hollandse Delta Water Board: Sicherheit auf einem h\u00f6heren Niveau mit SafetyFirst"},"content":{"rendered":"\n<div class=\"wp-block-cover alignfull is-light\" style=\"padding-right:0;padding-left:0;min-height:430px;aspect-ratio:unset;\"><img decoding=\"async\" class=\"wp-block-cover__image-background wp-image-3518\" alt=\"\" src=\"https:\/\/veiligwerk.net\/wp-content\/uploads\/sites\/5\/2025\/03\/WSHD-Veiligwerk-Banners.png\" style=\"object-position:49% 100%\" data-object-fit=\"cover\" data-object-position=\"49% 100%\" \/><span aria-hidden=\"true\" class=\"wp-block-cover__background has-background-dim\" style=\"background-color:#d0cab4\"><\/span><div class=\"wp-block-cover__inner-container is-layout-flow wp-block-cover-is-layout-flow\">\n<p class=\"has-text-align-center\"><\/p>\n<\/div><\/div>\n\n\n\n<div class=\"wp-block-group alignfull has-primary-background-color has-background is-vertical is-layout-flex wp-container-core-group-is-layout-16b6c07a wp-block-group-is-layout-flex\" style=\"margin-top:0px\">\n<div class=\"wp-block-columns is-layout-flex wp-container-core-columns-is-layout-28f84493 wp-block-columns-is-layout-flex\">\n<div class=\"wp-block-column breadcrumb is-layout-flow wp-block-column-is-layout-flow\"><h1 style=\"font-style:normal;font-weight:600;\" class=\"wp-block-post-title has-text-color has-background-color has-big-font-size\">Hollandse Delta Water Board: Sicherheit auf einem h\u00f6heren Niveau mit SafetyFirst<\/h1><\/div>\n<\/div>\n<\/div>\n\n\n\n<p>Der Wasserverband Hollandse Delta verwaltet und sch\u00fctzt das Wasser in weiten Teilen S\u00fcdhollands. Sicherheit hat f\u00fcr den Verband oberste Priorit\u00e4t, doch die Erfassung und Nachverfolgung von Sicherheitsmeldungen war bisher fragmentiert und zeitaufw\u00e4ndig. Seit der Einf\u00fchrung der SafetyFirst-App hat der Verband erhebliche Fortschritte bei der Zentralisierung von Sicherheitsinformationen und der Verbesserung der Nachverfolgung von Meldungen erzielt.<\/p>\n\n\n\n<div class=\"wp-block-group alignfull is-content-justification-space-between is-nowrap is-layout-flex wp-container-core-group-is-layout-cb46ffcb wp-block-group-is-layout-flex\">\n<div class=\"wp-block-columns are-vertically-aligned-center is-layout-flex wp-container-core-columns-is-layout-13c65dd4 wp-block-columns-is-layout-flex\" style=\"padding-top:40px;padding-bottom:40px\">\n<div class=\"wp-block-column is-vertically-aligned-center is-layout-flow wp-block-column-is-layout-flow\" style=\"flex-basis:100%\">\n<div class=\"wp-block-columns is-layout-flex wp-container-core-columns-is-layout-28f84493 wp-block-columns-is-layout-flex\">\n<div class=\"wp-block-column is-vertically-aligned-center is-layout-flow wp-block-column-is-layout-flow\" style=\"flex-basis:100%\">\n<p class=\"has-text-align-center has-secondary-color has-text-color has-link-color has-medium-font-size wp-elements-3fe93ddd565190357110536b271415af\"><strong>&#8222;Die gr\u00f6\u00dfte Herausforderung bestand darin, die Daten zu zentralisieren und einen \u00dcberblick zu schaffen. Die Anzahl der eingereichten Meldungen und deren Nachverfolgung konnten verbessert werden.<\/strong>&#8222;<\/p>\n<\/div>\n<\/div>\n<\/div>\n<\/div>\n<\/div>\n\n\n\n<h2 class=\"wp-block-heading\">Herausforderungen f\u00fcr den Wasserverband vor der Umsetzung von SafetyFirst<\/h2>\n\n\n\n<p>Laurens de Brouwer, Manager f\u00fcr integrierte Sicherheit beim Wasserverband Hollandse Delta, erkl\u00e4rt: \u201eAls Wasserverband befassen wir uns mit verschiedenen Disziplinen: Management, Reinigung und Durchsetzung. Die gr\u00f6\u00dfte Herausforderung bestand darin, die Daten zu zentralisieren und einen \u00dcberblick zu schaffen. Die Anzahl der eingereichten Berichte und deren Weiterverfolgung waren verbesserungsw\u00fcrdig. In diesem Bereich haben wir nun erhebliche Fortschritte erzielt.\u201c Zuvor wurde f\u00fcr die Einreichung von Berichten ein anderes System verwendet, aber nach gr\u00fcndlicher Untersuchung wechselten wir zu SafetyFirst (Sicheres Arbeiten). Die Verwendung der SafetyFirst-Anwendung f\u00fchrte zu einer effizienteren Weiterverfolgung und einem besseren Einblick in Trends. Dar\u00fcber hinaus wurden Berichte in verschiedenen Bereichen wie Arbeitsschutz, Cybersicherheit und dem Gesetz zur Resilienz kritischer Einheiten (WKE) \u00fcber verschiedene Kan\u00e4le verteilt, sodass ein integrierter Ansatz fehlte.<\/p>\n\n\n\n<div class=\"wp-block-group alignfull is-content-justification-space-between is-nowrap is-layout-flex wp-container-core-group-is-layout-cb46ffcb wp-block-group-is-layout-flex\">\n<div class=\"wp-block-columns are-vertically-aligned-center is-layout-flex wp-container-core-columns-is-layout-13c65dd4 wp-block-columns-is-layout-flex\" style=\"padding-top:40px;padding-bottom:40px\">\n<div class=\"wp-block-column is-vertically-aligned-center is-layout-flow wp-block-column-is-layout-flow\" style=\"flex-basis:100%\">\n<div class=\"wp-block-columns is-layout-flex wp-container-core-columns-is-layout-28f84493 wp-block-columns-is-layout-flex\">\n<div class=\"wp-block-column is-vertically-aligned-center is-layout-flow wp-block-column-is-layout-flow\" style=\"flex-basis:100%\">\n<p class=\"has-text-align-center has-secondary-color has-text-color has-link-color has-medium-font-size wp-elements-560da03d753b1a6696ebff64d6e34d9e\">\u201eSafetyFirst war innerhalb des Wasserverbands Hollandse Delta noch kein bekannter Akteur, sodass zus\u00e4tzliche Anstrengungen n\u00f6tig waren, um einen reibungslosen Ablauf zu gew\u00e4hrleisten. Gl\u00fccklicherweise waren alle von den Vorteilen von SafetyFirst \u00fcberzeugt.\u201c<\/p>\n<\/div>\n<\/div>\n<\/div>\n<\/div>\n<\/div>\n\n\n\n<h2 class=\"wp-block-heading\">Die L\u00f6sung: SafetyFirst<\/h2>\n\n\n\n<p>Der Wasserverband entschied sich f\u00fcr die SafetyFirst-App, um Sicherheitsmeldungen effizienter erfassen und nachverfolgen zu k\u00f6nnen. Die SafetyFirst-App umfasst verschiedene Module wie Meldungen, Inspektionen, Alleinarbeiten, Arbeitsanweisungskarten und Neuigkeiten. So entsteht ein vielseitiges Tool, das dem Wasserverband hilft, seine Arbeit sicher auszuf\u00fchren. Die Entscheidung f\u00fcr SafetyFirst war nicht selbstverst\u00e4ndlich, erkl\u00e4rt Laurens. \u201eSafetyFirst war beim Wasserverband Hollandse Delta noch kein bekannter Akteur, sodass zus\u00e4tzlicher Aufwand erforderlich war, um einen reibungslosen Ablauf zu gew\u00e4hrleisten. Aber gl\u00fccklicherweise waren letztendlich alle von den Vorteilen von SafetyFirst \u00fcberzeugt.\u201c<\/p>\n\n\n\n<div class=\"wp-block-group alignfull is-content-justification-space-between is-nowrap is-layout-flex wp-container-core-group-is-layout-cb46ffcb wp-block-group-is-layout-flex\">\n<div class=\"wp-block-columns are-vertically-aligned-center is-layout-flex wp-container-core-columns-is-layout-13c65dd4 wp-block-columns-is-layout-flex\" style=\"padding-top:40px;padding-bottom:40px\">\n<div class=\"wp-block-column is-vertically-aligned-center is-layout-flow wp-block-column-is-layout-flow\" style=\"flex-basis:100%\">\n<div class=\"wp-block-columns is-layout-flex wp-container-core-columns-is-layout-28f84493 wp-block-columns-is-layout-flex\">\n<div class=\"wp-block-column is-vertically-aligned-center is-layout-flow wp-block-column-is-layout-flow\" style=\"flex-basis:100%\">\n<p class=\"has-text-align-center has-secondary-color has-text-color has-link-color has-medium-font-size wp-elements-bcedfa5d518a79ee7c33d51e0e6e29e0\">Ich glaubte nicht, dass die Anwendung f\u00fcr einen Laien ohne Erkl\u00e4rung bedienbar w\u00e4re, also legte ich sie meinem Abteilungsleiter ohne weitere Erkl\u00e4rung zum Testen vor. Und zu meiner \u00dcberraschung konnte er sie m\u00fchelos bedienen.<\/p>\n<\/div>\n<\/div>\n<\/div>\n<\/div>\n<\/div>\n\n\n\n<h2 class=\"wp-block-heading\">Reibungslose Umsetzung<\/h2>\n\n\n\n<p>Organisationen bef\u00fcrchten h\u00e4ufig, dass die Implementierung eines neuen Systems viel Zeit und Ressourcen kostet. Beim Hollandse Delta Water Board verlief dies jedoch relativ reibungslos. Der Kickoff fand am 19. Februar statt, die erste Benachrichtigung in der Testumgebung erfolgte am 6. M\u00e4rz, und die App ging am 21. April live. In der realen Umgebung war die App ab dem 8. Mai einsatzbereit. Laurens: \u201eDie meiste Zeit haben wir mit gr\u00fcndlicher Recherche und Verhandlungen verbracht, um sicherzustellen, dass wir das effizienteste System auf dem Markt ausw\u00e4hlen. Die Implementierung der App war f\u00fcr uns ein relativ unkomplizierter Prozess. Irgendwann fragte die Projektgruppe, ob es ein Benutzerhandbuch g\u00e4be. Laurens erkl\u00e4rte: \u201eIch glaubte nicht, dass die Anwendung von einem Laien ohne Erkl\u00e4rung verwendet werden k\u00f6nnte, also pr\u00e4sentierte ich sie meinem Abteilungsleiter als Test ohne weitere Erkl\u00e4rung. Und zu meiner \u00dcberraschung konnte er sie problemlos verwenden.\u201c<\/p>\n\n\n\n<div class=\"wp-block-group alignfull is-content-justification-space-between is-nowrap is-layout-flex wp-container-core-group-is-layout-cb46ffcb wp-block-group-is-layout-flex\">\n<div class=\"wp-block-columns are-vertically-aligned-center is-layout-flex wp-container-core-columns-is-layout-13c65dd4 wp-block-columns-is-layout-flex\" style=\"padding-top:40px;padding-bottom:40px\">\n<div class=\"wp-block-column is-vertically-aligned-center is-layout-flow wp-block-column-is-layout-flow\" style=\"flex-basis:100%\">\n<div class=\"wp-block-columns is-layout-flex wp-container-core-columns-is-layout-28f84493 wp-block-columns-is-layout-flex\">\n<div class=\"wp-block-column is-vertically-aligned-center is-layout-flow wp-block-column-is-layout-flow\" style=\"flex-basis:100%\">\n<p class=\"has-text-align-center has-secondary-color has-text-color has-link-color has-medium-font-size wp-elements-0922652904c057ad053b85bead47d7a5\">\u201eSeit Einf\u00fchrung der SafetyFirst-App ist die Zahl der registrierten Meldungen um ca. 40 % gestiegen.\u201c<\/p>\n<\/div>\n<\/div>\n<\/div>\n<\/div>\n<\/div>\n\n\n\n<h2 class=\"wp-block-heading\">Ergebnisse nach der Implementierung<\/h2>\n\n\n\n<p>Seit Einf\u00fchrung der SafetyFirst-App ist die Zahl der registrierten Meldungen um rund 40 % gestiegen. Dies deutet auf eine verbesserte Meldekultur und ein gesteigertes Sicherheitsbewusstsein hin. \u201eDie Meldeschwelle wurde gesenkt, sodass die Meldung schneller und einfacher erfolgt. Mitarbeiter k\u00f6nnen nun innerhalb von 30 Sekunden eine Meldung \u00fcber ihr Telefon einreichen\u201c, sagt Laurens.<\/p>\n\n\n\n<div class=\"wp-block-group alignfull is-content-justification-space-between is-nowrap is-layout-flex wp-container-core-group-is-layout-cb46ffcb wp-block-group-is-layout-flex\">\n<div class=\"wp-block-columns are-vertically-aligned-center is-layout-flex wp-container-core-columns-is-layout-13c65dd4 wp-block-columns-is-layout-flex\" style=\"padding-top:40px;padding-bottom:40px\">\n<div class=\"wp-block-column is-vertically-aligned-center is-layout-flow wp-block-column-is-layout-flow\" style=\"flex-basis:100%\">\n<div class=\"wp-block-columns is-layout-flex wp-container-core-columns-is-layout-28f84493 wp-block-columns-is-layout-flex\">\n<div class=\"wp-block-column is-vertically-aligned-center is-layout-flow wp-block-column-is-layout-flow\" style=\"flex-basis:100%\">\n<p class=\"has-text-align-center has-secondary-color has-text-color has-link-color has-medium-font-size wp-elements-f7320416d87f0642ec90bebb94125e48\">Ist es ein Zufall, dass wir im selben Jahr, in dem SafetyFirst gegr\u00fcndet wurde, Stufe 3 der SCL erreicht haben? Vielleicht. Aber es hat definitiv dazu beigetragen, das Bewusstsein und das Engagement zu st\u00e4rken.<\/p>\n<\/div>\n<\/div>\n<\/div>\n<\/div>\n<\/div>\n\n\n\n<h2 class=\"wp-block-heading\">Auswirkungen auf die SCL<\/h2>\n\n\n\n<p>Die verbesserte Struktur und der Einblick in die Sicherheitsberichte trugen dazu bei, dass wir 2024 Stufe 3 der Sicherheitskulturleiter erreichten. Diese Zertifizierungsstufe spiegelt eine ausgereifte Sicherheitskultur innerhalb des Unternehmens wider.<\/p>\n\n\n\n<p>Die SCL war kein Selbstzweck, sondern ein Mittel zur Verbesserung der Sicherheit. Die Anwendung trug zu einem sichereren Hollandse Delta Water Board (WSHD) bei. Dar\u00fcber hinaus wurde das WSHD im selben Jahr auch nach SCL-Stufe 3 zertifiziert.<\/p>\n\n\n\n<p>\u201eIst es ein Zufall, dass wir Stufe 3 im selben Jahr erreichten, in dem SafetyFirst eingef\u00fchrt wurde? Vielleicht. Aber es hat definitiv zu mehr Bewusstsein und Engagement beigetragen\u201c, sagt Laurens.<\/p>\n\n\n\n<div class=\"wp-block-group alignfull is-content-justification-space-between is-nowrap is-layout-flex wp-container-core-group-is-layout-cb46ffcb wp-block-group-is-layout-flex\">\n<div class=\"wp-block-columns are-vertically-aligned-center is-layout-flex wp-container-core-columns-is-layout-13c65dd4 wp-block-columns-is-layout-flex\" style=\"padding-top:40px;padding-bottom:40px\">\n<div class=\"wp-block-column is-vertically-aligned-center is-layout-flow wp-block-column-is-layout-flow\" style=\"flex-basis:100%\">\n<div class=\"wp-block-columns is-layout-flex wp-container-core-columns-is-layout-28f84493 wp-block-columns-is-layout-flex\">\n<div class=\"wp-block-column is-vertically-aligned-center is-layout-flow wp-block-column-is-layout-flow\" style=\"flex-basis:100%\">\n<p class=\"has-text-align-center has-secondary-color has-text-color has-link-color has-medium-font-size wp-elements-22eaedebed63fb3c81c0bb0def7d2bfd\">\u201eDieses System hilft uns wirklich, die Sicherheit auf die n\u00e4chste Stufe zu heben.\u201c<\/p>\n<\/div>\n<\/div>\n<\/div>\n<\/div>\n<\/div>\n\n\n\n<h2 class=\"wp-block-heading\">Sicherheit auf einem h\u00f6heren Niveau<\/h2>\n\n\n\n<p>Wir k\u00f6nnen also sagen, dass der Wasserverband Hollandse Delta dank der SafetyFirst-App nun \u00fcber eine effizientere und strukturiertere M\u00f6glichkeit verf\u00fcgt, Sicherheitsmeldungen zu erfassen und zu verfolgen. Meldungen werden schneller bearbeitet, Vorf\u00e4lle effektiver analysiert und die Sicherheitskultur weiter gest\u00e4rkt. W\u00fcrde der Wasserverband SafetyFirst anderen Organisationen empfehlen? \u201eAuf jeden Fall. Die gr\u00f6\u00dften Vorteile sind die Einfachheit, die Integration in bestehende Prozesse und die verbesserte Nachverfolgung von Meldungen. Dieses System hilft uns wirklich, die Sicherheit auf ein neues Niveau zu heben. Dar\u00fcber hinaus entwickelt SafetyFirst kontinuierlich neue Funktionen, sodass man nie auslernt.\u201c<\/p>\n\n\n\n<div class=\"wp-block-cover alignfull is-light has-parallax vwCoverHome2\" style=\"padding-top:0px;padding-right:0px;padding-bottom:0px;padding-left:0px;min-height:400px;aspect-ratio:unset;\"><div class=\"wp-block-cover__image-background wp-image-3518 has-parallax\" style=\"background-position:50% 50%;background-image:url(https:\/\/veiligwerk.net\/wp-content\/uploads\/sites\/5\/2025\/03\/WSHD-Veiligwerk-Banners.png)\"><\/div><span aria-hidden=\"true\" class=\"wp-block-cover__background has-luminous-vivid-amber-background-color has-background-dim-60 has-background-dim\"><\/span><div class=\"wp-block-cover__inner-container is-layout-flow wp-block-cover-is-layout-flow\">\n<h2 class=\"wp-block-heading has-text-align-center has-background-color has-text-color has-large-font-size\">Digitalisieren Sie Ihre Sicherheitsprozesse<\/h2>\n\n\n\n<p class=\"has-text-align-center has-background-color has-text-color has-normal-font-size\">Sehen Sie, wie SafetyFirst Ihrem Unternehmen helfen kann, seine Sicherheitsprozesse zu verbessern.<\/p>\n\n\n\n<div class=\"wp-block-buttons is-layout-flex wp-block-buttons-is-layout-flex\">\n<div class=\"wp-block-button aligncenter is-style-fill alt-color\"><a class=\"wp-block-button__link has-luminous-vivid-amber-color has-background-background-color has-text-color has-background has-normal-font-size has-custom-font-size wp-element-button\" href=\"https:\/\/safetyfirst.app\/de\/online_demo\/\" style=\"border-radius:0px\">DEMO BUCHEN<\/a><\/div>\n<\/div>\n<\/div><\/div>\n\n\n\n<p><\/p>\n\n\n\n<p><\/p>\n","protected":false},"excerpt":{"rendered":"<p>Der Wasserverband Hollandse Delta verwaltet und sch\u00fctzt das Wasser in weiten Teilen S\u00fcdhollands. Sicherheit hat f\u00fcr den Verband oberste Priorit\u00e4t, doch die Erfassung und Nachverfolgung von Sicherheitsmeldungen war bisher fragmentiert und zeitaufw\u00e4ndig. Seit der Einf\u00fchrung der SafetyFirst-App hat der Verband erhebliche Fortschritte bei der Zentralisierung von Sicherheitsinformationen und der Verbesserung der Nachverfolgung von Meldungen erzielt. [&hellip;]<\/p>\n","protected":false},"author":9,"featured_media":0,"parent":0,"menu_order":0,"comment_status":"closed","ping_status":"closed","template":"","meta":{"footnotes":""},"class_list":["post-2933","page","type-page","status-publish","hentry"],"_links":{"self":[{"href":"https:\/\/safetyfirst.app\/de\/wp-json\/wp\/v2\/pages\/2933","targetHints":{"allow":["GET"]}}],"collection":[{"href":"https:\/\/safetyfirst.app\/de\/wp-json\/wp\/v2\/pages"}],"about":[{"href":"https:\/\/safetyfirst.app\/de\/wp-json\/wp\/v2\/types\/page"}],"author":[{"embeddable":true,"href":"https:\/\/safetyfirst.app\/de\/wp-json\/wp\/v2\/users\/9"}],"replies":[{"embeddable":true,"href":"https:\/\/safetyfirst.app\/de\/wp-json\/wp\/v2\/comments?post=2933"}],"version-history":[{"count":2,"href":"https:\/\/safetyfirst.app\/de\/wp-json\/wp\/v2\/pages\/2933\/revisions"}],"predecessor-version":[{"id":2935,"href":"https:\/\/safetyfirst.app\/de\/wp-json\/wp\/v2\/pages\/2933\/revisions\/2935"}],"wp:attachment":[{"href":"https:\/\/safetyfirst.app\/de\/wp-json\/wp\/v2\/media?parent=2933"}],"curies":[{"name":"wp","href":"https:\/\/api.w.org\/{rel}","templated":true}]}}