{"id":2117,"date":"2022-10-12T12:30:57","date_gmt":"2022-10-12T12:30:57","guid":{"rendered":"https:\/\/network2innovate.com\/veiligwerk1\/?page_id=2117"},"modified":"2025-09-15T13:22:39","modified_gmt":"2025-09-15T13:22:39","slug":"industrie_wartung","status":"publish","type":"page","link":"https:\/\/safetyfirst.app\/de\/industrie_wartung\/","title":{"rendered":"Sicherheitssoftware f\u00fcr Industrie &amp; Wartung"},"content":{"rendered":"\n<div class=\"wp-block-cover alignfull coverVW coverVW_narrow\"><img loading=\"lazy\" decoding=\"async\" width=\"1024\" height=\"576\" class=\"wp-block-cover__image-background wp-image-2710\" alt=\"\" src=\"https:\/\/safetyfirst.app\/de\/wp-content\/uploads\/sites\/4\/2022\/12\/banner-industry-istock.png\" style=\"object-position:51% 36%\" data-object-fit=\"cover\" data-object-position=\"51% 36%\" srcset=\"https:\/\/safetyfirst.app\/de\/wp-content\/uploads\/sites\/4\/2022\/12\/banner-industry-istock.png 1024w, https:\/\/safetyfirst.app\/de\/wp-content\/uploads\/sites\/4\/2022\/12\/banner-industry-istock-300x169.png 300w, https:\/\/safetyfirst.app\/de\/wp-content\/uploads\/sites\/4\/2022\/12\/banner-industry-istock-768x432.png 768w\" sizes=\"auto, (max-width: 1024px) 100vw, 1024px\" \/><span aria-hidden=\"true\" class=\"wp-block-cover__background has-background-dim\"><\/span><div class=\"wp-block-cover__inner-container is-layout-flow wp-block-cover-is-layout-flow\">\n<p class=\"has-text-align-center has-large-font-size\"><\/p>\n<\/div><\/div>\n\n\n\n<div class=\"wp-block-group alignfull has-primary-background-color has-background is-vertical is-layout-flex wp-container-core-group-is-layout-16b6c07a wp-block-group-is-layout-flex\" style=\"margin-top:0px\">\n<div class=\"wp-block-columns is-layout-flex wp-container-core-columns-is-layout-28f84493 wp-block-columns-is-layout-flex\">\n<div class=\"wp-block-column breadcrumb is-layout-flow wp-block-column-is-layout-flow\">\n<p class=\"has-medium-font-size\"><a href=\"https:\/\/safetyfirst.app\/de\/sectors\" data-type=\"URL\">Branchen<\/a><\/p>\n\n\n<h1 style=\"font-style:normal;font-weight:600;\" class=\"wp-block-post-title has-text-color has-background-color has-big-font-size\">Sicherheitssoftware f\u00fcr Industrie &amp; Wartung<\/h1><\/div>\n<\/div>\n<\/div>\n\n\n\n<div class=\"wp-block-group alignwide is-layout-flow wp-block-group-is-layout-flow\" style=\"padding-bottom:40px\">\n<h2 class=\"wp-block-heading alignwide has-text-align-center has-padding-top\">Stellen Sie mit den Inspektions- und Sicherheitsfunktionen von <mark class=\"has-inline-color has-vw-yellow-text-color\">Safety<\/mark>First Ihre Sicherheits- und Compliance-Prozesse f\u00fcr Ihr Fertigungs- oder Wartungsunternehmen sicher.<\/h2>\n\n\n\n<p class=\"has-text-align-center\">Mit unserer <mark class=\"has-inline-color has-vw-yellow-text-color\">Plattform managen<\/mark> Sie Begehungen, Inspektionen, Schulungen, die Meldung von Vorf\u00e4llen, den Informationsfluss an Ihre Mitarbeiter und schaffen Compliance.<\/p>\n<\/div>\n\n\n\n<div class=\"wp-block-group alignfull has-tertiary-background-color has-background is-nowrap is-layout-flex wp-container-core-group-is-layout-48f57713 wp-block-group-is-layout-flex\" style=\"padding-top:40px;padding-bottom:60px\">\n<div class=\"wp-block-columns is-layout-flex wp-container-core-columns-is-layout-28f84493 wp-block-columns-is-layout-flex\">\n<div class=\"wp-block-column is-layout-flow wp-block-column-is-layout-flow\" style=\"flex-basis:100%\">\n<div class=\"wp-block-columns alignfull are-vertically-aligned-center is-layout-flex wp-container-core-columns-is-layout-b1f004bc wp-block-columns-is-layout-flex\" style=\"padding-top:40px;padding-bottom:60px\">\n<div class=\"wp-block-column is-vertically-aligned-center is-layout-flow wp-block-column-is-layout-flow\">\n<div class=\"wp-block-columns is-not-stacked-on-mobile is-layout-flex wp-container-core-columns-is-layout-28f84493 wp-block-columns-is-layout-flex\">\n<div class=\"wp-block-column is-layout-flow wp-block-column-is-layout-flow\">\n<div class=\"wp-block-columns is-layout-flex wp-container-core-columns-is-layout-28f84493 wp-block-columns-is-layout-flex\">\n<div class=\"wp-block-column is-layout-flow wp-block-column-is-layout-flow\" style=\"flex-basis:33.33%\">\n<div style=\"height:100px\" aria-hidden=\"true\" class=\"wp-block-spacer\"><\/div>\n<\/div>\n\n\n\n<div class=\"wp-block-column is-layout-flow wp-block-column-is-layout-flow\" style=\"flex-basis:66.66%\">\n<figure class=\"wp-block-image size-full\"><img loading=\"lazy\" decoding=\"async\" width=\"800\" height=\"800\" src=\"https:\/\/safetyfirst.app\/de\/wp-content\/uploads\/sites\/4\/2022\/10\/maintenance3.jpg\" alt=\"\" class=\"wp-image-2141\" srcset=\"https:\/\/safetyfirst.app\/de\/wp-content\/uploads\/sites\/4\/2022\/10\/maintenance3.jpg 800w, https:\/\/safetyfirst.app\/de\/wp-content\/uploads\/sites\/4\/2022\/10\/maintenance3-300x300.jpg 300w, https:\/\/safetyfirst.app\/de\/wp-content\/uploads\/sites\/4\/2022\/10\/maintenance3-150x150.jpg 150w, https:\/\/safetyfirst.app\/de\/wp-content\/uploads\/sites\/4\/2022\/10\/maintenance3-768x768.jpg 768w\" sizes=\"auto, (max-width: 800px) 100vw, 800px\" \/><\/figure>\n<\/div>\n<\/div>\n\n\n\n<figure class=\"wp-block-image size-full\"><img loading=\"lazy\" decoding=\"async\" width=\"800\" height=\"800\" src=\"https:\/\/safetyfirst.app\/de\/wp-content\/uploads\/sites\/4\/2022\/10\/maintenance2.jpg\" alt=\"\" class=\"wp-image-2140\" srcset=\"https:\/\/safetyfirst.app\/de\/wp-content\/uploads\/sites\/4\/2022\/10\/maintenance2.jpg 800w, https:\/\/safetyfirst.app\/de\/wp-content\/uploads\/sites\/4\/2022\/10\/maintenance2-300x300.jpg 300w, https:\/\/safetyfirst.app\/de\/wp-content\/uploads\/sites\/4\/2022\/10\/maintenance2-150x150.jpg 150w, https:\/\/safetyfirst.app\/de\/wp-content\/uploads\/sites\/4\/2022\/10\/maintenance2-768x768.jpg 768w\" sizes=\"auto, (max-width: 800px) 100vw, 800px\" \/><\/figure>\n<\/div>\n\n\n\n<div class=\"wp-block-column is-layout-flow wp-block-column-is-layout-flow\">\n<figure class=\"wp-block-image size-full\"><img loading=\"lazy\" decoding=\"async\" width=\"800\" height=\"800\" src=\"https:\/\/safetyfirst.app\/de\/wp-content\/uploads\/sites\/4\/2022\/10\/industry2.jpg\" alt=\"\" class=\"wp-image-2137\" srcset=\"https:\/\/safetyfirst.app\/de\/wp-content\/uploads\/sites\/4\/2022\/10\/industry2.jpg 800w, https:\/\/safetyfirst.app\/de\/wp-content\/uploads\/sites\/4\/2022\/10\/industry2-300x300.jpg 300w, https:\/\/safetyfirst.app\/de\/wp-content\/uploads\/sites\/4\/2022\/10\/industry2-150x150.jpg 150w, https:\/\/safetyfirst.app\/de\/wp-content\/uploads\/sites\/4\/2022\/10\/industry2-768x768.jpg 768w\" sizes=\"auto, (max-width: 800px) 100vw, 800px\" \/><\/figure>\n\n\n\n<div class=\"wp-block-columns is-layout-flex wp-container-core-columns-is-layout-28f84493 wp-block-columns-is-layout-flex\">\n<div class=\"wp-block-column is-layout-flow wp-block-column-is-layout-flow\" style=\"flex-basis:66.66%\">\n<figure class=\"wp-block-image size-full\"><img loading=\"lazy\" decoding=\"async\" width=\"510\" height=\"510\" src=\"https:\/\/safetyfirst.app\/de\/wp-content\/uploads\/sites\/4\/2022\/10\/maintenance-1.jpg\" alt=\"\" class=\"wp-image-2138\" srcset=\"https:\/\/safetyfirst.app\/de\/wp-content\/uploads\/sites\/4\/2022\/10\/maintenance-1.jpg 510w, https:\/\/safetyfirst.app\/de\/wp-content\/uploads\/sites\/4\/2022\/10\/maintenance-1-300x300.jpg 300w, https:\/\/safetyfirst.app\/de\/wp-content\/uploads\/sites\/4\/2022\/10\/maintenance-1-150x150.jpg 150w\" sizes=\"auto, (max-width: 510px) 100vw, 510px\" \/><\/figure>\n<\/div>\n\n\n\n<div class=\"wp-block-column is-layout-flow wp-block-column-is-layout-flow\" style=\"flex-basis:33.33%\"><\/div>\n<\/div>\n<\/div>\n<\/div>\n<\/div>\n\n\n\n<div class=\"wp-block-column is-layout-flow wp-block-column-is-layout-flow\" style=\"flex-basis:1%\"><\/div>\n\n\n\n<div class=\"wp-block-column is-vertically-aligned-center is-layout-flow wp-block-column-is-layout-flow\">\n<h2 class=\"wp-block-heading\"><mark class=\"has-inline-color has-vw-yellow-text-color\">Sicherheitssoftware<\/mark> f\u00fcr Industrie &amp; Wartung<\/h2>\n\n\n\n<p>Egal ob im Fertigungsprozess oder bei Wartungsarbeiten \u2013 f\u00fcr Ihr Unternehmen ist es entscheidend, dass alle Maschinen und Dienstleistungen reibungslos und sicher ablaufen. \u00dcberpr\u00fcfungen werden t\u00e4glich von einer Vielzahl ihrer Mitarbeitern und Subunternehmern durchgef\u00fchrt. Aber wie verfolgt man die alle Meldungen, Begehungen und Pr\u00fcfungen effektiv?<\/p>\n\n\n\n<p>Genau da kommt SafetyFirst ins Spiel. Mit unseren leistungsstarken Modulen k\u00f6nnen Sie Meldungen, Inspektionen und Gef\u00e4hrdungsbeurteilungen einfach einrichten, zuweisen und verfolgen. In Kombination mit den Modulen zur Meldung und Verfolgung von Vorf\u00e4llen, gef\u00e4hrlichen Situationen und Beinaheunf\u00e4llen sind Sie nie wieder im Ungewissen.<\/p>\n<\/div>\n<\/div>\n<\/div>\n<\/div>\n<\/div>\n\n\n\n<div class=\"wp-block-cover alignfull is-light has-parallax vwCoverHome2\" style=\"padding-top:0px;padding-right:0px;padding-bottom:0px;padding-left:0px;min-height:400px;aspect-ratio:unset;\"><div class=\"wp-block-cover__image-background wp-image-1691 has-parallax\" style=\"background-position:50% 50%;background-image:url(https:\/\/safetyfirst.app\/de\/wp-content\/uploads\/sites\/4\/2022\/10\/christopher-burns-368617-unsplash.jpg)\"><\/div><span aria-hidden=\"true\" class=\"wp-block-cover__background has-luminous-vivid-amber-background-color has-background-dim-60 has-background-dim\"><\/span><div class=\"wp-block-cover__inner-container is-layout-flow wp-block-cover-is-layout-flow\">\n<h2 class=\"wp-block-heading has-text-align-center has-background-color has-text-color has-large-font-size\">Entdecken Sie, was wir f\u00fcr Sie tun k\u00f6nnen<\/h2>\n\n\n\n<p class=\"has-text-align-center has-background-color has-text-color has-normal-font-size\">Finden Sie heraus, wie SafetyFirst die Sicherheit in Ihrem Unternehmen ver\u00e4ndern kann.<\/p>\n\n\n\n<div class=\"wp-block-buttons is-layout-flex wp-block-buttons-is-layout-flex\">\n<div class=\"wp-block-button is-style-fill alt-color\"><a class=\"wp-block-button__link has-luminous-vivid-amber-color has-background-background-color has-text-color has-background has-normal-font-size has-custom-font-size wp-element-button\" href=\"https:\/\/safetyfirst.app\/de\/online_demo\/\" style=\"border-radius:0px\">PLANEN SIE EINE DEMO<\/a><\/div>\n<\/div>\n<\/div><\/div>\n\n\n\n<div class=\"wp-block-group alignwide is-layout-flow wp-block-group-is-layout-flow\" style=\"padding-bottom:60px\">\n<h3 class=\"wp-block-heading has-text-align-center has-padding-top\">Unternehmen, die unsere Sicherheitsplattform bereits in der Industrie und Wartungsbranche nutzen:<\/h3>\n\n\n\n<div class=\"wp-block-group is-content-justification-center is-layout-flex wp-container-core-group-is-layout-b02886af wp-block-group-is-layout-flex\">\n<figure class=\"wp-block-image size-full VWlogos\"><a href=\"https:\/\/www.mcpp-global.com\/en\/mcpp-europe\/\"><img loading=\"lazy\" decoding=\"async\" width=\"170\" height=\"100\" src=\"https:\/\/veiligwerk.net\/wp-content\/uploads\/sites\/5\/2022\/09\/logo-mcpp.jpg\" alt=\"Mitsubishi Chemical\" class=\"wp-image-1430\" title=\"Mitsubishi Chemical\" \/><\/a><\/figure>\n\n\n\n<figure class=\"wp-block-image size-full VWlogos\"><a href=\"https:\/\/cdfoods.com\"><img loading=\"lazy\" decoding=\"async\" width=\"150\" height=\"100\" src=\"https:\/\/veiligwerk.net\/wp-content\/uploads\/sites\/5\/2022\/09\/logo-cdfoods.jpg\" alt=\"Cats and Dogs Foods\" class=\"wp-image-1456\" title=\"Cats and Dogs Foods\" \/><\/a><\/figure>\n\n\n\n<figure class=\"wp-block-image size-full VWlogos\"><a href=\"https:\/\/boskalis.com\"><img loading=\"lazy\" decoding=\"async\" width=\"150\" height=\"100\" src=\"https:\/\/veiligwerk.net\/wp-content\/uploads\/sites\/5\/2022\/09\/logo-boskalis.jpg\" alt=\"Boskalis\" class=\"wp-image-1427\" title=\"Boskalis\" \/><\/a><\/figure>\n\n\n\n<figure class=\"wp-block-image size-full VWlogos\"><a href=\"https:\/\/www.unica.nl\"><img loading=\"lazy\" decoding=\"async\" width=\"100\" height=\"100\" src=\"https:\/\/veiligwerk.net\/wp-content\/uploads\/sites\/5\/2022\/09\/logo-unica.jpg\" alt=\"Unica\" class=\"wp-image-1422\" title=\"Unica\" \/><\/a><\/figure>\n\n\n\n<figure class=\"wp-block-image size-full VWlogos\"><a href=\"https:\/\/www.afvalzorg.nl\"><img loading=\"lazy\" decoding=\"async\" width=\"150\" height=\"100\" src=\"https:\/\/veiligwerk.net\/wp-content\/uploads\/sites\/5\/2022\/09\/logo-afvalzorg.jpg\" alt=\"Afvalzorg\" class=\"wp-image-1455\" title=\"Afvalzorg\" \/><\/a><\/figure>\n<\/div>\n<\/div>\n","protected":false},"excerpt":{"rendered":"<p>Branchen Stellen Sie mit den Inspektions- und Sicherheitsfunktionen von SafetyFirst Ihre Sicherheits- und Compliance-Prozesse f\u00fcr Ihr Fertigungs- oder Wartungsunternehmen sicher. Mit unserer Plattform managen Sie Begehungen, Inspektionen, Schulungen, die Meldung von Vorf\u00e4llen, den Informationsfluss an Ihre Mitarbeiter und schaffen Compliance. Sicherheitssoftware f\u00fcr Industrie &amp; Wartung Egal ob im Fertigungsprozess oder bei Wartungsarbeiten \u2013 f\u00fcr Ihr [&hellip;]<\/p>\n","protected":false},"author":2,"featured_media":0,"parent":0,"menu_order":0,"comment_status":"closed","ping_status":"closed","template":"","meta":{"footnotes":""},"class_list":["post-2117","page","type-page","status-publish","hentry"],"_links":{"self":[{"href":"https:\/\/safetyfirst.app\/de\/wp-json\/wp\/v2\/pages\/2117","targetHints":{"allow":["GET"]}}],"collection":[{"href":"https:\/\/safetyfirst.app\/de\/wp-json\/wp\/v2\/pages"}],"about":[{"href":"https:\/\/safetyfirst.app\/de\/wp-json\/wp\/v2\/types\/page"}],"author":[{"embeddable":true,"href":"https:\/\/safetyfirst.app\/de\/wp-json\/wp\/v2\/users\/2"}],"replies":[{"embeddable":true,"href":"https:\/\/safetyfirst.app\/de\/wp-json\/wp\/v2\/comments?post=2117"}],"version-history":[{"count":23,"href":"https:\/\/safetyfirst.app\/de\/wp-json\/wp\/v2\/pages\/2117\/revisions"}],"predecessor-version":[{"id":2977,"href":"https:\/\/safetyfirst.app\/de\/wp-json\/wp\/v2\/pages\/2117\/revisions\/2977"}],"wp:attachment":[{"href":"https:\/\/safetyfirst.app\/de\/wp-json\/wp\/v2\/media?parent=2117"}],"curies":[{"name":"wp","href":"https:\/\/api.w.org\/{rel}","templated":true}]}}