{"id":2112,"date":"2022-10-12T12:28:32","date_gmt":"2022-10-12T12:28:32","guid":{"rendered":"https:\/\/network2innovate.com\/veiligwerk1\/?page_id=2112"},"modified":"2025-09-15T13:23:05","modified_gmt":"2025-09-15T13:23:05","slug":"behorden_und_ngo","status":"publish","type":"page","link":"https:\/\/safetyfirst.app\/de\/behorden_und_ngo\/","title":{"rendered":"Sicherheitssoftware f\u00fcr Beh\u00f6rden und NRO\/NGOs (nicht-staatliche Organisationen)"},"content":{"rendered":"\n<div class=\"wp-block-cover alignfull is-light coverVW coverVW_narrow\"><img loading=\"lazy\" decoding=\"async\" width=\"1200\" height=\"800\" class=\"wp-block-cover__image-background wp-image-2689\" alt=\"\" src=\"https:\/\/safetyfirst.app\/de\/wp-content\/uploads\/sites\/4\/2022\/11\/waterwerken.png\" style=\"object-position:49% 56%\" data-object-fit=\"cover\" data-object-position=\"49% 56%\" srcset=\"https:\/\/safetyfirst.app\/de\/wp-content\/uploads\/sites\/4\/2022\/11\/waterwerken.png 1200w, https:\/\/safetyfirst.app\/de\/wp-content\/uploads\/sites\/4\/2022\/11\/waterwerken-300x200.png 300w, https:\/\/safetyfirst.app\/de\/wp-content\/uploads\/sites\/4\/2022\/11\/waterwerken-1024x683.png 1024w, https:\/\/safetyfirst.app\/de\/wp-content\/uploads\/sites\/4\/2022\/11\/waterwerken-768x512.png 768w\" sizes=\"auto, (max-width: 1200px) 100vw, 1200px\" \/><span aria-hidden=\"true\" class=\"wp-block-cover__background has-background-dim-20 has-background-dim\"><\/span><div class=\"wp-block-cover__inner-container is-layout-flow wp-block-cover-is-layout-flow\">\n<p class=\"has-text-align-center has-large-font-size\"><\/p>\n<\/div><\/div>\n\n\n\n<div class=\"wp-block-group alignfull has-primary-background-color has-background is-vertical is-layout-flex wp-container-core-group-is-layout-16b6c07a wp-block-group-is-layout-flex\" style=\"margin-top:0px\">\n<div class=\"wp-block-columns is-layout-flex wp-container-core-columns-is-layout-28f84493 wp-block-columns-is-layout-flex\">\n<div class=\"wp-block-column breadcrumb is-layout-flow wp-block-column-is-layout-flow\">\n<p class=\"has-medium-font-size\"><a href=\"https:\/\/safetyfirst.app\/de\/sectors\" data-type=\"URL\">Branchen<\/a><\/p>\n\n\n<h1 style=\"font-style:normal;font-weight:600;\" class=\"wp-block-post-title has-text-color has-background-color has-big-font-size\">Sicherheitssoftware f\u00fcr Beh\u00f6rden und NRO\/NGOs (nicht-staatliche Organisationen)<\/h1><\/div>\n<\/div>\n<\/div>\n\n\n\n<div class=\"wp-block-group alignwide is-layout-flow wp-block-group-is-layout-flow\" style=\"padding-bottom:40px\">\n<h2 class=\"wp-block-heading alignwide has-text-align-center has-padding-top\">Gew\u00e4hrleisten Sie mit der Sicherheitssoftware SafetyFirst die Sicherheit und Kontrolle in Ihrer Organisation.<\/h2>\n\n\n\n<p class=\"has-text-align-center\">Mit unserer <mark class=\"has-inline-color has-vw-yellow-text-color\">Plattform managen<\/mark> Beh\u00f6rden und NSOs Begehungen, Inspektionen, Schulungen, die Meldung von Vorf\u00e4llen, den Informationsfluss an Ihre Mitarbeiter und schaffen Compliance.<\/p>\n<\/div>\n\n\n\n<div class=\"wp-block-group alignfull has-tertiary-background-color has-background is-nowrap is-layout-flex wp-container-core-group-is-layout-48f57713 wp-block-group-is-layout-flex\" style=\"padding-top:40px;padding-bottom:60px\">\n<div class=\"wp-block-columns is-layout-flex wp-container-core-columns-is-layout-28f84493 wp-block-columns-is-layout-flex\">\n<div class=\"wp-block-column is-layout-flow wp-block-column-is-layout-flow\" style=\"flex-basis:100%\">\n<div class=\"wp-block-columns alignfull are-vertically-aligned-center is-layout-flex wp-container-core-columns-is-layout-b1f004bc wp-block-columns-is-layout-flex\" style=\"padding-top:40px;padding-bottom:60px\">\n<div class=\"wp-block-column is-vertically-aligned-center is-layout-flow wp-block-column-is-layout-flow\">\n<div class=\"wp-block-columns is-not-stacked-on-mobile is-layout-flex wp-container-core-columns-is-layout-28f84493 wp-block-columns-is-layout-flex\">\n<div class=\"wp-block-column is-layout-flow wp-block-column-is-layout-flow\">\n<div class=\"wp-block-columns is-layout-flex wp-container-core-columns-is-layout-28f84493 wp-block-columns-is-layout-flex\">\n<div class=\"wp-block-column is-layout-flow wp-block-column-is-layout-flow\" style=\"flex-basis:33.33%\">\n<div style=\"height:100px\" aria-hidden=\"true\" class=\"wp-block-spacer\"><\/div>\n<\/div>\n\n\n\n<div class=\"wp-block-column is-layout-flow wp-block-column-is-layout-flow\" style=\"flex-basis:66.66%\">\n<figure class=\"wp-block-image size-full\"><img loading=\"lazy\" decoding=\"async\" width=\"800\" height=\"800\" src=\"https:\/\/safetyfirst.app\/de\/wp-content\/uploads\/sites\/4\/2022\/10\/firefighter-ready-mission.jpg\" alt=\"\" class=\"wp-image-2128\" srcset=\"https:\/\/safetyfirst.app\/de\/wp-content\/uploads\/sites\/4\/2022\/10\/firefighter-ready-mission.jpg 800w, https:\/\/safetyfirst.app\/de\/wp-content\/uploads\/sites\/4\/2022\/10\/firefighter-ready-mission-300x300.jpg 300w, https:\/\/safetyfirst.app\/de\/wp-content\/uploads\/sites\/4\/2022\/10\/firefighter-ready-mission-150x150.jpg 150w, https:\/\/safetyfirst.app\/de\/wp-content\/uploads\/sites\/4\/2022\/10\/firefighter-ready-mission-768x768.jpg 768w\" sizes=\"auto, (max-width: 800px) 100vw, 800px\" \/><\/figure>\n<\/div>\n<\/div>\n\n\n\n<figure class=\"wp-block-image size-full\"><img loading=\"lazy\" decoding=\"async\" width=\"800\" height=\"800\" src=\"https:\/\/safetyfirst.app\/de\/wp-content\/uploads\/sites\/4\/2022\/10\/ngogovernment4.jpg\" alt=\"\" class=\"wp-image-2127\" srcset=\"https:\/\/safetyfirst.app\/de\/wp-content\/uploads\/sites\/4\/2022\/10\/ngogovernment4.jpg 800w, https:\/\/safetyfirst.app\/de\/wp-content\/uploads\/sites\/4\/2022\/10\/ngogovernment4-300x300.jpg 300w, https:\/\/safetyfirst.app\/de\/wp-content\/uploads\/sites\/4\/2022\/10\/ngogovernment4-150x150.jpg 150w, https:\/\/safetyfirst.app\/de\/wp-content\/uploads\/sites\/4\/2022\/10\/ngogovernment4-768x768.jpg 768w\" sizes=\"auto, (max-width: 800px) 100vw, 800px\" \/><\/figure>\n<\/div>\n\n\n\n<div class=\"wp-block-column is-layout-flow wp-block-column-is-layout-flow\">\n<figure class=\"wp-block-image size-full\"><img loading=\"lazy\" decoding=\"async\" width=\"400\" height=\"506\" src=\"https:\/\/safetyfirst.app\/de\/wp-content\/uploads\/sites\/4\/2022\/12\/teaching.png\" alt=\"\" class=\"wp-image-2747\" srcset=\"https:\/\/safetyfirst.app\/de\/wp-content\/uploads\/sites\/4\/2022\/12\/teaching.png 400w, https:\/\/safetyfirst.app\/de\/wp-content\/uploads\/sites\/4\/2022\/12\/teaching-237x300.png 237w\" sizes=\"auto, (max-width: 400px) 100vw, 400px\" \/><\/figure>\n\n\n\n<div class=\"wp-block-columns is-layout-flex wp-container-core-columns-is-layout-28f84493 wp-block-columns-is-layout-flex\">\n<div class=\"wp-block-column is-layout-flow wp-block-column-is-layout-flow\" style=\"flex-basis:66.66%\">\n<figure class=\"wp-block-image size-full\"><img loading=\"lazy\" decoding=\"async\" width=\"800\" height=\"800\" src=\"https:\/\/safetyfirst.app\/de\/wp-content\/uploads\/sites\/4\/2022\/10\/ngogovernment5.jpg\" alt=\"\" class=\"wp-image-2146\" srcset=\"https:\/\/safetyfirst.app\/de\/wp-content\/uploads\/sites\/4\/2022\/10\/ngogovernment5.jpg 800w, https:\/\/safetyfirst.app\/de\/wp-content\/uploads\/sites\/4\/2022\/10\/ngogovernment5-300x300.jpg 300w, https:\/\/safetyfirst.app\/de\/wp-content\/uploads\/sites\/4\/2022\/10\/ngogovernment5-150x150.jpg 150w, https:\/\/safetyfirst.app\/de\/wp-content\/uploads\/sites\/4\/2022\/10\/ngogovernment5-768x768.jpg 768w\" sizes=\"auto, (max-width: 800px) 100vw, 800px\" \/><\/figure>\n<\/div>\n\n\n\n<div class=\"wp-block-column is-layout-flow wp-block-column-is-layout-flow\" style=\"flex-basis:33.33%\"><\/div>\n<\/div>\n<\/div>\n<\/div>\n<\/div>\n\n\n\n<div class=\"wp-block-column is-layout-flow wp-block-column-is-layout-flow\" style=\"flex-basis:1%\"><\/div>\n\n\n\n<div class=\"wp-block-column is-vertically-aligned-center is-layout-flow wp-block-column-is-layout-flow\">\n<h2 class=\"wp-block-heading\"><mark class=\"has-inline-color has-vw-yellow-text-color\">Sicherheitssoftware<\/mark> f\u00fcr Beh\u00f6rden und NRO\/NGOs<\/h2>\n\n\n\n<p>Beh\u00f6rden und NGOs haben eine Vielzahl von Pflichten und Aufgaben, die manuelle Arbeit einschlie\u00dfen. Alle diese Dinge zu verfolgen ist m\u00fchsam und zeitraubend. Die SafetyFirst-Plattform hilft Ihnen, all diese Aufgaben im Auge zu behalten und gibt Ihnen einen \u00dcberblick \u00fcber unsichere Situationen, den Status Ihrer Aktionen und zeigt Ihnen Schwachstellen auf.<\/p>\n\n\n\n<p><\/p>\n<\/div>\n<\/div>\n<\/div>\n<\/div>\n<\/div>\n\n\n\n<div class=\"wp-block-cover alignfull is-light has-parallax vwCoverHome2\" style=\"padding-top:0px;padding-right:0px;padding-bottom:0px;padding-left:0px;min-height:400px;aspect-ratio:unset;\"><div class=\"wp-block-cover__image-background wp-image-1691 has-parallax\" style=\"background-position:50% 50%;background-image:url(https:\/\/safetyfirst.app\/de\/wp-content\/uploads\/sites\/4\/2022\/10\/christopher-burns-368617-unsplash.jpg)\"><\/div><span aria-hidden=\"true\" class=\"wp-block-cover__background has-luminous-vivid-amber-background-color has-background-dim-60 has-background-dim\"><\/span><div class=\"wp-block-cover__inner-container is-layout-flow wp-block-cover-is-layout-flow\">\n<h2 class=\"wp-block-heading has-text-align-center has-background-color has-text-color has-large-font-size\">Entdecken Sie, was wir f\u00fcr Sie tun k\u00f6nnen<\/h2>\n\n\n\n<p class=\"has-text-align-center has-background-color has-text-color has-normal-font-size\">Finden Sie heraus, wie SafetyFirst die Sicherheit in Ihrem Unternehmen ver\u00e4ndern kann.<\/p>\n\n\n\n<div class=\"wp-block-buttons is-layout-flex wp-block-buttons-is-layout-flex\">\n<div class=\"wp-block-button is-style-fill alt-color\"><a class=\"wp-block-button__link has-luminous-vivid-amber-color has-background-background-color has-text-color has-background has-normal-font-size has-custom-font-size wp-element-button\" href=\"https:\/\/safetyfirst.app\/de\/online_demo\/\" style=\"border-radius:0px\">PLANEN SIE EINE DEMO<\/a><\/div>\n<\/div>\n<\/div><\/div>\n\n\n\n<div class=\"wp-block-group is-layout-flow wp-block-group-is-layout-flow\" style=\"padding-bottom:60px\">\n<h3 class=\"wp-block-heading has-text-align-center has-padding-top\">Beh\u00f6rden und NSOs, die unsere Plattform bereits zur Verbesserung ihrer Sicherheit nutzen:<\/h3>\n\n\n\n<div class=\"wp-block-group is-content-justification-center is-layout-flex wp-container-core-group-is-layout-b02886af wp-block-group-is-layout-flex\">\n<figure class=\"wp-block-image size-full VWlogos\"><a href=\"https:\/\/www.hhdelfland.nl\"><img loading=\"lazy\" decoding=\"async\" width=\"150\" height=\"100\" src=\"https:\/\/veiligwerk.net\/wp-content\/uploads\/sites\/5\/2022\/09\/logo-delfland.jpg\" alt=\"Hoogheemraadschap Delfland\" class=\"wp-image-1429\" title=\"Hoogheemraadschap Delfland\" \/><\/a><\/figure>\n\n\n\n<figure class=\"wp-block-image size-full VWlogos\"><a href=\"https:\/\/www.dommel.nl\"><img decoding=\"async\" src=\"https:\/\/veiligwerk.net\/wp-content\/uploads\/sites\/5\/2022\/12\/logo-deDommel.png\" alt=\"Waterschap De Dommel\" class=\"wp-image-2637\" title=\"Waterschap De Dommel\" \/><\/a><\/figure>\n\n\n\n<figure class=\"wp-block-image size-full VWlogos\"><a href=\"https:\/\/www.zaanstad.nl\"><img loading=\"lazy\" decoding=\"async\" width=\"150\" height=\"100\" src=\"https:\/\/veiligwerk.net\/wp-content\/uploads\/sites\/5\/2022\/10\/Logo-Zaanstad.webp\" alt=\"Gemeente Zaanstad\" class=\"wp-image-2166\" title=\"Gemeente Zaanstad\" \/><\/a><\/figure>\n\n\n\n<figure class=\"wp-block-image size-full VWlogos\"><a href=\"https:\/\/www.hhnk.nl\"><img loading=\"lazy\" decoding=\"async\" width=\"150\" height=\"100\" src=\"https:\/\/veiligwerk.net\/wp-content\/uploads\/sites\/5\/2022\/09\/logo-hhnk.jpg\" alt=\"Hollands Noorderkwartier logo\" class=\"wp-image-1444\" title=\"Hollands Noorderkwartier logo\" \/><\/a><\/figure>\n\n\n\n<figure class=\"wp-block-image size-full VWlogos\"><a href=\"https:\/\/waterbedrijfgroningen.nl\"><img loading=\"lazy\" decoding=\"async\" width=\"150\" height=\"100\" src=\"https:\/\/veiligwerk.net\/wp-content\/uploads\/sites\/5\/2022\/09\/logo-wg.webp\" alt=\"Waterbedrijf Groningen\" class=\"wp-image-1450\" title=\"Waterbedrijf Groningen\" \/><\/a><\/figure>\n<\/div>\n<\/div>\n\n\n\n<div class=\"wp-block-group is-nowrap is-layout-flex wp-container-core-group-is-layout-6c531013 wp-block-group-is-layout-flex\">\n<div class=\"wp-block-columns is-layout-flex wp-container-core-columns-is-layout-28f84493 wp-block-columns-is-layout-flex\">\n<div class=\"wp-block-column is-layout-flow wp-block-column-is-layout-flow\"><\/div>\n\n\n\n<div class=\"wp-block-column is-layout-flow wp-block-column-is-layout-flow\"><\/div>\n\n\n\n<div class=\"wp-block-column is-layout-flow wp-block-column-is-layout-flow\"><\/div>\n<\/div>\n<\/div>\n","protected":false},"excerpt":{"rendered":"<p>Branchen Gew\u00e4hrleisten Sie mit der Sicherheitssoftware SafetyFirst die Sicherheit und Kontrolle in Ihrer Organisation. Mit unserer Plattform managen Beh\u00f6rden und NSOs Begehungen, Inspektionen, Schulungen, die Meldung von Vorf\u00e4llen, den Informationsfluss an Ihre Mitarbeiter und schaffen Compliance. Sicherheitssoftware f\u00fcr Beh\u00f6rden und NRO\/NGOs Beh\u00f6rden und NGOs haben eine Vielzahl von Pflichten und Aufgaben, die manuelle Arbeit einschlie\u00dfen. [&hellip;]<\/p>\n","protected":false},"author":2,"featured_media":0,"parent":0,"menu_order":0,"comment_status":"closed","ping_status":"closed","template":"","meta":{"footnotes":""},"class_list":["post-2112","page","type-page","status-publish","hentry"],"_links":{"self":[{"href":"https:\/\/safetyfirst.app\/de\/wp-json\/wp\/v2\/pages\/2112","targetHints":{"allow":["GET"]}}],"collection":[{"href":"https:\/\/safetyfirst.app\/de\/wp-json\/wp\/v2\/pages"}],"about":[{"href":"https:\/\/safetyfirst.app\/de\/wp-json\/wp\/v2\/types\/page"}],"author":[{"embeddable":true,"href":"https:\/\/safetyfirst.app\/de\/wp-json\/wp\/v2\/users\/2"}],"replies":[{"embeddable":true,"href":"https:\/\/safetyfirst.app\/de\/wp-json\/wp\/v2\/comments?post=2112"}],"version-history":[{"count":28,"href":"https:\/\/safetyfirst.app\/de\/wp-json\/wp\/v2\/pages\/2112\/revisions"}],"predecessor-version":[{"id":2978,"href":"https:\/\/safetyfirst.app\/de\/wp-json\/wp\/v2\/pages\/2112\/revisions\/2978"}],"wp:attachment":[{"href":"https:\/\/safetyfirst.app\/de\/wp-json\/wp\/v2\/media?parent=2112"}],"curies":[{"name":"wp","href":"https:\/\/api.w.org\/{rel}","templated":true}]}}