{"id":2111,"date":"2022-10-12T12:28:29","date_gmt":"2022-10-12T12:28:29","guid":{"rendered":"https:\/\/network2innovate.com\/veiligwerk1\/?page_id=2111"},"modified":"2025-09-15T13:24:40","modified_gmt":"2025-09-15T13:24:40","slug":"gesundheitswesen","status":"publish","type":"page","link":"https:\/\/safetyfirst.app\/de\/gesundheitswesen\/","title":{"rendered":"Sicherheitssoftware f\u00fcr das Gesundheitswesen"},"content":{"rendered":"\n<div class=\"wp-block-cover alignfull is-light coverVW coverVW_narrow\"><img loading=\"lazy\" decoding=\"async\" width=\"1350\" height=\"800\" class=\"wp-block-cover__image-background wp-image-1843\" alt=\"phrmaceuticlas\" src=\"https:\/\/safetyfirst.app\/de\/wp-content\/uploads\/sites\/4\/2022\/10\/healthcare.jpg\" style=\"object-position:50% 60%\" data-object-fit=\"cover\" data-object-position=\"50% 60%\" srcset=\"https:\/\/safetyfirst.app\/de\/wp-content\/uploads\/sites\/4\/2022\/10\/healthcare.jpg 1350w, https:\/\/safetyfirst.app\/de\/wp-content\/uploads\/sites\/4\/2022\/10\/healthcare-300x178.jpg 300w, https:\/\/safetyfirst.app\/de\/wp-content\/uploads\/sites\/4\/2022\/10\/healthcare-1024x607.jpg 1024w, https:\/\/safetyfirst.app\/de\/wp-content\/uploads\/sites\/4\/2022\/10\/healthcare-768x455.jpg 768w\" sizes=\"auto, (max-width: 1350px) 100vw, 1350px\" \/><span aria-hidden=\"true\" class=\"wp-block-cover__background has-background-dim\"><\/span><div class=\"wp-block-cover__inner-container is-layout-flow wp-block-cover-is-layout-flow\">\n<p class=\"has-text-align-center has-large-font-size\"><\/p>\n<\/div><\/div>\n\n\n\n<div class=\"wp-block-group alignfull has-primary-background-color has-background is-vertical is-layout-flex wp-container-core-group-is-layout-16b6c07a wp-block-group-is-layout-flex\" style=\"margin-top:0px\">\n<div class=\"wp-block-columns is-layout-flex wp-container-core-columns-is-layout-28f84493 wp-block-columns-is-layout-flex\">\n<div class=\"wp-block-column breadcrumb is-layout-flow wp-block-column-is-layout-flow\">\n<p class=\"has-medium-font-size\"><a href=\"https:\/\/safetyfirst.app\/de\/sectors\" data-type=\"URL\">Branchen<\/a><\/p>\n\n\n<h1 style=\"font-style:normal;font-weight:600;\" class=\"wp-block-post-title has-text-color has-background-color has-big-font-size\">Sicherheitssoftware f\u00fcr das Gesundheitswesen<\/h1><\/div>\n<\/div>\n<\/div>\n\n\n\n<div class=\"wp-block-group alignwide is-layout-flow wp-block-group-is-layout-flow\" style=\"padding-bottom:40px\">\n<h2 class=\"wp-block-heading alignwide has-text-align-center has-padding-top\">Verbessern Sie die Arbeitssicherheit und die Prozesse in Ihrer Einrichtung mit der EHS-Software (Environment, Health and Safety) von <mark class=\"has-inline-color has-vw-yellow-text-color\">Safety<\/mark>First. <\/h2>\n\n\n\n<p class=\"has-text-align-center\">Mit unserer Plattform managen Sie Begehungen, Inspektionen, Schulungen, die Meldung von Vorf\u00e4llen, den Informationsfluss an Ihre Mitarbeiter und schaffen Compliance.<\/p>\n<\/div>\n\n\n\n<div class=\"wp-block-group alignfull has-tertiary-background-color has-background is-nowrap is-layout-flex wp-container-core-group-is-layout-48f57713 wp-block-group-is-layout-flex\" style=\"padding-top:40px;padding-bottom:60px\">\n<div class=\"wp-block-columns is-layout-flex wp-container-core-columns-is-layout-28f84493 wp-block-columns-is-layout-flex\">\n<div class=\"wp-block-column is-layout-flow wp-block-column-is-layout-flow\" style=\"flex-basis:100%\">\n<div class=\"wp-block-columns alignfull are-vertically-aligned-center is-layout-flex wp-container-core-columns-is-layout-b1f004bc wp-block-columns-is-layout-flex\" style=\"padding-top:40px;padding-bottom:60px\">\n<div class=\"wp-block-column is-vertically-aligned-center is-layout-flow wp-block-column-is-layout-flow\">\n<div class=\"wp-block-columns is-not-stacked-on-mobile is-layout-flex wp-container-core-columns-is-layout-28f84493 wp-block-columns-is-layout-flex\">\n<div class=\"wp-block-column is-layout-flow wp-block-column-is-layout-flow\">\n<div class=\"wp-block-columns is-layout-flex wp-container-core-columns-is-layout-28f84493 wp-block-columns-is-layout-flex\">\n<div class=\"wp-block-column is-layout-flow wp-block-column-is-layout-flow\" style=\"flex-basis:33.33%\">\n<div style=\"height:100px\" aria-hidden=\"true\" class=\"wp-block-spacer\"><\/div>\n<\/div>\n\n\n\n<div class=\"wp-block-column is-layout-flow wp-block-column-is-layout-flow\" style=\"flex-basis:66.66%\">\n<figure class=\"wp-block-image size-full\"><img loading=\"lazy\" decoding=\"async\" width=\"800\" height=\"800\" src=\"https:\/\/safetyfirst.app\/de\/wp-content\/uploads\/sites\/4\/2022\/10\/healthcare-1.jpg\" alt=\"\" class=\"wp-image-2135\" srcset=\"https:\/\/safetyfirst.app\/de\/wp-content\/uploads\/sites\/4\/2022\/10\/healthcare-1.jpg 800w, https:\/\/safetyfirst.app\/de\/wp-content\/uploads\/sites\/4\/2022\/10\/healthcare-1-300x300.jpg 300w, https:\/\/safetyfirst.app\/de\/wp-content\/uploads\/sites\/4\/2022\/10\/healthcare-1-150x150.jpg 150w, https:\/\/safetyfirst.app\/de\/wp-content\/uploads\/sites\/4\/2022\/10\/healthcare-1-768x768.jpg 768w\" sizes=\"auto, (max-width: 800px) 100vw, 800px\" \/><\/figure>\n<\/div>\n<\/div>\n\n\n\n<figure class=\"wp-block-image size-full\"><img loading=\"lazy\" decoding=\"async\" width=\"800\" height=\"800\" src=\"https:\/\/safetyfirst.app\/de\/wp-content\/uploads\/sites\/4\/2022\/10\/healthcare4.jpg\" alt=\"\" class=\"wp-image-2132\" srcset=\"https:\/\/safetyfirst.app\/de\/wp-content\/uploads\/sites\/4\/2022\/10\/healthcare4.jpg 800w, https:\/\/safetyfirst.app\/de\/wp-content\/uploads\/sites\/4\/2022\/10\/healthcare4-300x300.jpg 300w, https:\/\/safetyfirst.app\/de\/wp-content\/uploads\/sites\/4\/2022\/10\/healthcare4-150x150.jpg 150w, https:\/\/safetyfirst.app\/de\/wp-content\/uploads\/sites\/4\/2022\/10\/healthcare4-768x768.jpg 768w\" sizes=\"auto, (max-width: 800px) 100vw, 800px\" \/><\/figure>\n<\/div>\n\n\n\n<div class=\"wp-block-column is-layout-flow wp-block-column-is-layout-flow\">\n<figure class=\"wp-block-image size-full\"><img loading=\"lazy\" decoding=\"async\" width=\"800\" height=\"800\" src=\"https:\/\/safetyfirst.app\/de\/wp-content\/uploads\/sites\/4\/2022\/10\/healthcare2.jpg\" alt=\"\" class=\"wp-image-2130\" srcset=\"https:\/\/safetyfirst.app\/de\/wp-content\/uploads\/sites\/4\/2022\/10\/healthcare2.jpg 800w, https:\/\/safetyfirst.app\/de\/wp-content\/uploads\/sites\/4\/2022\/10\/healthcare2-300x300.jpg 300w, https:\/\/safetyfirst.app\/de\/wp-content\/uploads\/sites\/4\/2022\/10\/healthcare2-150x150.jpg 150w, https:\/\/safetyfirst.app\/de\/wp-content\/uploads\/sites\/4\/2022\/10\/healthcare2-768x768.jpg 768w\" sizes=\"auto, (max-width: 800px) 100vw, 800px\" \/><\/figure>\n\n\n\n<div class=\"wp-block-columns is-layout-flex wp-container-core-columns-is-layout-28f84493 wp-block-columns-is-layout-flex\">\n<div class=\"wp-block-column is-layout-flow wp-block-column-is-layout-flow\" style=\"flex-basis:66.66%\">\n<figure class=\"wp-block-image size-full\"><img loading=\"lazy\" decoding=\"async\" width=\"800\" height=\"800\" src=\"https:\/\/safetyfirst.app\/de\/wp-content\/uploads\/sites\/4\/2022\/10\/healthcare5.jpg\" alt=\"\" class=\"wp-image-2134\" srcset=\"https:\/\/safetyfirst.app\/de\/wp-content\/uploads\/sites\/4\/2022\/10\/healthcare5.jpg 800w, https:\/\/safetyfirst.app\/de\/wp-content\/uploads\/sites\/4\/2022\/10\/healthcare5-300x300.jpg 300w, https:\/\/safetyfirst.app\/de\/wp-content\/uploads\/sites\/4\/2022\/10\/healthcare5-150x150.jpg 150w, https:\/\/safetyfirst.app\/de\/wp-content\/uploads\/sites\/4\/2022\/10\/healthcare5-768x768.jpg 768w\" sizes=\"auto, (max-width: 800px) 100vw, 800px\" \/><\/figure>\n<\/div>\n\n\n\n<div class=\"wp-block-column is-layout-flow wp-block-column-is-layout-flow\" style=\"flex-basis:33.33%\"><\/div>\n<\/div>\n<\/div>\n<\/div>\n<\/div>\n\n\n\n<div class=\"wp-block-column is-layout-flow wp-block-column-is-layout-flow\" style=\"flex-basis:1%\"><\/div>\n\n\n\n<div class=\"wp-block-column is-vertically-aligned-center is-layout-flow wp-block-column-is-layout-flow\">\n<h2 class=\"wp-block-heading\"><mark class=\"has-inline-color has-vw-yellow-text-color\">Sicherheitssoftware<\/mark> f\u00fcr das Gesundheitswesen<\/h2>\n\n\n\n<p>Als Gesundheitsorganisation m\u00f6chten Sie sich auf das konzentrieren, was am wichtigsten ist: Gesundheit und Pflege &#8211; nur Sicherheitsaspekte sollten nicht au\u00dfer Acht gelassen werden.<\/p>\n\n\n\n<p>Leider funktionieren traditionelle Methoden der Meldung und Gew\u00e4hrleistung der Sicherheit mit schriftlichen Hinweisen und Papierdokumenten nicht so effizient. Selbst die Sicherstellung der grundlegenden Compliance ist eine schwierige Aufgabe. Viele Gesundheitseinrichtungen tun dies, indem sie Tabellenkalkulationen verwenden oder Aufzeichnungen in Papierform f\u00fchren. Die Verarbeitung der Daten auf diese Weise macht es schwierig, die Informationen zu analysieren und aus diesen Daten zu lernen, um Risiken zu reduzieren und die Leistung in der Zukunft zu verbessern.<\/p>\n\n\n\n<p>Unsere Plattform hilft Ihnen bei der Digitalisierung der Berichte und Inspektionen, sodass Ihre Organisation aus Sicherheitsvorf\u00e4llen und durchgef\u00fchrten Inspektionen lernen kann.<\/p>\n\n\n\n<p><\/p>\n<\/div>\n<\/div>\n<\/div>\n<\/div>\n<\/div>\n\n\n\n<div class=\"wp-block-cover alignfull is-light has-parallax vwCoverHome2\" style=\"padding-top:0px;padding-right:0px;padding-bottom:0px;padding-left:0px;min-height:400px;aspect-ratio:unset;\"><div class=\"wp-block-cover__image-background wp-image-1691 has-parallax\" style=\"background-position:50% 50%;background-image:url(https:\/\/safetyfirst.app\/de\/wp-content\/uploads\/sites\/4\/2022\/10\/christopher-burns-368617-unsplash.jpg)\"><\/div><span aria-hidden=\"true\" class=\"wp-block-cover__background has-luminous-vivid-amber-background-color has-background-dim-60 has-background-dim\"><\/span><div class=\"wp-block-cover__inner-container is-layout-flow wp-block-cover-is-layout-flow\">\n<h2 class=\"wp-block-heading has-text-align-center has-background-color has-text-color has-large-font-size\">Entdecken Sie, was wir f\u00fcr Sie tun k\u00f6nnen<\/h2>\n\n\n\n<p class=\"has-text-align-center has-background-color has-text-color has-normal-font-size\">Finden Sie heraus, wie SafetyFirst die Sicherheit in Ihrem Unternehmen ver\u00e4ndern kann.<\/p>\n\n\n\n<div class=\"wp-block-buttons is-layout-flex wp-block-buttons-is-layout-flex\">\n<div class=\"wp-block-button is-style-fill alt-color\"><a class=\"wp-block-button__link has-luminous-vivid-amber-color has-background-background-color has-text-color has-background has-normal-font-size has-custom-font-size wp-element-button\" href=\"https:\/\/safetyfirst.app\/de\/online_demo\/\" style=\"border-radius:0px\">PLANEN SIE EINE DEMO<\/a><\/div>\n<\/div>\n<\/div><\/div>\n","protected":false},"excerpt":{"rendered":"<p>Branchen Verbessern Sie die Arbeitssicherheit und die Prozesse in Ihrer Einrichtung mit der EHS-Software (Environment, Health and Safety) von SafetyFirst. Mit unserer Plattform managen Sie Begehungen, Inspektionen, Schulungen, die Meldung von Vorf\u00e4llen, den Informationsfluss an Ihre Mitarbeiter und schaffen Compliance. Sicherheitssoftware f\u00fcr das Gesundheitswesen Als Gesundheitsorganisation m\u00f6chten Sie sich auf das konzentrieren, was am wichtigsten [&hellip;]<\/p>\n","protected":false},"author":2,"featured_media":0,"parent":0,"menu_order":0,"comment_status":"closed","ping_status":"closed","template":"","meta":{"footnotes":""},"class_list":["post-2111","page","type-page","status-publish","hentry"],"_links":{"self":[{"href":"https:\/\/safetyfirst.app\/de\/wp-json\/wp\/v2\/pages\/2111","targetHints":{"allow":["GET"]}}],"collection":[{"href":"https:\/\/safetyfirst.app\/de\/wp-json\/wp\/v2\/pages"}],"about":[{"href":"https:\/\/safetyfirst.app\/de\/wp-json\/wp\/v2\/types\/page"}],"author":[{"embeddable":true,"href":"https:\/\/safetyfirst.app\/de\/wp-json\/wp\/v2\/users\/2"}],"replies":[{"embeddable":true,"href":"https:\/\/safetyfirst.app\/de\/wp-json\/wp\/v2\/comments?post=2111"}],"version-history":[{"count":20,"href":"https:\/\/safetyfirst.app\/de\/wp-json\/wp\/v2\/pages\/2111\/revisions"}],"predecessor-version":[{"id":2979,"href":"https:\/\/safetyfirst.app\/de\/wp-json\/wp\/v2\/pages\/2111\/revisions\/2979"}],"wp:attachment":[{"href":"https:\/\/safetyfirst.app\/de\/wp-json\/wp\/v2\/media?parent=2111"}],"curies":[{"name":"wp","href":"https:\/\/api.w.org\/{rel}","templated":true}]}}