{"id":1870,"date":"2022-10-11T08:45:27","date_gmt":"2022-10-11T08:45:27","guid":{"rendered":"https:\/\/network2innovate.com\/veiligwerk1\/?page_id=1870"},"modified":"2025-09-15T13:21:25","modified_gmt":"2025-09-15T13:21:25","slug":"bau_facility_industrie","status":"publish","type":"page","link":"https:\/\/safetyfirst.app\/de\/bau_facility_industrie\/","title":{"rendered":"Sicherheitssoftware f\u00fcr die Bau- &amp; Facility-Industrie"},"content":{"rendered":"\n<div class=\"wp-block-cover alignfull is-light coverVW coverVW_narrow\"><img loading=\"lazy\" decoding=\"async\" width=\"1350\" height=\"803\" class=\"wp-block-cover__image-background wp-image-1845\" alt=\"construction\" src=\"https:\/\/safetyfirst.app\/de\/wp-content\/uploads\/sites\/4\/2022\/10\/construction2.jpg\" style=\"object-position:50% 60%\" data-object-fit=\"cover\" data-object-position=\"50% 60%\" srcset=\"https:\/\/safetyfirst.app\/de\/wp-content\/uploads\/sites\/4\/2022\/10\/construction2.jpg 1350w, https:\/\/safetyfirst.app\/de\/wp-content\/uploads\/sites\/4\/2022\/10\/construction2-300x178.jpg 300w, https:\/\/safetyfirst.app\/de\/wp-content\/uploads\/sites\/4\/2022\/10\/construction2-1024x609.jpg 1024w, https:\/\/safetyfirst.app\/de\/wp-content\/uploads\/sites\/4\/2022\/10\/construction2-768x457.jpg 768w\" sizes=\"auto, (max-width: 1350px) 100vw, 1350px\" \/><span aria-hidden=\"true\" class=\"wp-block-cover__background has-background-dim\"><\/span><div class=\"wp-block-cover__inner-container is-layout-flow wp-block-cover-is-layout-flow\">\n<p class=\"has-text-align-center has-large-font-size\"><\/p>\n<\/div><\/div>\n\n\n\n<div class=\"wp-block-group alignfull has-primary-background-color has-background is-vertical is-layout-flex wp-container-core-group-is-layout-16b6c07a wp-block-group-is-layout-flex\" style=\"margin-top:0px\">\n<div class=\"wp-block-columns is-layout-flex wp-container-core-columns-is-layout-28f84493 wp-block-columns-is-layout-flex\">\n<div class=\"wp-block-column breadcrumb is-layout-flow wp-block-column-is-layout-flow\">\n<p class=\"has-medium-font-size\"><a href=\"https:\/\/safetyfirst.app\/de\/sectors\" data-type=\"URL\">Branchen<\/a><\/p>\n\n\n<h1 style=\"font-style:normal;font-weight:600;\" class=\"wp-block-post-title has-text-color has-background-color has-big-font-size\">Sicherheitssoftware f\u00fcr die Bau- &amp; Facility-Industrie<\/h1><\/div>\n<\/div>\n<\/div>\n\n\n\n<div class=\"wp-block-group alignwide is-layout-flow wp-block-group-is-layout-flow\" style=\"padding-bottom:40px\">\n<h2 class=\"wp-block-heading alignwide has-text-align-center has-padding-top\">Gew\u00e4hrleisten Sie mit der EHS-Software <mark class=\"has-inline-color has-vw-yellow-text-color\">Safety<\/mark>First Arbeitssicherheit und Rechtssicherheit f\u00fcr Ihr Unternehmen. <\/h2>\n\n\n\n<p class=\"has-text-align-center\">Mit unserer <mark class=\"has-inline-color has-vw-yellow-text-color\">Plattform<\/mark> managen Sie Begehungen, Inspektionen, Schulungen, die Meldung von Vorf\u00e4llen, den Informationsfluss an Ihre Mitarbeiter und schaffen Compliance.<\/p>\n<\/div>\n\n\n\n<div class=\"wp-block-group alignfull has-tertiary-background-color has-background is-nowrap is-layout-flex wp-container-core-group-is-layout-48f57713 wp-block-group-is-layout-flex\" style=\"padding-top:40px;padding-bottom:60px\">\n<div class=\"wp-block-columns is-layout-flex wp-container-core-columns-is-layout-28f84493 wp-block-columns-is-layout-flex\">\n<div class=\"wp-block-column is-layout-flow wp-block-column-is-layout-flow\" style=\"flex-basis:100%\">\n<div class=\"wp-block-columns alignfull are-vertically-aligned-center is-layout-flex wp-container-core-columns-is-layout-b1f004bc wp-block-columns-is-layout-flex\" style=\"padding-top:40px;padding-bottom:60px\">\n<div class=\"wp-block-column is-vertically-aligned-center is-layout-flow wp-block-column-is-layout-flow\">\n<div class=\"wp-block-columns is-not-stacked-on-mobile is-layout-flex wp-container-core-columns-is-layout-28f84493 wp-block-columns-is-layout-flex\">\n<div class=\"wp-block-column is-layout-flow wp-block-column-is-layout-flow\">\n<div class=\"wp-block-columns is-layout-flex wp-container-core-columns-is-layout-28f84493 wp-block-columns-is-layout-flex\">\n<div class=\"wp-block-column is-layout-flow wp-block-column-is-layout-flow\" style=\"flex-basis:33.33%\">\n<div style=\"height:100px\" aria-hidden=\"true\" class=\"wp-block-spacer\"><\/div>\n<\/div>\n\n\n\n<div class=\"wp-block-column is-layout-flow wp-block-column-is-layout-flow\" style=\"flex-basis:66.66%\">\n<figure class=\"wp-block-image size-full\"><img loading=\"lazy\" decoding=\"async\" width=\"803\" height=\"750\" src=\"https:\/\/safetyfirst.app\/de\/wp-content\/uploads\/sites\/4\/2022\/10\/construction3-workers-fabricating-steel-reinforcement-bar-construction-site.jpg\" alt=\"\" class=\"wp-image-1887\" srcset=\"https:\/\/safetyfirst.app\/de\/wp-content\/uploads\/sites\/4\/2022\/10\/construction3-workers-fabricating-steel-reinforcement-bar-construction-site.jpg 803w, https:\/\/safetyfirst.app\/de\/wp-content\/uploads\/sites\/4\/2022\/10\/construction3-workers-fabricating-steel-reinforcement-bar-construction-site-300x280.jpg 300w, https:\/\/safetyfirst.app\/de\/wp-content\/uploads\/sites\/4\/2022\/10\/construction3-workers-fabricating-steel-reinforcement-bar-construction-site-768x717.jpg 768w\" sizes=\"auto, (max-width: 803px) 100vw, 803px\" \/><\/figure>\n<\/div>\n<\/div>\n\n\n\n<figure class=\"wp-block-image size-full\"><img loading=\"lazy\" decoding=\"async\" width=\"800\" height=\"800\" src=\"https:\/\/safetyfirst.app\/de\/wp-content\/uploads\/sites\/4\/2022\/10\/construction-silhouette.jpg\" alt=\"\" class=\"wp-image-1885\" srcset=\"https:\/\/safetyfirst.app\/de\/wp-content\/uploads\/sites\/4\/2022\/10\/construction-silhouette.jpg 800w, https:\/\/safetyfirst.app\/de\/wp-content\/uploads\/sites\/4\/2022\/10\/construction-silhouette-300x300.jpg 300w, https:\/\/safetyfirst.app\/de\/wp-content\/uploads\/sites\/4\/2022\/10\/construction-silhouette-150x150.jpg 150w, https:\/\/safetyfirst.app\/de\/wp-content\/uploads\/sites\/4\/2022\/10\/construction-silhouette-768x768.jpg 768w\" sizes=\"auto, (max-width: 800px) 100vw, 800px\" \/><\/figure>\n<\/div>\n\n\n\n<div class=\"wp-block-column is-layout-flow wp-block-column-is-layout-flow\">\n<figure class=\"wp-block-image size-full\"><img loading=\"lazy\" decoding=\"async\" width=\"800\" height=\"758\" src=\"https:\/\/safetyfirst.app\/de\/wp-content\/uploads\/sites\/4\/2022\/10\/team-engineer-architects-working-meeting-discussing-designing-planning-measuring-layout-building-blueprints-construction-site-top-view-construction-concept.jpg\" alt=\"\" class=\"wp-image-1886\" srcset=\"https:\/\/safetyfirst.app\/de\/wp-content\/uploads\/sites\/4\/2022\/10\/team-engineer-architects-working-meeting-discussing-designing-planning-measuring-layout-building-blueprints-construction-site-top-view-construction-concept.jpg 800w, https:\/\/safetyfirst.app\/de\/wp-content\/uploads\/sites\/4\/2022\/10\/team-engineer-architects-working-meeting-discussing-designing-planning-measuring-layout-building-blueprints-construction-site-top-view-construction-concept-300x284.jpg 300w, https:\/\/safetyfirst.app\/de\/wp-content\/uploads\/sites\/4\/2022\/10\/team-engineer-architects-working-meeting-discussing-designing-planning-measuring-layout-building-blueprints-construction-site-top-view-construction-concept-768x728.jpg 768w\" sizes=\"auto, (max-width: 800px) 100vw, 800px\" \/><\/figure>\n\n\n\n<div class=\"wp-block-columns is-layout-flex wp-container-core-columns-is-layout-28f84493 wp-block-columns-is-layout-flex\">\n<div class=\"wp-block-column is-layout-flow wp-block-column-is-layout-flow\" style=\"flex-basis:66.66%\">\n<figure class=\"wp-block-image size-full\"><img loading=\"lazy\" decoding=\"async\" width=\"800\" height=\"800\" src=\"https:\/\/safetyfirst.app\/de\/wp-content\/uploads\/sites\/4\/2022\/10\/construction4.jpg\" alt=\"\" class=\"wp-image-2143\" srcset=\"https:\/\/safetyfirst.app\/de\/wp-content\/uploads\/sites\/4\/2022\/10\/construction4.jpg 800w, https:\/\/safetyfirst.app\/de\/wp-content\/uploads\/sites\/4\/2022\/10\/construction4-300x300.jpg 300w, https:\/\/safetyfirst.app\/de\/wp-content\/uploads\/sites\/4\/2022\/10\/construction4-150x150.jpg 150w, https:\/\/safetyfirst.app\/de\/wp-content\/uploads\/sites\/4\/2022\/10\/construction4-768x768.jpg 768w\" sizes=\"auto, (max-width: 800px) 100vw, 800px\" \/><\/figure>\n<\/div>\n\n\n\n<div class=\"wp-block-column is-layout-flow wp-block-column-is-layout-flow\" style=\"flex-basis:33.33%\"><\/div>\n<\/div>\n<\/div>\n<\/div>\n<\/div>\n\n\n\n<div class=\"wp-block-column is-layout-flow wp-block-column-is-layout-flow\" style=\"flex-basis:1%\"><\/div>\n\n\n\n<div class=\"wp-block-column is-vertically-aligned-center is-layout-flow wp-block-column-is-layout-flow\">\n<h2 class=\"wp-block-heading\"><mark class=\"has-inline-color has-vw-yellow-text-color\">Sicherheitssoftware<\/mark> f\u00fcr die Bau- &amp; Facility-Industrie<\/h2>\n\n\n\n<p>F\u00fcr Bauunternehmen ist die Sicherheit der Mitarbeiter eines der Hauptwerte in der Organisation. Das Schaffen einer guten Sicherheitskultur erh\u00f6ht nicht nur die Produktivit\u00e4t, sondern ist auch entscheidend f\u00fcr die Einhaltung gesetzlicher Vorgaben. Dadurch qualifizieren Sie sich bei Ihren Kunden f\u00fcr zuk\u00fcnftige Bauprojekte.<\/p>\n\n\n\n<p>Es ist keine leichte Aufgabe, die Rechtssicherheit stets zu erf\u00fcllen. Viele Bauunternehmen nutzen dazu entweder Excel-Tabellen oder f\u00fchren papierbasierte Aufzeichnungssysteme. Dies macht es schwer, Auswertungen zu fahren und die Informationen zu nutzen, um Risiken zu minimieren, Schwachstellen zu erkennen und abzustellen.<\/p>\n\n\n\n<p>Mit unserer Sicherheitssoftware f\u00fcr die Bauindustrie optimieren Sie eine Vielzahl an Prozessen, stellen Rechtskonformit\u00e4t her und werten die vorhandenen Informationen optimal aus. Ihren Mitarbeitern bietet unsere benutzerfreundliche App eine Vielzahl an Tools aus unserer leistungsstarken und umfassenden Plattform. Dies wird die Arbeitssicherheit, die Rechtssicherheit und das Risikobewusstsein in Ihrem Unternehmen auf die n\u00e4chste Stufe heben.<\/p>\n<\/div>\n<\/div>\n<\/div>\n<\/div>\n<\/div>\n\n\n\n<div class=\"wp-block-cover alignfull is-light has-parallax vwCoverHome2\" style=\"padding-top:0px;padding-right:0px;padding-bottom:0px;padding-left:0px;min-height:400px;aspect-ratio:unset;\"><div class=\"wp-block-cover__image-background wp-image-1691 has-parallax\" style=\"background-position:50% 50%;background-image:url(https:\/\/safetyfirst.app\/de\/wp-content\/uploads\/sites\/4\/2022\/10\/christopher-burns-368617-unsplash.jpg)\"><\/div><span aria-hidden=\"true\" class=\"wp-block-cover__background has-luminous-vivid-amber-background-color has-background-dim-60 has-background-dim\"><\/span><div class=\"wp-block-cover__inner-container is-layout-flow wp-block-cover-is-layout-flow\">\n<h2 class=\"wp-block-heading has-text-align-center has-background-color has-text-color has-large-font-size\">Entdecken Sie, was wir f\u00fcr Sie tun k\u00f6nnen<\/h2>\n\n\n\n<p class=\"has-text-align-center has-background-color has-text-color has-normal-font-size\">Finden Sie heraus, wie SafetyFirst die Sicherheit in Ihrem Unternehmen ver\u00e4ndern kann.<\/p>\n\n\n\n<div class=\"wp-block-buttons is-layout-flex wp-block-buttons-is-layout-flex\">\n<div class=\"wp-block-button is-style-fill alt-color\"><a class=\"wp-block-button__link has-luminous-vivid-amber-color has-background-background-color has-text-color has-background has-normal-font-size has-custom-font-size wp-element-button\" href=\"https:\/\/safetyfirst.app\/de\/online_demo\/\/\" style=\"border-radius:0px\">PLANEN SIE EINE DEMO<\/a><\/div>\n<\/div>\n<\/div><\/div>\n\n\n\n<div class=\"wp-block-group is-layout-flow wp-block-group-is-layout-flow\" style=\"padding-bottom:60px\">\n<h3 class=\"wp-block-heading has-text-align-center has-padding-top\">Diese Bauunternehmen nutzen unsere Sicherheitssoftware bereits:<\/h3>\n\n\n\n<div class=\"wp-block-group is-content-justification-center is-layout-flex wp-container-core-group-is-layout-b02886af wp-block-group-is-layout-flex\">\n<figure class=\"wp-block-image size-full VWlogos\"><a href=\"https:\/\/www.tbi.nl\/home\"><img loading=\"lazy\" decoding=\"async\" width=\"150\" height=\"100\" src=\"https:\/\/veiligwerk.net\/wp-content\/uploads\/sites\/5\/2022\/09\/logo-tbi.jpg\" alt=\"TBI\" class=\"wp-image-1453\" title=\"TBI\" \/><\/a><\/figure>\n\n\n\n<figure class=\"wp-block-image size-full VWlogos\"><a href=\"https:\/\/www.heijmans.nl\/nl\/\"><img loading=\"lazy\" decoding=\"async\" width=\"150\" height=\"100\" src=\"https:\/\/veiligwerk.net\/wp-content\/uploads\/sites\/5\/2022\/09\/logo-heijmans.jpg\" alt=\"Heijmans\" class=\"wp-image-1451\" title=\"Heijmans\" \/><\/a><\/figure>\n\n\n\n<figure class=\"wp-block-image size-full VWlogos\"><a href=\"https:\/\/struktonciviel.nl\"><img decoding=\"async\" src=\"https:\/\/veiligwerk.net\/wp-content\/uploads\/sites\/5\/2022\/12\/logo-strukton-civiel.png\" alt=\"Strukton Civiel\" class=\"wp-image-2628\" title=\"Strukton Civiel\" \/><\/a><\/figure>\n\n\n\n<figure class=\"wp-block-image size-full is-resized VWlogos\"><a href=\"https:\/\/www.spie.com\/fr\/spie-france\"><img decoding=\"async\" src=\"https:\/\/safetyfirst.app\/fr\/wp-content\/uploads\/sites\/6\/2023\/01\/logo-spie.svg\" alt=\"Spie\" class=\"wp-image-2969\" style=\"width:150px\" title=\"VB Groep\" \/><\/a><\/figure>\n\n\n\n<figure class=\"wp-block-image size-full VWlogos\"><a href=\"https:\/\/www.vanwijnen.nl\"><img loading=\"lazy\" decoding=\"async\" width=\"150\" height=\"100\" src=\"https:\/\/veiligwerk.net\/wp-content\/uploads\/sites\/5\/2022\/09\/logo-vanwijnen.webp\" alt=\"Van Wijnen\" class=\"wp-image-1420\" title=\"Van Wijnen\" \/><\/a><\/figure>\n\n\n\n<figure class=\"wp-block-image size-full VWlogos\"><a href=\"https:\/\/www.duravermeer.nl\"><img loading=\"lazy\" decoding=\"async\" width=\"200\" height=\"100\" src=\"https:\/\/veiligwerk.net\/wp-content\/uploads\/sites\/5\/2022\/09\/logo-duravermeer.jpg\" alt=\"Dura Vermeer\" class=\"wp-image-1417\" title=\"Dura Vermeer\" \/><\/a><\/figure>\n\n\n\n<figure class=\"wp-block-image size-full VWlogos\"><a href=\"https:\/\/apkgroup.eu\/en\/\"><img loading=\"lazy\" decoding=\"async\" width=\"100\" height=\"100\" src=\"https:\/\/veiligwerk.net\/wp-content\/uploads\/sites\/5\/2022\/10\/logo-apk.webp\" alt=\"APK Group\" class=\"wp-image-1894\" title=\"APK Group\" \/><\/a><\/figure>\n\n\n\n<figure class=\"wp-block-image size-full VWlogos\"><a href=\"https:\/\/www.aertssen.be\"><img loading=\"lazy\" decoding=\"async\" width=\"130\" height=\"100\" src=\"https:\/\/veiligwerk.net\/wp-content\/uploads\/sites\/5\/2022\/09\/logo-aertssen.jpg\" alt=\"Aertssen\" class=\"wp-image-1442\" title=\"Aertssen\" \/><\/a><\/figure>\n<\/div>\n<\/div>\n","protected":false},"excerpt":{"rendered":"<p>Branchen Gew\u00e4hrleisten Sie mit der EHS-Software SafetyFirst Arbeitssicherheit und Rechtssicherheit f\u00fcr Ihr Unternehmen. Mit unserer Plattform managen Sie Begehungen, Inspektionen, Schulungen, die Meldung von Vorf\u00e4llen, den Informationsfluss an Ihre Mitarbeiter und schaffen Compliance. Sicherheitssoftware f\u00fcr die Bau- &amp; Facility-Industrie F\u00fcr Bauunternehmen ist die Sicherheit der Mitarbeiter eines der Hauptwerte in der Organisation. Das Schaffen einer [&hellip;]<\/p>\n","protected":false},"author":2,"featured_media":0,"parent":0,"menu_order":0,"comment_status":"closed","ping_status":"closed","template":"","meta":{"footnotes":""},"class_list":["post-1870","page","type-page","status-publish","hentry"],"_links":{"self":[{"href":"https:\/\/safetyfirst.app\/de\/wp-json\/wp\/v2\/pages\/1870","targetHints":{"allow":["GET"]}}],"collection":[{"href":"https:\/\/safetyfirst.app\/de\/wp-json\/wp\/v2\/pages"}],"about":[{"href":"https:\/\/safetyfirst.app\/de\/wp-json\/wp\/v2\/types\/page"}],"author":[{"embeddable":true,"href":"https:\/\/safetyfirst.app\/de\/wp-json\/wp\/v2\/users\/2"}],"replies":[{"embeddable":true,"href":"https:\/\/safetyfirst.app\/de\/wp-json\/wp\/v2\/comments?post=1870"}],"version-history":[{"count":53,"href":"https:\/\/safetyfirst.app\/de\/wp-json\/wp\/v2\/pages\/1870\/revisions"}],"predecessor-version":[{"id":2976,"href":"https:\/\/safetyfirst.app\/de\/wp-json\/wp\/v2\/pages\/1870\/revisions\/2976"}],"wp:attachment":[{"href":"https:\/\/safetyfirst.app\/de\/wp-json\/wp\/v2\/media?parent=1870"}],"curies":[{"name":"wp","href":"https:\/\/api.w.org\/{rel}","templated":true}]}}