{"id":1794,"date":"2022-10-11T16:04:01","date_gmt":"2022-10-11T16:04:01","guid":{"rendered":"https:\/\/network2innovate.com\/veiligwerk1\/?page_id=1794"},"modified":"2025-09-15T13:27:06","modified_gmt":"2025-09-15T13:27:06","slug":"ressourcen","status":"publish","type":"page","link":"https:\/\/safetyfirst.app\/de\/ressourcen\/","title":{"rendered":"Ressourcen"},"content":{"rendered":"\n<div class=\"wp-block-cover alignfull coverVW coverVW_regular\"><img loading=\"lazy\" decoding=\"async\" width=\"1024\" height=\"605\" class=\"wp-block-cover__image-background wp-image-2754\" alt=\"\" src=\"https:\/\/safetyfirst.app\/de\/wp-content\/uploads\/sites\/4\/2022\/12\/banner-tutorials.png\" style=\"object-position:50% 35%\" data-object-fit=\"cover\" data-object-position=\"50% 35%\" srcset=\"https:\/\/safetyfirst.app\/de\/wp-content\/uploads\/sites\/4\/2022\/12\/banner-tutorials.png 1024w, https:\/\/safetyfirst.app\/de\/wp-content\/uploads\/sites\/4\/2022\/12\/banner-tutorials-300x177.png 300w, https:\/\/safetyfirst.app\/de\/wp-content\/uploads\/sites\/4\/2022\/12\/banner-tutorials-768x454.png 768w\" sizes=\"auto, (max-width: 1024px) 100vw, 1024px\" \/><span aria-hidden=\"true\" class=\"wp-block-cover__background has-background-dim-60 has-background-dim\"><\/span><div class=\"wp-block-cover__inner-container is-layout-flow wp-block-cover-is-layout-flow\">\n<div class=\"wp-block-group is-layout-constrained wp-block-group-is-layout-constrained\">\n<div style=\"margin-top:0;margin-bottom:0;height:24px\" aria-hidden=\"true\" class=\"wp-block-spacer\"><\/div>\n\n\n\n<h2 class=\"wp-block-heading has-text-align-center\">Erhalten Sie einen Einblick in die Funktionsweise der <mark class=\"has-inline-color has-vw-yellow-text-color\">Safety<\/mark>First-App.<\/h2>\n<\/div>\n\n\n\n<p class=\"has-text-align-center has-background-color has-text-color\">Das Erstellen, Teilen und Bearbeiten von Berichten und gef\u00e4hrlichen Situationen noch nie so einfach.Diese Videos zeigen Ihnen nur eines der vielen Module, die unsere Plattform bietet.<br><\/p>\n\n\n\n<div style=\"height:30px\" aria-hidden=\"true\" class=\"wp-block-spacer\"><\/div>\n\n\n\n<div class=\"wp-block-buttons is-content-justification-center is-layout-flex wp-container-core-buttons-is-layout-a89b3969 wp-block-buttons-is-layout-flex\">\n<div class=\"wp-block-button\"><a class=\"wp-block-button__link has-vw-yellow-background-color has-background wp-element-button\" href=\"https:\/\/safetyfirst.app\/de\/online_demo\/\">Demo anfordern<\/a><\/div>\n<\/div>\n<\/div><\/div>\n\n\n\n<div class=\"wp-block-group alignfull has-primary-background-color has-background is-vertical is-layout-flex wp-container-core-group-is-layout-16b6c07a wp-block-group-is-layout-flex\" style=\"margin-top:0px\">\n<div class=\"wp-block-columns is-layout-flex wp-container-core-columns-is-layout-28f84493 wp-block-columns-is-layout-flex\">\n<div class=\"wp-block-column breadcrumb is-layout-flow wp-block-column-is-layout-flow\"><h1 style=\"font-style:normal;font-weight:600;\" class=\"wp-block-post-title has-text-color has-background-color has-big-font-size\">Ressourcen<\/h1><\/div>\n<\/div>\n<\/div>\n\n\n\n<h2 class=\"wp-block-heading has-padding-top\"><strong>Wie man eine Meldung macht:<\/strong><\/h2>\n\n\n\n<div class=\"wp-block-columns is-layout-flex wp-container-core-columns-is-layout-28f84493 wp-block-columns-is-layout-flex\">\n<div class=\"wp-block-column has-vw-yellow-background-color has-background is-layout-flow wp-block-column-is-layout-flow\" style=\"padding-top:2em;padding-right:2em;padding-bottom:2em;padding-left:2em\">\n<figure class=\"wp-block-video\"><video controls poster=\"https:\/\/safetyfirst.app\/de\/wp-content\/uploads\/sites\/4\/2022\/12\/video-ReportSituation.jpg\" src=\"https:\/\/files.veiligwerk.net\/b0215cb0-b7ff-11ea-8cb5-d106a93d3657\/63a2f4398050c10596f1dd32\/01%20Report%20a%20situation.mp4\" playsinline><\/video><figcaption class=\"wp-element-caption\">Erstellen Sie einen neuen Bericht<\/figcaption><\/figure>\n\n\n\n<p>Es war noch nie so einfach, einen Bericht zu erhalten<\/p>\n<\/div>\n\n\n\n<div class=\"wp-block-column has-vw-yellow-background-color has-background is-layout-flow wp-block-column-is-layout-flow\" style=\"padding-top:2em;padding-right:2em;padding-bottom:2em;padding-left:2em\">\n<figure class=\"wp-block-video\"><video controls poster=\"https:\/\/safetyfirst.app\/de\/wp-content\/uploads\/sites\/4\/2022\/12\/video-ReceiveReport.jpg\" src=\"https:\/\/files.veiligwerk.net\/b0215cb0-b7ff-11ea-8cb5-d106a93d3657\/63a2f70a8050c10596f1dd3d\/02%20Receive%20a%20report.mp4\" playsinline><\/video><figcaption class=\"wp-element-caption\">Erhalten Sie einen Bericht<\/figcaption><\/figure>\n\n\n\n<p>Als Verantwortlicher direkt eine Meldung erhalten<\/p>\n<\/div>\n\n\n\n<div class=\"wp-block-column has-vw-yellow-background-color has-background is-layout-flow wp-block-column-is-layout-flow\" style=\"padding-top:2em;padding-right:2em;padding-bottom:2em;padding-left:2em\">\n<figure class=\"wp-block-video\"><video controls poster=\"https:\/\/safetyfirst.app\/de\/wp-content\/uploads\/sites\/4\/2022\/12\/video_CreateTask.jpg\" src=\"https:\/\/files.veiligwerk.net\/b0215cb0-b7ff-11ea-8cb5-d106a93d3657\/63a2f2c88050c10596f1dcfa\/04%20Create%20a%20task.mp4\" playsinline><\/video><figcaption class=\"wp-element-caption\">Erstellen Sie eine Aufgabe<\/figcaption><\/figure>\n\n\n\n<p>Senden Sie eine Aufgabe, um eine unsichere Situation zu l\u00f6sen<\/p>\n<\/div>\n<\/div>\n\n\n\n<h2 class=\"wp-block-heading has-text-align-right has-padding-top\"><strong><strong>Wie man eine Begehung durchf\u00fchrt:<\/strong><\/strong><\/h2>\n\n\n\n<div class=\"wp-block-columns is-layout-flex wp-container-core-columns-is-layout-28f84493 wp-block-columns-is-layout-flex\">\n<div class=\"wp-block-column has-primary-background-color has-background is-layout-flow wp-block-column-is-layout-flow\" style=\"padding-top:2em;padding-right:2em;padding-bottom:2em;padding-left:2em\">\n<figure class=\"wp-block-video\"><video controls poster=\"https:\/\/safetyfirst.app\/de\/wp-content\/uploads\/sites\/4\/2022\/12\/video_PerformInspection.jpg\" preload=\"auto\" src=\"https:\/\/files.veiligwerk.net\/b0215cb0-b7ff-11ea-8cb5-d106a93d3657\/63a2f2f08050c10596f1dd03\/06%20Perform%20an%20inspection.mp4\" playsinline><\/video><figcaption class=\"wp-element-caption\"><mark class=\"has-inline-color has-vw-yellow-text-color\">F\u00fchren Sie eine Inspektion durch<\/mark><\/figcaption><\/figure>\n\n\n\n<p class=\"has-background-color has-text-color\">F\u00fchren Sie eine vollst\u00e4ndige und detaillierte Inspektion durch<\/p>\n<\/div>\n\n\n\n<div class=\"wp-block-column has-primary-background-color has-background is-layout-flow wp-block-column-is-layout-flow\" style=\"padding-top:2em;padding-right:2em;padding-bottom:2em;padding-left:2em\">\n<figure class=\"wp-block-video\"><video controls poster=\"https:\/\/safetyfirst.app\/de\/wp-content\/uploads\/sites\/4\/2022\/12\/video_TaskInspection.jpg\" src=\"https:\/\/files.veiligwerk.net\/b0215cb0-b7ff-11ea-8cb5-d106a93d3657\/63a2f32f8050c10596f1dd11\/07%20Create%20a%20task%20from%20inspection.mp4\" playsinline><\/video><figcaption class=\"wp-element-caption\"><mark class=\"has-inline-color has-vw-yellow-text-color\">Erstellen Sie eine Aufgabe aus einer Inspektion<\/mark><\/figcaption><\/figure>\n\n\n\n<p class=\"has-background-color has-text-color\">W\u00e4hrend einer Inspektion ist es m\u00f6glich, Aufgaben zu erstellen, die mit einer Inspektion verkn\u00fcpft sind<\/p>\n<\/div>\n\n\n\n<div class=\"wp-block-column has-primary-background-color has-background is-layout-flow wp-block-column-is-layout-flow\" style=\"padding-top:2em;padding-right:2em;padding-bottom:2em;padding-left:2em\">\n<figure class=\"wp-block-video\"><video controls poster=\"https:\/\/safetyfirst.app\/de\/wp-content\/uploads\/sites\/4\/2022\/12\/video_ReportInspection.jpg\" src=\"https:\/\/files.veiligwerk.net\/b0215cb0-b7ff-11ea-8cb5-d106a93d3657\/63a2f3538050c10596f1dd23\/08%20Report%20a%20situation%20from%20an%20inspection.mp4\" playsinline><\/video><figcaption class=\"wp-element-caption\"><mark class=\"has-inline-color has-vw-yellow-text-color\">Erstellen Sie einen Bericht aus einer Inspektion<\/mark><\/figcaption><\/figure>\n\n\n\n<p class=\"has-background-color has-text-color\">W\u00e4hrend einer Inspektion ist es m\u00f6glich, mit einer Inspektion verkn\u00fcpfte Berichte zu erstellen<\/p>\n<\/div>\n<\/div>\n\n\n\n<h2 class=\"wp-block-heading has-text-align-right has-padding-top\"><strong><strong> <\/strong><\/strong><\/h2>\n\n\n\n<div class=\"wp-block-group alignwide is-layout-constrained wp-block-group-is-layout-constrained\">\n<p><\/p>\n<\/div>\n","protected":false},"excerpt":{"rendered":"<p>Wie man eine Meldung macht: Es war noch nie so einfach, einen Bericht zu erhalten Als Verantwortlicher direkt eine Meldung erhalten Senden Sie eine Aufgabe, um eine unsichere Situation zu l\u00f6sen Wie man eine Begehung durchf\u00fchrt: F\u00fchren Sie eine vollst\u00e4ndige und detaillierte Inspektion durch W\u00e4hrend einer Inspektion ist es m\u00f6glich, Aufgaben zu erstellen, die mit [&hellip;]<\/p>\n","protected":false},"author":2,"featured_media":0,"parent":0,"menu_order":0,"comment_status":"closed","ping_status":"closed","template":"","meta":{"footnotes":""},"class_list":["post-1794","page","type-page","status-publish","hentry"],"_links":{"self":[{"href":"https:\/\/safetyfirst.app\/de\/wp-json\/wp\/v2\/pages\/1794","targetHints":{"allow":["GET"]}}],"collection":[{"href":"https:\/\/safetyfirst.app\/de\/wp-json\/wp\/v2\/pages"}],"about":[{"href":"https:\/\/safetyfirst.app\/de\/wp-json\/wp\/v2\/types\/page"}],"author":[{"embeddable":true,"href":"https:\/\/safetyfirst.app\/de\/wp-json\/wp\/v2\/users\/2"}],"replies":[{"embeddable":true,"href":"https:\/\/safetyfirst.app\/de\/wp-json\/wp\/v2\/comments?post=1794"}],"version-history":[{"count":36,"href":"https:\/\/safetyfirst.app\/de\/wp-json\/wp\/v2\/pages\/1794\/revisions"}],"predecessor-version":[{"id":2981,"href":"https:\/\/safetyfirst.app\/de\/wp-json\/wp\/v2\/pages\/1794\/revisions\/2981"}],"wp:attachment":[{"href":"https:\/\/safetyfirst.app\/de\/wp-json\/wp\/v2\/media?parent=1794"}],"curies":[{"name":"wp","href":"https:\/\/api.w.org\/{rel}","templated":true}]}}