{"id":1687,"date":"2022-10-04T11:50:20","date_gmt":"2022-10-04T11:50:20","guid":{"rendered":"https:\/\/tony.werkveilig.net\/de\/?page_id=55"},"modified":"2025-09-15T13:18:11","modified_gmt":"2025-09-15T13:18:11","slug":"plattform","status":"publish","type":"page","link":"https:\/\/safetyfirst.app\/de\/plattform\/","title":{"rendered":"Plattform"},"content":{"rendered":"\n<div class=\"wp-block-cover alignfull is-light coverVW coverVW_regular\"><img loading=\"lazy\" decoding=\"async\" width=\"1024\" height=\"683\" class=\"wp-block-cover__image-background wp-image-2697\" alt=\"\" src=\"https:\/\/safetyfirst.app\/de\/wp-content\/uploads\/sites\/4\/2022\/12\/platform-banner-DE.png\" data-object-fit=\"cover\" srcset=\"https:\/\/safetyfirst.app\/de\/wp-content\/uploads\/sites\/4\/2022\/12\/platform-banner-DE.png 1024w, https:\/\/safetyfirst.app\/de\/wp-content\/uploads\/sites\/4\/2022\/12\/platform-banner-DE-300x200.png 300w, https:\/\/safetyfirst.app\/de\/wp-content\/uploads\/sites\/4\/2022\/12\/platform-banner-DE-768x512.png 768w\" sizes=\"auto, (max-width: 1024px) 100vw, 1024px\" \/><span aria-hidden=\"true\" class=\"wp-block-cover__background has-background-dim\"><\/span><div class=\"wp-block-cover__inner-container is-layout-flow wp-block-cover-is-layout-flow\">\n<div class=\"wp-block-group is-layout-flow wp-block-group-is-layout-flow\">\n<div style=\"height:24px\" aria-hidden=\"true\" class=\"wp-block-spacer\"><\/div>\n\n\n\n<p><\/p>\n\n\n\n<h2 class=\"wp-block-heading has-text-align-center\"><mark class=\"has-inline-color has-vw-yellow-text-color\">Safety<\/mark><mark class=\"has-inline-color has-background-color\">First die auf Ihr Unternehmen zugeschnittene Risiko-Software<\/mark><\/h2>\n<\/div>\n\n\n\n<p class=\"has-text-align-center\"><mark class=\"has-inline-color has-background-color\">Von Vorfallmeldung \u00fcber Inspektionen bis hin zu Compliance<br>Nutzen Sie unsere gro\u00dfe Auswahl an Modulen oder konfigurieren Sie sie nach Ihrem Bedarf<\/mark><\/p>\n\n\n\n<div class=\"wp-block-buttons is-content-justification-center is-layout-flex wp-container-core-buttons-is-layout-a89b3969 wp-block-buttons-is-layout-flex\">\n<div class=\"wp-block-button\"><a class=\"wp-block-button__link has-vw-yellow-background-color has-background wp-element-button\" href=\"https:\/\/safetyfirst.app\/de\/online_demo\/\">Demo anfordern<\/a><\/div>\n<\/div>\n\n\n\n<p class=\"has-text-align-center has-background-color has-text-color\">.<\/p>\n<\/div><\/div>\n\n\n\n<div class=\"wp-block-group alignfull has-primary-background-color has-background is-vertical is-layout-flex wp-container-core-group-is-layout-16b6c07a wp-block-group-is-layout-flex\" style=\"margin-top:0px\">\n<div class=\"wp-block-columns is-layout-flex wp-container-core-columns-is-layout-28f84493 wp-block-columns-is-layout-flex\">\n<div class=\"wp-block-column breadcrumb is-layout-flow wp-block-column-is-layout-flow\"><h1 style=\"font-style:normal;font-weight:600;\" class=\"wp-block-post-title has-text-color has-background-color has-big-font-size\">Plattform<\/h1><\/div>\n<\/div>\n<\/div>\n\n\n\n<div class=\"wp-block-group is-content-justification-space-between is-nowrap is-layout-flex wp-container-core-group-is-layout-cb46ffcb wp-block-group-is-layout-flex\">\n<div class=\"wp-block-group is-layout-flow wp-container-core-group-is-layout-144a2408 wp-block-group-is-layout-flow\" style=\"padding-top:30px;padding-bottom:30px\">\n<div class=\"wp-block-columns is-layout-flex wp-container-core-columns-is-layout-28f84493 wp-block-columns-is-layout-flex\">\n<div class=\"wp-block-column is-vertically-aligned-center is-layout-constrained wp-block-column-is-layout-constrained\" style=\"flex-basis:38%\">\n<h3 class=\"wp-block-heading\" style=\"margin-right:20px;margin-bottom:40px\">Mit <mark class=\"has-inline-color has-vw-yellow-text-color\">Safety<\/mark>First k\u00f6nnen Ihre Mitarbeiter<\/h3>\n<\/div>\n\n\n\n<div class=\"wp-block-column is-layout-flow wp-block-column-is-layout-flow\" style=\"flex-basis:1.5%\"><\/div>\n\n\n\n<div class=\"wp-block-column is-layout-flow wp-block-column-is-layout-flow\" style=\"flex-basis:20%\">\n<div class=\"wp-block-media-text alignwide\" style=\"grid-template-columns:15% auto\"><figure class=\"wp-block-media-text__media\"><img decoding=\"async\" src=\"https:\/\/safetyfirst.app\/de\/wp-content\/uploads\/sites\/4\/2022\/10\/orange-cog.svg\" alt=\"\" class=\"wp-image-1769 size-full\" \/><\/figure><div class=\"wp-block-media-text__content\">\n<p>Fortlaufend \u00fcber Arbeitssicherheit kommunizieren<\/p>\n<\/div><\/div>\n\n\n\n<div class=\"wp-block-media-text alignwide\" style=\"grid-template-columns:15% auto\"><figure class=\"wp-block-media-text__media\"><img decoding=\"async\" src=\"https:\/\/safetyfirst.app\/de\/wp-content\/uploads\/sites\/4\/2022\/10\/cog.svg\" alt=\"\" class=\"wp-image-1768 size-full\" \/><\/figure><div class=\"wp-block-media-text__content\">\n<p>Auf alle verf\u00fcgbaren Dokumente \u00fcber Sicherheit<br>zugreifen<\/p>\n<\/div><\/div>\n<\/div>\n\n\n\n<div class=\"wp-block-column is-layout-flow wp-block-column-is-layout-flow\" style=\"flex-basis:20%\">\n<div class=\"wp-block-media-text alignwide\" style=\"grid-template-columns:15% auto\"><figure class=\"wp-block-media-text__media\"><img decoding=\"async\" src=\"https:\/\/safetyfirst.app\/de\/wp-content\/uploads\/sites\/4\/2022\/10\/cog.svg\" alt=\"\" class=\"wp-image-1768 size-full\" \/><\/figure><div class=\"wp-block-media-text__content\">\n<p>Benachrichtigungen erhalten<br><\/p>\n<\/div><\/div>\n\n\n\n<div class=\"wp-block-media-text alignwide\" style=\"grid-template-columns:15% auto\"><figure class=\"wp-block-media-text__media\"><img decoding=\"async\" src=\"https:\/\/safetyfirst.app\/de\/wp-content\/uploads\/sites\/4\/2022\/10\/orange-cog.svg\" alt=\"\" class=\"wp-image-1769 size-full\" \/><\/figure><div class=\"wp-block-media-text__content\">\n<p>Unsichere Situationen und andere Vorf\u00e4lle melden\u200b<\/p>\n<\/div><\/div>\n<\/div>\n\n\n\n<div class=\"wp-block-column is-layout-flow wp-block-column-is-layout-flow\" style=\"flex-basis:20%\">\n<div class=\"wp-block-media-text alignwide\" style=\"grid-template-columns:15% auto\"><figure class=\"wp-block-media-text__media\"><img decoding=\"async\" src=\"https:\/\/safetyfirst.app\/de\/wp-content\/uploads\/sites\/4\/2022\/10\/orange-cog.svg\" alt=\"\" class=\"wp-image-1769 size-full\" \/><\/figure><div class=\"wp-block-media-text__content\">\n<p>Die Plattform auf Android, iOS oder im Web nutzen <\/p>\n<\/div><\/div>\n\n\n\n<div class=\"wp-block-media-text alignwide\" style=\"grid-template-columns:15% auto\"><figure class=\"wp-block-media-text__media\"><img decoding=\"async\" src=\"https:\/\/safetyfirst.app\/de\/wp-content\/uploads\/sites\/4\/2022\/10\/cog.svg\" alt=\"\" class=\"wp-image-1768 size-full\" \/><\/figure><div class=\"wp-block-media-text__content\">\n<p>Die von ihnen selbst gemeldeten Situationen nachverfolgen<\/p>\n<\/div><\/div>\n<\/div>\n<\/div>\n<\/div>\n<\/div>\n\n\n\n<div class=\"wp-block-group alignfull has-tertiary-background-color has-background is-layout-flow wp-block-group-is-layout-flow\" style=\"padding-top:60px;padding-bottom:40px\">\n<div class=\"wp-block-group is-layout-flow wp-block-group-is-layout-flow\">\n<div class=\"wp-block-columns is-layout-flex wp-container-core-columns-is-layout-28f84493 wp-block-columns-is-layout-flex\">\n<div class=\"wp-block-column is-vertically-aligned-center is-layout-flow wp-block-column-is-layout-flow\" style=\"flex-basis:40%\">\n<figure class=\"wp-block-image aligncenter\"><img loading=\"lazy\" decoding=\"async\" width=\"414\" height=\"242\" src=\"https:\/\/safetyfirst.app\/de\/wp-content\/uploads\/sites\/4\/2022\/10\/statistics-1.png\" alt=\"statistics\" class=\"wp-image-1765\" srcset=\"https:\/\/safetyfirst.app\/de\/wp-content\/uploads\/sites\/4\/2022\/10\/statistics-1.png 414w, https:\/\/safetyfirst.app\/de\/wp-content\/uploads\/sites\/4\/2022\/10\/statistics-1-300x175.png 300w\" sizes=\"auto, (max-width: 414px) 100vw, 414px\" \/><\/figure>\n<\/div>\n\n\n\n<div class=\"wp-block-column is-layout-flow wp-block-column-is-layout-flow\" style=\"flex-basis:60%\">\n<h3 class=\"wp-block-heading\">Auswertungen sichern Ihnen die Kontrolle \u00fcber Ihre <mark style=\"background-color:rgba(0, 0, 0, 0)\" class=\"has-inline-color has-vw-yellow-text-color\">Prozesse<\/mark><\/h3>\n\n\n\n<ul class=\"vwList wp-block-list\"><li>Statisiken gegliedert nach Gesch\u00e4ftseinheit, Standort, Projekt und Zeitraum<\/li><li>Topografische Unterscheidungen durch detaillierte Karten<\/li><li>Welche Sicherheitsdokumente kommen an? Wer hat sie benutzt? Wie oft wurden sie benutzt?<\/li><li>Wie oft wird welches Modul benutzt?<\/li><\/ul>\n\n\n\n<p><\/p>\n<\/div>\n<\/div>\n<\/div>\n<\/div>\n\n\n\n<h2 class=\"wp-block-heading has-text-align-center has-padding-top\" style=\"margin-bottom:40px\">Nutzen Sie zus\u00e4tzliche App-<mark class=\"has-inline-color has-vw-yellow-text-color\">Module<\/mark>, um Ihre <mark class=\"has-inline-color has-vw-yellow-text-color\">Sicherheits<\/mark>-, Risiko- und Compliance-Prozesse weiter zu optimieren.<\/h2>\n\n\n\n<div class=\"wp-block-group is-layout-constrained wp-block-group-is-layout-constrained\">\n<div class=\"wp-block-columns is-layout-flex wp-container-core-columns-is-layout-28f84493 wp-block-columns-is-layout-flex\">\n<div class=\"wp-block-column service-details is-layout-flow wp-block-column-is-layout-flow\" style=\"flex-basis:20%\">\n<div class=\"wp-block-columns is-layout-flex wp-container-core-columns-is-layout-28f84493 wp-block-columns-is-layout-flex\">\n<div class=\"wp-block-column is-layout-flow wp-block-column-is-layout-flow\" style=\"flex-basis:100%\">\n<div class=\"wp-block-group service-icon is-layout-flow wp-block-group-is-layout-flow\">\n<figure class=\"wp-block-image size-full svgBox\"><img decoding=\"async\" src=\"https:\/\/safetyfirst.app\/de\/wp-content\/uploads\/sites\/4\/2022\/10\/createsafetyinfo.svg\" alt=\"\" class=\"wp-image-1911\" \/><\/figure>\n\n\n\n<h4 class=\"wp-block-heading has-text-align-center\">Erstellen und Verwalten von Dokumenten rund um Sichterheit<\/h4>\n<\/div>\n\n\n\n<div class=\"wp-block-columns is-layout-flex wp-container-core-columns-is-layout-28f84493 wp-block-columns-is-layout-flex\">\n<div class=\"wp-block-column is-layout-flow wp-block-column-is-layout-flow\" style=\"flex-basis:100%\">\n<div class=\"wp-block-group service-hover is-layout-flow wp-block-group-is-layout-flow\">\n<h4 class=\"wp-block-heading has-text-align-center has-vw-yellow-text-color has-text-color\">Erstellen und Verwalten von Sicherheitsinformationen<\/h4>\n\n\n\n<p class=\"has-text-align-center has-small-font-size\">F\u00fcgen Sie m\u00fchelos Unternehmensrichtlinien, Toolboxes oder Sicherheitsanweisungen hinzu<\/p>\n<\/div>\n<\/div>\n<\/div>\n<\/div>\n<\/div>\n<\/div>\n\n\n\n<div class=\"wp-block-column service-details is-layout-flow wp-block-column-is-layout-flow\" style=\"flex-basis:20%\">\n<div class=\"wp-block-group service-icon is-layout-flow wp-block-group-is-layout-flow\">\n<figure class=\"wp-block-image size-full svgBox\"><img decoding=\"async\" src=\"https:\/\/safetyfirst.app\/de\/wp-content\/uploads\/sites\/4\/2022\/10\/inspection.svg\" alt=\"\" class=\"wp-image-1927\" \/><\/figure>\n\n\n\n<h4 class=\"wp-block-heading has-text-align-center\">Checklisten f\u00fcr Begehungen und Inspektionen, die auch benutzt werden<\/h4>\n<\/div>\n\n\n\n<div class=\"wp-block-group service-hover is-layout-flow wp-block-group-is-layout-flow\">\n<h4 class=\"wp-block-heading has-text-align-center has-vw-yellow-text-color has-text-color\">Checklisten f\u00fcr Begehungen und Inspektionen, die auch benutzt werden<\/h4>\n\n\n\n<p class=\"has-text-align-center has-small-font-size\">Erstellen, Zuweisen und Planen von Checklisten und Formbl\u00e4ttern <\/p>\n<\/div>\n<\/div>\n\n\n\n<div class=\"wp-block-column service-details is-layout-flow wp-block-column-is-layout-flow\" style=\"flex-basis:20%\">\n<div class=\"wp-block-group service-icon is-layout-flow wp-block-group-is-layout-flow\">\n<figure class=\"wp-block-image size-full svgBox\"><img decoding=\"async\" src=\"https:\/\/safetyfirst.app\/de\/wp-content\/uploads\/sites\/4\/2022\/10\/trackmanage.svg\" alt=\"\" class=\"wp-image-1929\" \/><\/figure>\n\n\n\n<h4 class=\"wp-block-heading has-text-align-center\">Management von Berechtigungen f\u00fcr Mitarbeiter<\/h4>\n<\/div>\n\n\n\n<div class=\"wp-block-group service-hover is-layout-flow wp-block-group-is-layout-flow\">\n<h4 class=\"wp-block-heading has-text-align-center has-vw-yellow-text-color has-text-color\">Management von Berechtigungen f\u00fcr Mitarbeiter<\/h4>\n\n\n\n<p class=\"has-text-align-center has-small-font-size\">Vergeben Sie die (Zugangs-)Berechtigungen<\/p>\n<\/div>\n<\/div>\n\n\n\n<div class=\"wp-block-column service-details is-layout-flow wp-block-column-is-layout-flow\" style=\"flex-basis:20%\">\n<div class=\"wp-block-group service-icon is-layout-flow wp-block-group-is-layout-flow\">\n<figure class=\"wp-block-image size-full svgBox\"><img decoding=\"async\" src=\"https:\/\/safetyfirst.app\/de\/wp-content\/uploads\/sites\/4\/2022\/10\/qr-code.svg\" alt=\"\" class=\"wp-image-1930\" \/><\/figure>\n\n\n\n<h4 class=\"wp-block-heading has-text-align-center\">Information und Nachweisf\u00fchrung per QR-Code<\/h4>\n<\/div>\n\n\n\n<div class=\"wp-block-group service-hover is-layout-flow wp-block-group-is-layout-flow\">\n<h4 class=\"wp-block-heading has-text-align-center has-vw-yellow-text-color has-text-color\">Information und Nachweisf\u00fchrung per QR-Code<\/h4>\n\n\n\n<p class=\"has-text-align-center has-small-font-size\">Nutzen Sie QR-Codes, um Informationen schnell und einfach anzuzeigen und um einen Schulungsnachweis zu erhalten<\/p>\n<\/div>\n<\/div>\n\n\n\n<div class=\"wp-block-column service-details is-layout-flow wp-block-column-is-layout-flow\" style=\"flex-basis:20%\">\n<div class=\"wp-block-group service-icon is-layout-flow wp-block-group-is-layout-flow\">\n<figure class=\"wp-block-image size-full svgBox\"><img decoding=\"async\" src=\"https:\/\/safetyfirst.app\/de\/wp-content\/uploads\/sites\/4\/2022\/10\/reporting.svg\" alt=\"\" class=\"wp-image-1931\" \/><\/figure>\n\n\n\n<h4 class=\"wp-block-heading has-text-align-center\">Meldung und Verwaltung von Berichten<\/h4>\n<\/div>\n\n\n\n<div class=\"wp-block-group service-hover is-layout-flow wp-block-group-is-layout-flow\">\n<h4 class=\"wp-block-heading has-text-align-center has-vw-yellow-text-color has-text-color\">Meldung und Verwaltung von Berichten<\/h4>\n\n\n\n<p class=\"has-text-align-center has-small-font-size\">Sehen Sie alle ben\u00f6tigten Informationen in unserer Berichts-Plattform<\/p>\n<\/div>\n<\/div>\n<\/div>\n<\/div>\n\n\n\n<div class=\"wp-block-group alignfull vwHomeHatBkg has-primary-background-color has-background has-big-font-size is-content-justification-left is-nowrap is-layout-flex wp-container-core-group-is-layout-a9132a20 wp-block-group-is-layout-flex\" style=\"padding-top:92px;padding-right:92px;padding-bottom:92px;padding-left:92px\">\n<div class=\"wp-block-columns is-layout-flex wp-container-core-columns-is-layout-28f84493 wp-block-columns-is-layout-flex\">\n<div class=\"wp-block-column is-layout-constrained wp-block-column-is-layout-constrained\" style=\"flex-basis:60%\">\n<h3 class=\"wp-block-heading has-background-color has-text-color\">Als <mark class=\"has-inline-color has-vw-yellow-text-color\">Administrator<\/mark> k\u00f6nnen Sie<\/h3>\n\n\n\n<ul class=\"wp-block-list vwList has-background-color has-text-color\">\n<li>Die eingehenden Berichte \u00fcberwachen<\/li>\n\n\n\n<li>Sicherheitsdokumente (Toolboxes, Schulungen, Anweisungen etc.) erstellen<\/li>\n\n\n\n<li>Projekte, Standorte und Gesch\u00e4ftseinheiten managen<\/li>\n\n\n\n<li>Begehungen und Inspektionen erstellen, zuweisen und planen<\/li>\n\n\n\n<li>Nachrichten verfassen und versenden<\/li>\n\n\n\n<li><mark class=\"has-inline-color has-background-color\">Statistiken zu Ihrem Unternehmen erstellen und einsehen<\/mark><\/li>\n<\/ul>\n<\/div>\n\n\n\n<div class=\"wp-block-column is-layout-flow wp-block-column-is-layout-flow\" style=\"flex-basis:33.33%\"><\/div>\n<\/div>\n<\/div>\n\n\n\n<div class=\"wp-block-group alignfull is-content-justification-space-between is-nowrap is-layout-flex wp-container-core-group-is-layout-cb46ffcb wp-block-group-is-layout-flex\">\n<div class=\"wp-block-columns are-vertically-aligned-center is-layout-flex wp-container-core-columns-is-layout-13c65dd4 wp-block-columns-is-layout-flex\" style=\"padding-top:40px;padding-bottom:40px\">\n<div class=\"wp-block-column is-vertically-aligned-center is-layout-flow wp-block-column-is-layout-flow\" style=\"flex-basis:100%\">\n<div class=\"wp-block-columns is-layout-flex wp-container-core-columns-is-layout-28f84493 wp-block-columns-is-layout-flex\">\n<div class=\"wp-block-column is-vertically-aligned-center is-layout-flow wp-block-column-is-layout-flow\" style=\"flex-basis:30%\">\n<figure class=\"wp-block-image aligncenter size-full\"><img loading=\"lazy\" decoding=\"async\" width=\"822\" height=\"676\" src=\"https:\/\/safetyfirst.app\/de\/wp-content\/uploads\/sites\/4\/2022\/10\/tbiveilig_app.png\" alt=\"customised apps\" class=\"wp-image-1790\" srcset=\"https:\/\/safetyfirst.app\/de\/wp-content\/uploads\/sites\/4\/2022\/10\/tbiveilig_app.png 822w, https:\/\/safetyfirst.app\/de\/wp-content\/uploads\/sites\/4\/2022\/10\/tbiveilig_app-300x247.png 300w, https:\/\/safetyfirst.app\/de\/wp-content\/uploads\/sites\/4\/2022\/10\/tbiveilig_app-768x632.png 768w\" sizes=\"auto, (max-width: 822px) 100vw, 822px\" \/><\/figure>\n<\/div>\n\n\n\n<div class=\"wp-block-column is-layout-flow wp-block-column-is-layout-flow\" style=\"flex-basis:1.5%\"><\/div>\n\n\n\n<div class=\"wp-block-column is-vertically-aligned-center is-layout-constrained wp-block-column-is-layout-constrained\" style=\"flex-basis:66.66%\">\n<h3 class=\"wp-block-heading\">Sie h\u00e4tten gern Ihr eigenes <mark class=\"has-inline-color has-vw-yellow-text-color\">Branding<\/mark>?<\/h3>\n\n\n\n<p>Wir stellen die Anwendungen in Ihrem eigenen Look bereit:<\/p>\n\n\n\n<div class=\"wp-block-columns are-vertically-aligned-center is-layout-flex wp-container-core-columns-is-layout-28f84493 wp-block-columns-is-layout-flex\">\n<div class=\"wp-block-column is-vertically-aligned-center is-layout-flow wp-block-column-is-layout-flow\" style=\"flex-basis:33%\">\n<div class=\"wp-block-media-text alignwide is-vertically-aligned-center\" style=\"grid-template-columns:15% auto\"><figure class=\"wp-block-media-text__media\"><img decoding=\"async\" src=\"https:\/\/safetyfirst.app\/de\/wp-content\/uploads\/sites\/4\/2022\/10\/orange-cog.svg\" alt=\"\" class=\"wp-image-1769 size-full\" \/><\/figure><div class=\"wp-block-media-text__content\">\n<p>Ihre Grafiken und Farben<\/p>\n<\/div><\/div>\n<\/div>\n\n\n\n<div class=\"wp-block-column is-vertically-aligned-center is-layout-flow wp-block-column-is-layout-flow\" style=\"flex-basis:33%\">\n<div class=\"wp-block-media-text alignwide is-vertically-aligned-center\" style=\"grid-template-columns:15% auto\"><figure class=\"wp-block-media-text__media\"><img decoding=\"async\" src=\"https:\/\/safetyfirst.app\/de\/wp-content\/uploads\/sites\/4\/2022\/10\/cog.svg\" alt=\"\" class=\"wp-image-1768 size-full\" \/><\/figure><div class=\"wp-block-media-text__content\">\n<p>Ihr Firmenname, Ihre Domain, Einbindung weiterer Apps<\/p>\n<\/div><\/div>\n<\/div>\n\n\n\n<div class=\"wp-block-column is-vertically-aligned-center is-layout-flow wp-block-column-is-layout-flow\" style=\"flex-basis:33%\">\n<div class=\"wp-block-media-text alignwide is-vertically-aligned-center\" style=\"grid-template-columns:15% auto\"><figure class=\"wp-block-media-text__media\"><img decoding=\"async\" src=\"https:\/\/safetyfirst.app\/de\/wp-content\/uploads\/sites\/4\/2022\/10\/orange-cog.svg\" alt=\"\" class=\"wp-image-1769 size-full\" \/><\/figure><div class=\"wp-block-media-text__content\">\n<p>Ihre Dokumente<\/p>\n<\/div><\/div>\n<\/div>\n<\/div>\n<\/div>\n<\/div>\n<\/div>\n<\/div>\n<\/div>\n\n\n\n<div class=\"wp-block-columns is-layout-flex wp-container-core-columns-is-layout-28f84493 wp-block-columns-is-layout-flex\">\n<div class=\"wp-block-column is-layout-flow wp-block-column-is-layout-flow\" style=\"flex-basis:100%\">\n<p>Hier ein Beispiel f\u00fcr ein Firmenbranding: <a href=\"https:\/\/geenongevallen.nl\/?what=language&amp;languageid=de-DE\">geenongevallen.nl<\/a><\/p>\n<\/div>\n<\/div>\n","protected":false},"excerpt":{"rendered":"<p>Mit SafetyFirst k\u00f6nnen Ihre Mitarbeiter Fortlaufend \u00fcber Arbeitssicherheit kommunizieren Auf alle verf\u00fcgbaren Dokumente \u00fcber Sicherheitzugreifen Benachrichtigungen erhalten Unsichere Situationen und andere Vorf\u00e4lle melden\u200b Die Plattform auf Android, iOS oder im Web nutzen Die von ihnen selbst gemeldeten Situationen nachverfolgen Nutzen Sie zus\u00e4tzliche App-Module, um Ihre Sicherheits-, Risiko- und Compliance-Prozesse weiter zu optimieren. Erstellen und Verwalten [&hellip;]<\/p>\n","protected":false},"author":1,"featured_media":0,"parent":0,"menu_order":0,"comment_status":"closed","ping_status":"closed","template":"","meta":{"footnotes":""},"class_list":["post-1687","page","type-page","status-publish","hentry"],"_links":{"self":[{"href":"https:\/\/safetyfirst.app\/de\/wp-json\/wp\/v2\/pages\/1687","targetHints":{"allow":["GET"]}}],"collection":[{"href":"https:\/\/safetyfirst.app\/de\/wp-json\/wp\/v2\/pages"}],"about":[{"href":"https:\/\/safetyfirst.app\/de\/wp-json\/wp\/v2\/types\/page"}],"author":[{"embeddable":true,"href":"https:\/\/safetyfirst.app\/de\/wp-json\/wp\/v2\/users\/1"}],"replies":[{"embeddable":true,"href":"https:\/\/safetyfirst.app\/de\/wp-json\/wp\/v2\/comments?post=1687"}],"version-history":[{"count":75,"href":"https:\/\/safetyfirst.app\/de\/wp-json\/wp\/v2\/pages\/1687\/revisions"}],"predecessor-version":[{"id":2974,"href":"https:\/\/safetyfirst.app\/de\/wp-json\/wp\/v2\/pages\/1687\/revisions\/2974"}],"wp:attachment":[{"href":"https:\/\/safetyfirst.app\/de\/wp-json\/wp\/v2\/media?parent=1687"}],"curies":[{"name":"wp","href":"https:\/\/api.w.org\/{rel}","templated":true}]}}